{"id":1069,"date":"2023-10-17T13:17:08","date_gmt":"2023-10-17T13:17:08","guid":{"rendered":"https:\/\/rwinevietnam.com\/home\/?post_type=product&#038;p=1069"},"modified":"2023-10-17T14:31:55","modified_gmt":"2023-10-17T14:31:55","slug":"ruou-vang-y-blando-primitivo-di-manduria-doc-limited-edition-2","status":"publish","type":"product","link":"https:\/\/rwinevietnam.com\/home\/ruou-vang-y-blando-primitivo-di-manduria-doc-limited-edition-2\/","title":{"rendered":"R\u01b0\u1ee3u Vang \u00dd Blando Primitivo Di Manduria DOC Limited Edition"},"content":{"rendered":"<div class=\"x11i5rnm xat24cr x1mh8g0r x1vvkbs xtlvy1s x126k92a\">\n<div dir=\"auto\">\n<p><em>R\u01b0\u1ee3u vang Blando Primitivo Di Manduria DOC Limited Edition<\/em>\u00a0l\u00e0 d\u00f2ng vang cao c\u1ea5p \u0111\u1ebfn t\u1eeb n\u01b0\u1edbc \u00dd &#8211; \u0111\u1ea5t n\u01b0\u1edbc c\u1ee7a ng\u00f4n t\u1eeb t\u00ecnh y\u00eau. Chai r\u01b0\u1ee3u n\u00e0y \u0111\u1eb7c tr\u01b0ng c\u1ee7a v\u00f9ng Puglia \u0111\u1ea7y n\u1eafng v\u00e0 gi\u00f3, c\u00f3 m\u1ee9c gi\u00e1 ph\u00f9 h\u1ee3p v\u00e0 ch\u1ea5t l\u01b0\u1ee3ng m\u00e0 n\u00f3 mang l\u1ea1i th\u00ec r\u1ea5t x\u1ee9ng \u0111\u00e1ng.<\/p>\n<\/div>\n<p><img loading=\"lazy\" decoding=\"async\" class=\"size-medium wp-image-1071 aligncenter\" src=\"https:\/\/rwinevietnam.com\/home\/wp-content\/uploads\/2023\/10\/Blando2-225x300.jpg\" alt=\"\" width=\"225\" height=\"300\" srcset=\"https:\/\/rwinevietnam.com\/home\/wp-content\/uploads\/2023\/10\/Blando2-225x300.jpg 225w, https:\/\/rwinevietnam.com\/home\/wp-content\/uploads\/2023\/10\/Blando2-768x1024.jpg 768w, https:\/\/rwinevietnam.com\/home\/wp-content\/uploads\/2023\/10\/Blando2-300x400.jpg 300w, https:\/\/rwinevietnam.com\/home\/wp-content\/uploads\/2023\/10\/Blando2-600x800.jpg 600w, https:\/\/rwinevietnam.com\/home\/wp-content\/uploads\/2023\/10\/Blando2.jpg 1080w\" sizes=\"auto, (max-width: 225px) 100vw, 225px\" \/><\/p>\n<div dir=\"auto\">\n<p>Gi\u1ed1ng nho Primitivo l\u00e0 m\u1ed9t gi\u1ed1ng nh\u1ecf n\u1ed5i ti\u1ebfng c\u1ee7a b\u1ea3n \u0111\u1ecba. N\u00f3 n\u1ed5i ti\u1ebfng v\u1edbi m\u00e0u v\u1ecf \u0111en (\u0111\u1ecf s\u1eabm) c\u00f3 v\u1ecb ng\u1ecdt t\u1ef1 nhi\u00ean. M\u00f9i v\u1ecb \u0111\u1eadm \u0111\u00e0 v\u00e0 \u0111\u1eb7c bi\u1ec7t c\u00f3 n\u1ed3ng \u0111\u1ed9 c\u1ed3n cao h\u01a1n so v\u1edbi c\u00e1c gi\u1ed1ng nho kh\u00e1c, th\u1eadm ch\u00ed n\u00f3 c\u00f2n c\u00f3 th\u00eam v\u1ecb ch\u00e1t \u0111\u1eafng. Primitivo t\u1ea1o ra c\u00e1c s\u1ea3n ph\u1ea9m r\u01b0\u1ee3u vang c\u00f3 m\u00e0u s\u1eafc v\u00e0 h\u01b0\u01a1ng v\u1ecb \u0111\u1eadm \u0111\u00e0.<\/p>\n<p>Vang Blando Primitivo Di Manduria c\u00f3 h\u01b0\u01a1ng v\u1ecb \u0111\u1eb7c tr\u01b0ng l\u00e0 m\u00f9i h\u01b0\u01a1ng th\u01a1m d\u1ecbu nh\u1eb9 v\u00e0 m\u01b0\u1ee3t m\u00e0 \u0111\u1ebfn t\u1eeb c\u00e1c lo\u1ea1i hoa qu\u1ea3. G\u1ed3m c\u00f3 h\u01b0\u01a1ng v\u1ecb c\u1ee7a d\u00e2u t\u00e2y, vi\u1ec7t qu\u1ea5t, m\u00e2m x\u00f4i ph\u1ea3ng ph\u1ea5t ch\u00fat h\u01b0\u01a1ng vani thanh l\u1ecbch. R\u01b0\u1ee3u c\u00f3 m\u00e0u \u0111\u1ecf ruby \u00e1nh t\u00edm sang tr\u1ecdng, qu\u00fd ph\u00e1i, ki\u1ec1u di\u1ec5m.<\/p>\n<p>\u0110\u00e2y l\u00e0 chai r\u01b0\u1ee3u vang th\u00e2n thi\u1ec7n v\u1edbi m\u1ecdi lo\u1ea1i th\u1ef1c ph\u1ea9m. V\u1eady n\u00ean, s\u1ef1 k\u1ebft h\u1ee3p l\u00e0 r\u1ea5t \u0111a d\u1ea1ng v\u00e0 kh\u00f4ng gi\u1edbi h\u1ea1n. C\u00e1c m\u00f3n \u0103n c\u1ed5 \u0111i\u1ec3n c\u1ee7a \u00dd th\u01b0\u1eddng l\u00e0 nh\u1eefng l\u1ef1a ch\u1ecdn h\u00e0ng \u0111\u1ea7u th\u01b0\u1edfng th\u1ee9c c\u00f9ng chai r\u01b0\u1ee3u n\u00e0y.<\/p>\n<p>M\u1ed9t s\u1ed1 m\u00f3n \u0103n ph\u1ed5 bi\u1ebfn nh\u01b0 Pizza, m\u1ef3 Spaghetti, th\u1ecbt heo, g\u00e0 n\u01b0\u1edbng. Ho\u1eb7c c\u00e1c m\u00f3n th\u1ecbt \u0111\u1ecf nh\u01b0 b\u00f2 b\u00edt t\u1ebft, th\u1ecbt c\u1eebu h\u1ea7m ho\u1eb7c m\u00f3n th\u1ecbt x\u00f4ng kh\u00f3i c\u0169ng l\u00e0 nh\u1eefng \u0111\u1ed1i t\u00e1c h\u1ee3p l\u00fd.<\/p>\n<p>L\u01b0u \u00fd khi s\u1eed d\u1ee5ng chai r\u01b0\u1ee3u n\u00e0y v\u1edbi c\u00e1c m\u00f3n \u0103n \u0111\u00f3 l\u00e0 n\u00ean \u0103n k\u00e8m v\u1edbi rau h\u00fang qu\u1ebf v\u00e0 h\u1ea1t ti\u00eau. V\u00ec hai gia v\u1ecb n\u00e0y gi\u00fap r\u01b0\u1ee3u b\u1eadt th\u00eam m\u00f9i h\u01b0\u01a1ng d\u1ec5 ch\u1ecbu c\u1ee7a th\u1ea3o m\u1ed9c. Chai vang n\u00e0y \u0111\u01b0\u1ee3c th\u01b0\u1edfng th\u1ee9c ngon nh\u1ea5t \u1edf nhi\u1ec7t \u0111\u1ed9 t\u1eeb 16 \u0111\u1ebfn 18 \u0111\u1ed9 C. V\u00e0 n\u00ean khui n\u1eafp chai cho r\u01b0\u1ee3u th\u1edf tr\u01b0\u1edbc 30 ph\u00fat \u0111\u1ec3 bay b\u1edbt m\u00f9i c\u1ed3n.<\/p>\n<\/div>\n<\/div>\n","protected":false},"excerpt":{"rendered":"<table style=\"border-collapse: collapse; width: 100%; height: 147px;\">\n<tbody>\n<tr style=\"height: 21px;\">\n<td style=\"width: 50%; height: 21px;\">Xu\u1ea5t x\u1ee9<\/td>\n<td style=\"width: 50%; height: 21px;\">\u00dd<\/td>\n<\/tr>\n<tr style=\"height: 21px;\">\n<td style=\"width: 50%; height: 21px;\">Lo\u1ea1i vang<\/td>\n<td style=\"width: 50%; height: 21px;\">Vang \u0111\u1ecf<\/td>\n<\/tr>\n<tr style=\"height: 21px;\">\n<td style=\"width: 50%; height: 21px;\">Gi\u1ed1ng nho<\/td>\n<td style=\"width: 50%; height: 21px;\">Primitivo di Manduria<\/td>\n<\/tr>\n<tr style=\"height: 21px;\">\n<td style=\"width: 50%; height: 21px;\">N\u1ed3ng \u0111\u1ed9<\/td>\n<td style=\"width: 50%; height: 21px;\">15,5%<\/td>\n<\/tr>\n<tr style=\"height: 21px;\">\n<td style=\"width: 50%; height: 21px;\">Dung t\u00edch<\/td>\n<td style=\"width: 50%; height: 21px;\">750ML<\/td>\n<\/tr>\n<tr style=\"height: 21px;\">\n<td style=\"width: 50%; height: 21px;\">Ni\u00ean v\u1ee5<\/td>\n<td style=\"width: 50%; height: 21px;\">2020<\/td>\n<\/tr>\n<tr style=\"height: 21px;\">\n<td style=\"width: 50%; height: 21px;\"><\/td>\n<td style=\"width: 50%; height: 21px;\"><\/td>\n<\/tr>\n<\/tbody>\n<\/table>\n<p>&nbsp;<\/p>\n","protected":false},"featured_media":1070,"comment_status":"closed","ping_status":"closed","template":"","meta":{"_acf_changed":false},"product_brand":[],"product_cat":[80,27,86,26,62,29],"product_tag":[223,178,184,197,153],"class_list":{"0":"post-1069","1":"product","2":"type-product","3":"status-publish","4":"has-post-thumbnail","6":"product_cat-primitivo","7":"product_cat-ruou-vang","8":"product_cat-ruou-vang-puglia","9":"product_cat-san-pham-noi-bat","10":"product_cat-vang-do","11":"product_cat-vang-y","12":"product_tag-blando","13":"product_tag-ruou-vang-blando-primitivo","14":"product_tag-ruou-vang-gia-re","15":"product_tag-vang-do","16":"product_tag-vang-y","18":"first","19":"instock","20":"shipping-taxable","21":"product-type-simple"},"acf":[],"yoast_head":"<!-- This site is optimized with the Yoast SEO plugin v26.8 - https:\/\/yoast.com\/product\/yoast-seo-wordpress\/ -->\n<title>R\u01b0\u1ee3u Vang \u00dd Blando Primitivo Di Manduria DOC Limited Edition - R.WINE<\/title>\n<meta name=\"robots\" content=\"noindex, follow\" \/>\n<meta property=\"og:locale\" content=\"vi_VN\" \/>\n<meta property=\"og:type\" content=\"article\" \/>\n<meta property=\"og:title\" content=\"R\u01b0\u1ee3u Vang \u00dd Blando Primitivo Di Manduria DOC Limited Edition - R.WINE\" \/>\n<meta property=\"og:description\" content=\"Xu\u1ea5t x\u1ee9 \u00dd   Lo\u1ea1i vang Vang \u0111\u1ecf   Gi\u1ed1ng nho Primitivo di Manduria   N\u1ed3ng \u0111\u1ed9 15,5%   Dung t\u00edch 750ML   Ni\u00ean v\u1ee5 2020        &nbsp;\" \/>\n<meta property=\"og:url\" content=\"https:\/\/rwinevietnam.com\/home\/ruou-vang-y-blando-primitivo-di-manduria-doc-limited-edition-2\/\" \/>\n<meta property=\"og:site_name\" content=\"R.WINE\" \/>\n<meta property=\"article:modified_time\" content=\"2023-10-17T14:31:55+00:00\" \/>\n<meta property=\"og:image\" content=\"https:\/\/rwinevietnam.com\/home\/wp-content\/uploads\/2023\/10\/Blando.jpg\" \/>\n\t<meta property=\"og:image:width\" content=\"1080\" \/>\n\t<meta property=\"og:image:height\" content=\"1440\" \/>\n\t<meta property=\"og:image:type\" content=\"image\/jpeg\" \/>\n<meta name=\"twitter:card\" content=\"summary_large_image\" \/>\n<script type=\"application\/ld+json\" class=\"yoast-schema-graph\">{\"@context\":\"https:\/\/schema.org\",\"@graph\":[{\"@type\":\"WebPage\",\"@id\":\"https:\/\/rwinevietnam.com\/home\/ruou-vang-y-blando-primitivo-di-manduria-doc-limited-edition-2\/\",\"url\":\"https:\/\/rwinevietnam.com\/home\/ruou-vang-y-blando-primitivo-di-manduria-doc-limited-edition-2\/\",\"name\":\"R\u01b0\u1ee3u Vang \u00dd Blando Primitivo Di Manduria DOC Limited Edition - R.WINE\",\"isPartOf\":{\"@id\":\"https:\/\/rwinevietnam.com\/home\/#website\"},\"primaryImageOfPage\":{\"@id\":\"https:\/\/rwinevietnam.com\/home\/ruou-vang-y-blando-primitivo-di-manduria-doc-limited-edition-2\/#primaryimage\"},\"image\":{\"@id\":\"https:\/\/rwinevietnam.com\/home\/ruou-vang-y-blando-primitivo-di-manduria-doc-limited-edition-2\/#primaryimage\"},\"thumbnailUrl\":\"https:\/\/rwinevietnam.com\/home\/wp-content\/uploads\/2023\/10\/Blando.jpg\",\"datePublished\":\"2023-10-17T13:17:08+00:00\",\"dateModified\":\"2023-10-17T14:31:55+00:00\",\"breadcrumb\":{\"@id\":\"https:\/\/rwinevietnam.com\/home\/ruou-vang-y-blando-primitivo-di-manduria-doc-limited-edition-2\/#breadcrumb\"},\"inLanguage\":\"vi\",\"potentialAction\":[{\"@type\":\"ReadAction\",\"target\":[\"https:\/\/rwinevietnam.com\/home\/ruou-vang-y-blando-primitivo-di-manduria-doc-limited-edition-2\/\"]}]},{\"@type\":\"ImageObject\",\"inLanguage\":\"vi\",\"@id\":\"https:\/\/rwinevietnam.com\/home\/ruou-vang-y-blando-primitivo-di-manduria-doc-limited-edition-2\/#primaryimage\",\"url\":\"https:\/\/rwinevietnam.com\/home\/wp-content\/uploads\/2023\/10\/Blando.jpg\",\"contentUrl\":\"https:\/\/rwinevietnam.com\/home\/wp-content\/uploads\/2023\/10\/Blando.jpg\",\"width\":1080,\"height\":1440},{\"@type\":\"BreadcrumbList\",\"@id\":\"https:\/\/rwinevietnam.com\/home\/ruou-vang-y-blando-primitivo-di-manduria-doc-limited-edition-2\/#breadcrumb\",\"itemListElement\":[{\"@type\":\"ListItem\",\"position\":1,\"name\":\"Trang ch\u1ee7\",\"item\":\"https:\/\/rwinevietnam.com\/home\/\"},{\"@type\":\"ListItem\",\"position\":2,\"name\":\"S\u1ea3n ph\u1ea9m\",\"item\":\"https:\/\/rwinevietnam.com\/home\/san-pham\/\"},{\"@type\":\"ListItem\",\"position\":3,\"name\":\"R\u01b0\u1ee3u Vang \u00dd Blando Primitivo Di Manduria DOC Limited Edition\"}]},{\"@type\":\"WebSite\",\"@id\":\"https:\/\/rwinevietnam.com\/home\/#website\",\"url\":\"https:\/\/rwinevietnam.com\/home\/\",\"name\":\"R.WINE\",\"description\":\"C\u00d4NG TY C\u1ed4 PH\u1ea6N XU\u1ea4T KH\u1ea8U NH\u1eacP KH\u1ea8U\",\"potentialAction\":[{\"@type\":\"SearchAction\",\"target\":{\"@type\":\"EntryPoint\",\"urlTemplate\":\"https:\/\/rwinevietnam.com\/home\/?s={search_term_string}\"},\"query-input\":{\"@type\":\"PropertyValueSpecification\",\"valueRequired\":true,\"valueName\":\"search_term_string\"}}],\"inLanguage\":\"vi\"}]}<\/script>\n<!-- \/ Yoast SEO plugin. -->","yoast_head_json":{"title":"R\u01b0\u1ee3u Vang \u00dd Blando Primitivo Di Manduria DOC Limited Edition - R.WINE","robots":{"index":"noindex","follow":"follow"},"og_locale":"vi_VN","og_type":"article","og_title":"R\u01b0\u1ee3u Vang \u00dd Blando Primitivo Di Manduria DOC Limited Edition - R.WINE","og_description":"Xu\u1ea5t x\u1ee9 \u00dd   Lo\u1ea1i vang Vang \u0111\u1ecf   Gi\u1ed1ng nho Primitivo di Manduria   N\u1ed3ng \u0111\u1ed9 15,5%   Dung t\u00edch 750ML   Ni\u00ean v\u1ee5 2020        &nbsp;","og_url":"https:\/\/rwinevietnam.com\/home\/ruou-vang-y-blando-primitivo-di-manduria-doc-limited-edition-2\/","og_site_name":"R.WINE","article_modified_time":"2023-10-17T14:31:55+00:00","og_image":[{"width":1080,"height":1440,"url":"https:\/\/rwinevietnam.com\/home\/wp-content\/uploads\/2023\/10\/Blando.jpg","type":"image\/jpeg"}],"twitter_card":"summary_large_image","schema":{"@context":"https:\/\/schema.org","@graph":[{"@type":"WebPage","@id":"https:\/\/rwinevietnam.com\/home\/ruou-vang-y-blando-primitivo-di-manduria-doc-limited-edition-2\/","url":"https:\/\/rwinevietnam.com\/home\/ruou-vang-y-blando-primitivo-di-manduria-doc-limited-edition-2\/","name":"R\u01b0\u1ee3u Vang \u00dd Blando Primitivo Di Manduria DOC Limited Edition - R.WINE","isPartOf":{"@id":"https:\/\/rwinevietnam.com\/home\/#website"},"primaryImageOfPage":{"@id":"https:\/\/rwinevietnam.com\/home\/ruou-vang-y-blando-primitivo-di-manduria-doc-limited-edition-2\/#primaryimage"},"image":{"@id":"https:\/\/rwinevietnam.com\/home\/ruou-vang-y-blando-primitivo-di-manduria-doc-limited-edition-2\/#primaryimage"},"thumbnailUrl":"https:\/\/rwinevietnam.com\/home\/wp-content\/uploads\/2023\/10\/Blando.jpg","datePublished":"2023-10-17T13:17:08+00:00","dateModified":"2023-10-17T14:31:55+00:00","breadcrumb":{"@id":"https:\/\/rwinevietnam.com\/home\/ruou-vang-y-blando-primitivo-di-manduria-doc-limited-edition-2\/#breadcrumb"},"inLanguage":"vi","potentialAction":[{"@type":"ReadAction","target":["https:\/\/rwinevietnam.com\/home\/ruou-vang-y-blando-primitivo-di-manduria-doc-limited-edition-2\/"]}]},{"@type":"ImageObject","inLanguage":"vi","@id":"https:\/\/rwinevietnam.com\/home\/ruou-vang-y-blando-primitivo-di-manduria-doc-limited-edition-2\/#primaryimage","url":"https:\/\/rwinevietnam.com\/home\/wp-content\/uploads\/2023\/10\/Blando.jpg","contentUrl":"https:\/\/rwinevietnam.com\/home\/wp-content\/uploads\/2023\/10\/Blando.jpg","width":1080,"height":1440},{"@type":"BreadcrumbList","@id":"https:\/\/rwinevietnam.com\/home\/ruou-vang-y-blando-primitivo-di-manduria-doc-limited-edition-2\/#breadcrumb","itemListElement":[{"@type":"ListItem","position":1,"name":"Trang ch\u1ee7","item":"https:\/\/rwinevietnam.com\/home\/"},{"@type":"ListItem","position":2,"name":"S\u1ea3n ph\u1ea9m","item":"https:\/\/rwinevietnam.com\/home\/san-pham\/"},{"@type":"ListItem","position":3,"name":"R\u01b0\u1ee3u Vang \u00dd Blando Primitivo Di Manduria DOC Limited Edition"}]},{"@type":"WebSite","@id":"https:\/\/rwinevietnam.com\/home\/#website","url":"https:\/\/rwinevietnam.com\/home\/","name":"R.WINE","description":"C\u00d4NG TY C\u1ed4 PH\u1ea6N XU\u1ea4T KH\u1ea8U NH\u1eacP KH\u1ea8U","potentialAction":[{"@type":"SearchAction","target":{"@type":"EntryPoint","urlTemplate":"https:\/\/rwinevietnam.com\/home\/?s={search_term_string}"},"query-input":{"@type":"PropertyValueSpecification","valueRequired":true,"valueName":"search_term_string"}}],"inLanguage":"vi"}]}},"_links":{"self":[{"href":"https:\/\/rwinevietnam.com\/home\/wp-json\/wp\/v2\/product\/1069","targetHints":{"allow":["GET"]}}],"collection":[{"href":"https:\/\/rwinevietnam.com\/home\/wp-json\/wp\/v2\/product"}],"about":[{"href":"https:\/\/rwinevietnam.com\/home\/wp-json\/wp\/v2\/types\/product"}],"replies":[{"embeddable":true,"href":"https:\/\/rwinevietnam.com\/home\/wp-json\/wp\/v2\/comments?post=1069"}],"wp:featuredmedia":[{"embeddable":true,"href":"https:\/\/rwinevietnam.com\/home\/wp-json\/wp\/v2\/media\/1070"}],"wp:attachment":[{"href":"https:\/\/rwinevietnam.com\/home\/wp-json\/wp\/v2\/media?parent=1069"}],"wp:term":[{"taxonomy":"product_brand","embeddable":true,"href":"https:\/\/rwinevietnam.com\/home\/wp-json\/wp\/v2\/product_brand?post=1069"},{"taxonomy":"product_cat","embeddable":true,"href":"https:\/\/rwinevietnam.com\/home\/wp-json\/wp\/v2\/product_cat?post=1069"},{"taxonomy":"product_tag","embeddable":true,"href":"https:\/\/rwinevietnam.com\/home\/wp-json\/wp\/v2\/product_tag?post=1069"}],"curies":[{"name":"wp","href":"https:\/\/api.w.org\/{rel}","templated":true}]}}