{"id":1066,"date":"2023-10-17T12:16:25","date_gmt":"2023-10-17T12:16:25","guid":{"rendered":"https:\/\/rwinevietnam.com\/home\/?post_type=product&#038;p=1066"},"modified":"2023-10-17T12:24:52","modified_gmt":"2023-10-17T12:24:52","slug":"%f0%9d%90%91%f0%9d%90%ae%cc%9b%f0%9d%90%a8%cc%9b%cc%a3%f0%9d%90%ae-%f0%9d%90%af%f0%9d%90%9a%f0%9d%90%a7%f0%9d%90%a0-%f0%9d%90%92%f0%9d%90%9a%f0%9d%90%a7%f0%9d%90%ad%f0%9d%90%9a-%f0%9d%90%82","status":"publish","type":"product","link":"https:\/\/rwinevietnam.com\/home\/%f0%9d%90%91%f0%9d%90%ae%cc%9b%f0%9d%90%a8%cc%9b%cc%a3%f0%9d%90%ae-%f0%9d%90%af%f0%9d%90%9a%f0%9d%90%a7%f0%9d%90%a0-%f0%9d%90%92%f0%9d%90%9a%f0%9d%90%a7%f0%9d%90%ad%f0%9d%90%9a-%f0%9d%90%82\/","title":{"rendered":"\ud835\udc11\ud835\udc2e\u031b\ud835\udc28\u031b\u0323\ud835\udc2e \ud835\udc2f\ud835\udc1a\ud835\udc27\ud835\udc20 \ud835\udc12\ud835\udc1a\ud835\udc27\ud835\udc2d\ud835\udc1a \ud835\udc02\ud835\udc21\ud835\udc22\ud835\udc25\ud835\udc1e\ud835\udc27\ud835\udc1a"},"content":{"rendered":"<p>\ud835\udc11\ud835\udc2e\u031b\ud835\udc28\u031b\u0323\ud835\udc2e \ud835\udc2f\ud835\udc1a\ud835\udc27\ud835\udc20 \ud835\udc12\ud835\udc1a\ud835\udc27\ud835\udc2d\ud835\udc1a \ud835\udc02\ud835\udc21\ud835\udc22\ud835\udc25\ud835\udc1e\ud835\udc27\ud835\udc1a<\/p>\n<p>&nbsp;<\/p>\n<p><img loading=\"lazy\" decoding=\"async\" class=\"size-medium wp-image-1068 aligncenter\" src=\"https:\/\/rwinevietnam.com\/home\/wp-content\/uploads\/2023\/10\/Santa2-225x300.jpg\" alt=\"\" width=\"225\" height=\"300\" srcset=\"https:\/\/rwinevietnam.com\/home\/wp-content\/uploads\/2023\/10\/Santa2-225x300.jpg 225w, https:\/\/rwinevietnam.com\/home\/wp-content\/uploads\/2023\/10\/Santa2-768x1024.jpg 768w, https:\/\/rwinevietnam.com\/home\/wp-content\/uploads\/2023\/10\/Santa2-1152x1536.jpg 1152w, https:\/\/rwinevietnam.com\/home\/wp-content\/uploads\/2023\/10\/Santa2-300x400.jpg 300w, https:\/\/rwinevietnam.com\/home\/wp-content\/uploads\/2023\/10\/Santa2-600x800.jpg 600w, https:\/\/rwinevietnam.com\/home\/wp-content\/uploads\/2023\/10\/Santa2.jpg 1536w\" sizes=\"auto, (max-width: 225px) 100vw, 225px\" \/><\/p>\n<p>&nbsp;<\/p>\n<p>R\u01b0\u1ee3u vang Santa Chilena xu\u1ea5t x\u1ee9 t\u1ea1i Chile, gi\u1ed1ng nho Merlot, n\u1ed3ng \u0111\u1ed9 c\u1ed3n 13%, chai r\u01b0\u1ee3u vang n\u00e0y l\u00e0 s\u1ef1 l\u1ef1a ch\u1ecdn tuy\u1ec7t v\u1eddi nh\u1ea5t d\u00e0nh cho t\u1ea5t c\u1ea3 m\u1ecdi ng\u01b0\u1eddi . R\u01b0\u1ee3u l\u00e0 s\u1ef1 k\u1ebft tinh t\u1eeb h\u01b0\u01a1ng th\u01a1m c\u1ee7a nh\u1eefng lo\u1ea1i qu\u1ea3 kh\u00e1c nhau nh\u01b0 qu\u1ea3 vi\u1ec7t qu\u1ea5t, qu\u1ea3 cherry, nho kh\u00f4 c\u00f9ng v\u1edbi v\u1ecb ng\u1eady c\u1ee7a kem t\u01b0\u01a1i v\u00e0 vani c\u00f3 k\u1ebft h\u1ee3p v\u1edbi h\u01b0\u01a1ng th\u01a1m thoang tho\u1ea3ng t\u1eeb c\u00e2y g\u1ed7 s\u1ed3i nh\u1eb1m t\u1ea1o n\u00ean m\u1ed9t d\u01b0 v\u1ecb b\u1ea5t t\u1eadn.<\/p>\n<p>&nbsp;<\/p>\n<p>R\u01b0\u1ee3u kh\u00e1 nh\u1eb9 d\u1ec5 u\u1ed1ng c\u00f3 th\u1ec3 th\u00edch h\u1ee3p \u0111\u01b0\u1ee3c v\u1edbi nhi\u1ec1u \u0111\u1ed1i t\u01b0\u1ee3ng s\u1eed d\u1ee5ng kh\u00e1c nhau. Nh\u1eefng m\u00f3n \u0103n c\u00f3 th\u1ec3 k\u1ebft h\u1ee3p c\u00f9ng v\u1edbi d\u00f2ng vang n\u00e0y \u0111\u00f3 l\u00e0 th\u1ecbt g\u00e0 t\u00e2y, c\u00e1\u2026b\u1ea1n n\u00ean th\u01b0\u1edfng th\u1ee9c khi r\u01b0\u1ee3u \u1edf nhi\u1ec7t \u0111\u1ed9 t\u1eeb 16 \u0111\u1ebfn 18 \u0111\u1ed9 C.<\/p>\n<p>&nbsp;<\/p>\n","protected":false},"excerpt":{"rendered":"<table style=\"border-collapse: collapse; width: 100%; height: 147px;\">\n<tbody>\n<tr style=\"height: 21px;\">\n<td style=\"width: 50%; height: 21px;\">Xu\u1ea5t x\u1ee9<\/td>\n<td style=\"width: 50%; height: 21px;\">Chile<\/td>\n<\/tr>\n<tr style=\"height: 21px;\">\n<td style=\"width: 50%; height: 21px;\">Lo\u1ea1i vang<\/td>\n<td style=\"width: 50%; height: 21px;\">Vang \u0111\u1ecf<\/td>\n<\/tr>\n<tr style=\"height: 21px;\">\n<td style=\"width: 50%; height: 21px;\">Gi\u1ed1ng nho<\/td>\n<td style=\"width: 50%; height: 21px;\">Merlot<\/td>\n<\/tr>\n<tr style=\"height: 21px;\">\n<td style=\"width: 50%; height: 21px;\">N\u1ed3ng \u0111\u1ed9<\/td>\n<td style=\"width: 50%; height: 21px;\">13%<\/td>\n<\/tr>\n<tr style=\"height: 21px;\">\n<td style=\"width: 50%; height: 21px;\">Dung t\u00edch<\/td>\n<td style=\"width: 50%; height: 21px;\">750ML<\/td>\n<\/tr>\n<tr style=\"height: 21px;\">\n<td style=\"width: 50%; height: 21px;\">Ni\u00ean v\u1ee5<\/td>\n<td style=\"width: 50%; height: 21px;\">2021<\/td>\n<\/tr>\n<tr style=\"height: 21px;\">\n<td style=\"width: 50%; height: 21px;\"><\/td>\n<td style=\"width: 50%; height: 21px;\"><\/td>\n<\/tr>\n<\/tbody>\n<\/table>\n<p>&nbsp;<\/p>\n","protected":false},"featured_media":1067,"comment_status":"closed","ping_status":"closed","template":"","meta":{"_acf_changed":false},"product_brand":[],"product_cat":[78,27,32,62],"product_tag":[184,222,210,197,221],"class_list":{"0":"post-1066","1":"product","2":"type-product","3":"status-publish","4":"has-post-thumbnail","6":"product_cat-merlot","7":"product_cat-ruou-vang","8":"product_cat-vang-chile","9":"product_cat-vang-do","10":"product_tag-ruou-vang-gia-re","11":"product_tag-santa","12":"product_tag-vang-chile","13":"product_tag-vang-do","14":"product_tag-221","16":"first","17":"instock","18":"shipping-taxable","19":"product-type-simple"},"acf":[],"yoast_head":"<!-- This site is optimized with the Yoast SEO plugin v26.8 - https:\/\/yoast.com\/product\/yoast-seo-wordpress\/ -->\n<title>\ud835\udc11\ud835\udc2e\u031b\ud835\udc28\u031b\u0323\ud835\udc2e \ud835\udc2f\ud835\udc1a\ud835\udc27\ud835\udc20 \ud835\udc12\ud835\udc1a\ud835\udc27\ud835\udc2d\ud835\udc1a \ud835\udc02\ud835\udc21\ud835\udc22\ud835\udc25\ud835\udc1e\ud835\udc27\ud835\udc1a - R.WINE<\/title>\n<meta name=\"robots\" content=\"noindex, follow\" \/>\n<meta property=\"og:locale\" content=\"vi_VN\" \/>\n<meta property=\"og:type\" content=\"article\" \/>\n<meta property=\"og:title\" content=\"\ud835\udc11\ud835\udc2e\u031b\ud835\udc28\u031b\u0323\ud835\udc2e \ud835\udc2f\ud835\udc1a\ud835\udc27\ud835\udc20 \ud835\udc12\ud835\udc1a\ud835\udc27\ud835\udc2d\ud835\udc1a \ud835\udc02\ud835\udc21\ud835\udc22\ud835\udc25\ud835\udc1e\ud835\udc27\ud835\udc1a - R.WINE\" \/>\n<meta property=\"og:description\" content=\"Xu\u1ea5t x\u1ee9 Chile   Lo\u1ea1i vang Vang \u0111\u1ecf   Gi\u1ed1ng nho Merlot   N\u1ed3ng \u0111\u1ed9 13%   Dung t\u00edch 750ML   Ni\u00ean v\u1ee5 2021        &nbsp;\" \/>\n<meta property=\"og:url\" content=\"https:\/\/rwinevietnam.com\/home\/\ud835\udc11\ud835\udc2e\u031b\ud835\udc28\u031b\u0323\ud835\udc2e-\ud835\udc2f\ud835\udc1a\ud835\udc27\ud835\udc20-\ud835\udc12\ud835\udc1a\ud835\udc27\ud835\udc2d\ud835\udc1a-\ud835\udc02\/\" \/>\n<meta property=\"og:site_name\" content=\"R.WINE\" \/>\n<meta property=\"article:modified_time\" content=\"2023-10-17T12:24:52+00:00\" \/>\n<meta property=\"og:image\" content=\"https:\/\/rwinevietnam.com\/home\/wp-content\/uploads\/2023\/10\/Santa.jpg\" \/>\n\t<meta property=\"og:image:width\" content=\"960\" \/>\n\t<meta property=\"og:image:height\" content=\"1280\" \/>\n\t<meta property=\"og:image:type\" content=\"image\/jpeg\" \/>\n<meta name=\"twitter:card\" content=\"summary_large_image\" \/>\n<script type=\"application\/ld+json\" class=\"yoast-schema-graph\">{\"@context\":\"https:\/\/schema.org\",\"@graph\":[{\"@type\":\"WebPage\",\"@id\":\"https:\/\/rwinevietnam.com\/home\/%f0%9d%90%91%f0%9d%90%ae%cc%9b%f0%9d%90%a8%cc%9b%cc%a3%f0%9d%90%ae-%f0%9d%90%af%f0%9d%90%9a%f0%9d%90%a7%f0%9d%90%a0-%f0%9d%90%92%f0%9d%90%9a%f0%9d%90%a7%f0%9d%90%ad%f0%9d%90%9a-%f0%9d%90%82\/\",\"url\":\"https:\/\/rwinevietnam.com\/home\/%f0%9d%90%91%f0%9d%90%ae%cc%9b%f0%9d%90%a8%cc%9b%cc%a3%f0%9d%90%ae-%f0%9d%90%af%f0%9d%90%9a%f0%9d%90%a7%f0%9d%90%a0-%f0%9d%90%92%f0%9d%90%9a%f0%9d%90%a7%f0%9d%90%ad%f0%9d%90%9a-%f0%9d%90%82\/\",\"name\":\"\ud835\udc11\ud835\udc2e\u031b\ud835\udc28\u031b\u0323\ud835\udc2e \ud835\udc2f\ud835\udc1a\ud835\udc27\ud835\udc20 \ud835\udc12\ud835\udc1a\ud835\udc27\ud835\udc2d\ud835\udc1a \ud835\udc02\ud835\udc21\ud835\udc22\ud835\udc25\ud835\udc1e\ud835\udc27\ud835\udc1a - R.WINE\",\"isPartOf\":{\"@id\":\"https:\/\/rwinevietnam.com\/home\/#website\"},\"primaryImageOfPage\":{\"@id\":\"https:\/\/rwinevietnam.com\/home\/%f0%9d%90%91%f0%9d%90%ae%cc%9b%f0%9d%90%a8%cc%9b%cc%a3%f0%9d%90%ae-%f0%9d%90%af%f0%9d%90%9a%f0%9d%90%a7%f0%9d%90%a0-%f0%9d%90%92%f0%9d%90%9a%f0%9d%90%a7%f0%9d%90%ad%f0%9d%90%9a-%f0%9d%90%82\/#primaryimage\"},\"image\":{\"@id\":\"https:\/\/rwinevietnam.com\/home\/%f0%9d%90%91%f0%9d%90%ae%cc%9b%f0%9d%90%a8%cc%9b%cc%a3%f0%9d%90%ae-%f0%9d%90%af%f0%9d%90%9a%f0%9d%90%a7%f0%9d%90%a0-%f0%9d%90%92%f0%9d%90%9a%f0%9d%90%a7%f0%9d%90%ad%f0%9d%90%9a-%f0%9d%90%82\/#primaryimage\"},\"thumbnailUrl\":\"https:\/\/rwinevietnam.com\/home\/wp-content\/uploads\/2023\/10\/Santa.jpg\",\"datePublished\":\"2023-10-17T12:16:25+00:00\",\"dateModified\":\"2023-10-17T12:24:52+00:00\",\"breadcrumb\":{\"@id\":\"https:\/\/rwinevietnam.com\/home\/%f0%9d%90%91%f0%9d%90%ae%cc%9b%f0%9d%90%a8%cc%9b%cc%a3%f0%9d%90%ae-%f0%9d%90%af%f0%9d%90%9a%f0%9d%90%a7%f0%9d%90%a0-%f0%9d%90%92%f0%9d%90%9a%f0%9d%90%a7%f0%9d%90%ad%f0%9d%90%9a-%f0%9d%90%82\/#breadcrumb\"},\"inLanguage\":\"vi\",\"potentialAction\":[{\"@type\":\"ReadAction\",\"target\":[\"https:\/\/rwinevietnam.com\/home\/%f0%9d%90%91%f0%9d%90%ae%cc%9b%f0%9d%90%a8%cc%9b%cc%a3%f0%9d%90%ae-%f0%9d%90%af%f0%9d%90%9a%f0%9d%90%a7%f0%9d%90%a0-%f0%9d%90%92%f0%9d%90%9a%f0%9d%90%a7%f0%9d%90%ad%f0%9d%90%9a-%f0%9d%90%82\/\"]}]},{\"@type\":\"ImageObject\",\"inLanguage\":\"vi\",\"@id\":\"https:\/\/rwinevietnam.com\/home\/%f0%9d%90%91%f0%9d%90%ae%cc%9b%f0%9d%90%a8%cc%9b%cc%a3%f0%9d%90%ae-%f0%9d%90%af%f0%9d%90%9a%f0%9d%90%a7%f0%9d%90%a0-%f0%9d%90%92%f0%9d%90%9a%f0%9d%90%a7%f0%9d%90%ad%f0%9d%90%9a-%f0%9d%90%82\/#primaryimage\",\"url\":\"https:\/\/rwinevietnam.com\/home\/wp-content\/uploads\/2023\/10\/Santa.jpg\",\"contentUrl\":\"https:\/\/rwinevietnam.com\/home\/wp-content\/uploads\/2023\/10\/Santa.jpg\",\"width\":960,\"height\":1280},{\"@type\":\"BreadcrumbList\",\"@id\":\"https:\/\/rwinevietnam.com\/home\/%f0%9d%90%91%f0%9d%90%ae%cc%9b%f0%9d%90%a8%cc%9b%cc%a3%f0%9d%90%ae-%f0%9d%90%af%f0%9d%90%9a%f0%9d%90%a7%f0%9d%90%a0-%f0%9d%90%92%f0%9d%90%9a%f0%9d%90%a7%f0%9d%90%ad%f0%9d%90%9a-%f0%9d%90%82\/#breadcrumb\",\"itemListElement\":[{\"@type\":\"ListItem\",\"position\":1,\"name\":\"Trang ch\u1ee7\",\"item\":\"https:\/\/rwinevietnam.com\/home\/\"},{\"@type\":\"ListItem\",\"position\":2,\"name\":\"S\u1ea3n ph\u1ea9m\",\"item\":\"https:\/\/rwinevietnam.com\/home\/san-pham\/\"},{\"@type\":\"ListItem\",\"position\":3,\"name\":\"\ud835\udc11\ud835\udc2e\u031b\ud835\udc28\u031b\u0323\ud835\udc2e \ud835\udc2f\ud835\udc1a\ud835\udc27\ud835\udc20 \ud835\udc12\ud835\udc1a\ud835\udc27\ud835\udc2d\ud835\udc1a \ud835\udc02\ud835\udc21\ud835\udc22\ud835\udc25\ud835\udc1e\ud835\udc27\ud835\udc1a\"}]},{\"@type\":\"WebSite\",\"@id\":\"https:\/\/rwinevietnam.com\/home\/#website\",\"url\":\"https:\/\/rwinevietnam.com\/home\/\",\"name\":\"R.WINE\",\"description\":\"C\u00d4NG TY C\u1ed4 PH\u1ea6N XU\u1ea4T KH\u1ea8U NH\u1eacP KH\u1ea8U\",\"potentialAction\":[{\"@type\":\"SearchAction\",\"target\":{\"@type\":\"EntryPoint\",\"urlTemplate\":\"https:\/\/rwinevietnam.com\/home\/?s={search_term_string}\"},\"query-input\":{\"@type\":\"PropertyValueSpecification\",\"valueRequired\":true,\"valueName\":\"search_term_string\"}}],\"inLanguage\":\"vi\"}]}<\/script>\n<!-- \/ Yoast SEO plugin. -->","yoast_head_json":{"title":"\ud835\udc11\ud835\udc2e\u031b\ud835\udc28\u031b\u0323\ud835\udc2e \ud835\udc2f\ud835\udc1a\ud835\udc27\ud835\udc20 \ud835\udc12\ud835\udc1a\ud835\udc27\ud835\udc2d\ud835\udc1a \ud835\udc02\ud835\udc21\ud835\udc22\ud835\udc25\ud835\udc1e\ud835\udc27\ud835\udc1a - R.WINE","robots":{"index":"noindex","follow":"follow"},"og_locale":"vi_VN","og_type":"article","og_title":"\ud835\udc11\ud835\udc2e\u031b\ud835\udc28\u031b\u0323\ud835\udc2e \ud835\udc2f\ud835\udc1a\ud835\udc27\ud835\udc20 \ud835\udc12\ud835\udc1a\ud835\udc27\ud835\udc2d\ud835\udc1a \ud835\udc02\ud835\udc21\ud835\udc22\ud835\udc25\ud835\udc1e\ud835\udc27\ud835\udc1a - R.WINE","og_description":"Xu\u1ea5t x\u1ee9 Chile   Lo\u1ea1i vang Vang \u0111\u1ecf   Gi\u1ed1ng nho Merlot   N\u1ed3ng \u0111\u1ed9 13%   Dung t\u00edch 750ML   Ni\u00ean v\u1ee5 2021        &nbsp;","og_url":"https:\/\/rwinevietnam.com\/home\/\ud835\udc11\ud835\udc2e\u031b\ud835\udc28\u031b\u0323\ud835\udc2e-\ud835\udc2f\ud835\udc1a\ud835\udc27\ud835\udc20-\ud835\udc12\ud835\udc1a\ud835\udc27\ud835\udc2d\ud835\udc1a-\ud835\udc02\/","og_site_name":"R.WINE","article_modified_time":"2023-10-17T12:24:52+00:00","og_image":[{"width":960,"height":1280,"url":"https:\/\/rwinevietnam.com\/home\/wp-content\/uploads\/2023\/10\/Santa.jpg","type":"image\/jpeg"}],"twitter_card":"summary_large_image","schema":{"@context":"https:\/\/schema.org","@graph":[{"@type":"WebPage","@id":"https:\/\/rwinevietnam.com\/home\/%f0%9d%90%91%f0%9d%90%ae%cc%9b%f0%9d%90%a8%cc%9b%cc%a3%f0%9d%90%ae-%f0%9d%90%af%f0%9d%90%9a%f0%9d%90%a7%f0%9d%90%a0-%f0%9d%90%92%f0%9d%90%9a%f0%9d%90%a7%f0%9d%90%ad%f0%9d%90%9a-%f0%9d%90%82\/","url":"https:\/\/rwinevietnam.com\/home\/%f0%9d%90%91%f0%9d%90%ae%cc%9b%f0%9d%90%a8%cc%9b%cc%a3%f0%9d%90%ae-%f0%9d%90%af%f0%9d%90%9a%f0%9d%90%a7%f0%9d%90%a0-%f0%9d%90%92%f0%9d%90%9a%f0%9d%90%a7%f0%9d%90%ad%f0%9d%90%9a-%f0%9d%90%82\/","name":"\ud835\udc11\ud835\udc2e\u031b\ud835\udc28\u031b\u0323\ud835\udc2e \ud835\udc2f\ud835\udc1a\ud835\udc27\ud835\udc20 \ud835\udc12\ud835\udc1a\ud835\udc27\ud835\udc2d\ud835\udc1a \ud835\udc02\ud835\udc21\ud835\udc22\ud835\udc25\ud835\udc1e\ud835\udc27\ud835\udc1a - R.WINE","isPartOf":{"@id":"https:\/\/rwinevietnam.com\/home\/#website"},"primaryImageOfPage":{"@id":"https:\/\/rwinevietnam.com\/home\/%f0%9d%90%91%f0%9d%90%ae%cc%9b%f0%9d%90%a8%cc%9b%cc%a3%f0%9d%90%ae-%f0%9d%90%af%f0%9d%90%9a%f0%9d%90%a7%f0%9d%90%a0-%f0%9d%90%92%f0%9d%90%9a%f0%9d%90%a7%f0%9d%90%ad%f0%9d%90%9a-%f0%9d%90%82\/#primaryimage"},"image":{"@id":"https:\/\/rwinevietnam.com\/home\/%f0%9d%90%91%f0%9d%90%ae%cc%9b%f0%9d%90%a8%cc%9b%cc%a3%f0%9d%90%ae-%f0%9d%90%af%f0%9d%90%9a%f0%9d%90%a7%f0%9d%90%a0-%f0%9d%90%92%f0%9d%90%9a%f0%9d%90%a7%f0%9d%90%ad%f0%9d%90%9a-%f0%9d%90%82\/#primaryimage"},"thumbnailUrl":"https:\/\/rwinevietnam.com\/home\/wp-content\/uploads\/2023\/10\/Santa.jpg","datePublished":"2023-10-17T12:16:25+00:00","dateModified":"2023-10-17T12:24:52+00:00","breadcrumb":{"@id":"https:\/\/rwinevietnam.com\/home\/%f0%9d%90%91%f0%9d%90%ae%cc%9b%f0%9d%90%a8%cc%9b%cc%a3%f0%9d%90%ae-%f0%9d%90%af%f0%9d%90%9a%f0%9d%90%a7%f0%9d%90%a0-%f0%9d%90%92%f0%9d%90%9a%f0%9d%90%a7%f0%9d%90%ad%f0%9d%90%9a-%f0%9d%90%82\/#breadcrumb"},"inLanguage":"vi","potentialAction":[{"@type":"ReadAction","target":["https:\/\/rwinevietnam.com\/home\/%f0%9d%90%91%f0%9d%90%ae%cc%9b%f0%9d%90%a8%cc%9b%cc%a3%f0%9d%90%ae-%f0%9d%90%af%f0%9d%90%9a%f0%9d%90%a7%f0%9d%90%a0-%f0%9d%90%92%f0%9d%90%9a%f0%9d%90%a7%f0%9d%90%ad%f0%9d%90%9a-%f0%9d%90%82\/"]}]},{"@type":"ImageObject","inLanguage":"vi","@id":"https:\/\/rwinevietnam.com\/home\/%f0%9d%90%91%f0%9d%90%ae%cc%9b%f0%9d%90%a8%cc%9b%cc%a3%f0%9d%90%ae-%f0%9d%90%af%f0%9d%90%9a%f0%9d%90%a7%f0%9d%90%a0-%f0%9d%90%92%f0%9d%90%9a%f0%9d%90%a7%f0%9d%90%ad%f0%9d%90%9a-%f0%9d%90%82\/#primaryimage","url":"https:\/\/rwinevietnam.com\/home\/wp-content\/uploads\/2023\/10\/Santa.jpg","contentUrl":"https:\/\/rwinevietnam.com\/home\/wp-content\/uploads\/2023\/10\/Santa.jpg","width":960,"height":1280},{"@type":"BreadcrumbList","@id":"https:\/\/rwinevietnam.com\/home\/%f0%9d%90%91%f0%9d%90%ae%cc%9b%f0%9d%90%a8%cc%9b%cc%a3%f0%9d%90%ae-%f0%9d%90%af%f0%9d%90%9a%f0%9d%90%a7%f0%9d%90%a0-%f0%9d%90%92%f0%9d%90%9a%f0%9d%90%a7%f0%9d%90%ad%f0%9d%90%9a-%f0%9d%90%82\/#breadcrumb","itemListElement":[{"@type":"ListItem","position":1,"name":"Trang ch\u1ee7","item":"https:\/\/rwinevietnam.com\/home\/"},{"@type":"ListItem","position":2,"name":"S\u1ea3n ph\u1ea9m","item":"https:\/\/rwinevietnam.com\/home\/san-pham\/"},{"@type":"ListItem","position":3,"name":"\ud835\udc11\ud835\udc2e\u031b\ud835\udc28\u031b\u0323\ud835\udc2e \ud835\udc2f\ud835\udc1a\ud835\udc27\ud835\udc20 \ud835\udc12\ud835\udc1a\ud835\udc27\ud835\udc2d\ud835\udc1a \ud835\udc02\ud835\udc21\ud835\udc22\ud835\udc25\ud835\udc1e\ud835\udc27\ud835\udc1a"}]},{"@type":"WebSite","@id":"https:\/\/rwinevietnam.com\/home\/#website","url":"https:\/\/rwinevietnam.com\/home\/","name":"R.WINE","description":"C\u00d4NG TY C\u1ed4 PH\u1ea6N XU\u1ea4T KH\u1ea8U NH\u1eacP KH\u1ea8U","potentialAction":[{"@type":"SearchAction","target":{"@type":"EntryPoint","urlTemplate":"https:\/\/rwinevietnam.com\/home\/?s={search_term_string}"},"query-input":{"@type":"PropertyValueSpecification","valueRequired":true,"valueName":"search_term_string"}}],"inLanguage":"vi"}]}},"_links":{"self":[{"href":"https:\/\/rwinevietnam.com\/home\/wp-json\/wp\/v2\/product\/1066","targetHints":{"allow":["GET"]}}],"collection":[{"href":"https:\/\/rwinevietnam.com\/home\/wp-json\/wp\/v2\/product"}],"about":[{"href":"https:\/\/rwinevietnam.com\/home\/wp-json\/wp\/v2\/types\/product"}],"replies":[{"embeddable":true,"href":"https:\/\/rwinevietnam.com\/home\/wp-json\/wp\/v2\/comments?post=1066"}],"wp:featuredmedia":[{"embeddable":true,"href":"https:\/\/rwinevietnam.com\/home\/wp-json\/wp\/v2\/media\/1067"}],"wp:attachment":[{"href":"https:\/\/rwinevietnam.com\/home\/wp-json\/wp\/v2\/media?parent=1066"}],"wp:term":[{"taxonomy":"product_brand","embeddable":true,"href":"https:\/\/rwinevietnam.com\/home\/wp-json\/wp\/v2\/product_brand?post=1066"},{"taxonomy":"product_cat","embeddable":true,"href":"https:\/\/rwinevietnam.com\/home\/wp-json\/wp\/v2\/product_cat?post=1066"},{"taxonomy":"product_tag","embeddable":true,"href":"https:\/\/rwinevietnam.com\/home\/wp-json\/wp\/v2\/product_tag?post=1066"}],"curies":[{"name":"wp","href":"https:\/\/api.w.org\/{rel}","templated":true}]}}