{"id":1062,"date":"2023-10-11T13:21:04","date_gmt":"2023-10-11T13:21:04","guid":{"rendered":"https:\/\/rwinevietnam.com\/home\/?post_type=product&#038;p=1062"},"modified":"2023-10-17T11:54:59","modified_gmt":"2023-10-17T11:54:59","slug":"ruou-vang-romania-stefan-cel-mare-cabernet-sauvignon-2","status":"publish","type":"product","link":"https:\/\/rwinevietnam.com\/home\/ruou-vang-romania-stefan-cel-mare-cabernet-sauvignon-2\/","title":{"rendered":"R\u01b0\u1ee3u Vang Romania Stefan Cel Mare Cabernet Sauvignon"},"content":{"rendered":"<p><strong>\u0110\u00f4i N\u00e9t V\u1ec1 Nh\u00e0 L\u00e0m Vang Dropia C\u1ee7a Romania<\/strong><\/p>\n<p><strong>Dropia Wines<\/strong>\u00a0l\u00e0 m\u1ed9t n\u00f4ng tr\u1ea1i vang gia \u0111\u00ecnh \u0111\u01b0\u1ee3c th\u00e0nh l\u1eadp t\u1eeb ni\u1ec1m \u0111am m\u00ea v\u1edbi vi\u1ec7c th\u01b0\u1edfng th\u1ee9c v\u00e0 s\u1ea3n xu\u1ea5t r\u01b0\u1ee3u vang. H\u1ecd mong mu\u1ed1n t\u1ea1o ra nh\u1eefng lo\u1ea1i r\u01b0\u1ee3u vang xu\u1ea5t s\u1eafc v\u00e0 n\u1ed5i ti\u1ebfng nh\u1ea5t tr\u00ean th\u1ebf gi\u1edbi mang nh\u00e3n d\u00e1n Romania. V\u1edbi ni\u1ec1m tin cho r\u1eb1ng ch\u1ea5t l\u01b0\u1ee3ng r\u01b0\u1ee3u vang s\u1ebd b\u1eaft \u0111\u1ea7u t\u1eeb nh\u1eefng tr\u00e1i nho. Th\u1ebf n\u00ean trong c\u1ea3 m\u1ed9t v\u01b0\u1eddn nho n\u00f4ng th\u00f4n r\u1ed9ng l\u1edbn h\u00e0ng ng\u00e0n ha, c\u00e1c chuy\u00ean gia r\u01b0\u1ee3u vang c\u1ee7a Dropia lu\u00f4n \u01b0u ti\u00ean s\u1eed d\u1ee5ng c\u00e1c ph\u01b0\u01a1ng ph\u00e1p canh t\u00e1c v\u00e0 thu h\u00e1i h\u1eefu c\u01a1.<\/p>\n<p>\u0110i\u1ec1u \u0111\u00f3 \u0111\u00e3 thu h\u00fat c\u00e1c ch\u00fa chim Dropia- m\u1ed9t trong nh\u1eefng lo\u00e0i chim bay c\u1ed5 \u0111\u1ea1i n\u1eb7ng nh\u1ea5t ch\u00e2u \u00c2u c\u00f2n s\u1ed1ng \u0111\u1ebfn hi\u1ec7n nay v\u1ec1 tr\u00fa ng\u1ee5 v\u00e0 sinh tr\u01b0\u1edfng trong v\u01b0\u1eddn. T\u1ea1o ra m\u1ed9t khu sinh th\u00e1i h\u00f2a h\u1ee3p gi\u1eefa con ng\u01b0\u1eddi v\u1edbi thi\u00ean nhi\u00ean. \u0110\u00f3 c\u0169ng l\u00e0 m\u1ed9t ph\u1ea7n l\u00fd do th\u01b0\u01a1ng hi\u1ec7u l\u1ea5y t\u00ean l\u00e0 \u201cDropia Wines\u201d. C\u00f9ng v\u1edbi v\u01b0\u1eddn nho d\u1ef1a v\u00e0o c\u00e1c k\u1ef9 thu\u1eadt c\u00f9ng quy tr\u00ecnh l\u00ean men \u0111\u1eb7c bi\u1ec7t m\u00e0 nh\u00e0 s\u1ea3n xu\u1ea5t Dropia Wines \u0111\u00e3 t\u1ea1o ra c\u00e1c lo\u1ea1i r\u01b0\u1ee3u vang c\u00f3 h\u01b0\u01a1ng v\u1ecb s\u00e2u s\u1eafc, ph\u1ee9c t\u1ea1p v\u00e0 phong ph\u00fa ph\u1ee5c v\u1ee5 nhu c\u1ea7u th\u01b0\u1edfng th\u1ee9c r\u01b0\u1ee3u vang ch\u1ea5t l\u01b0\u1ee3ng c\u1ee7a c\u00e1c th\u1ef1c kh\u00e1c tr\u00ean to\u00e0n th\u1ebf gi\u1edbi.<\/p>\n<p><img loading=\"lazy\" decoding=\"async\" class=\"size-medium wp-image-1064 aligncenter\" src=\"https:\/\/rwinevietnam.com\/home\/wp-content\/uploads\/2023\/10\/Stefan-Cel-Mare-Cabernet-Sauvignon2-225x300.jpg\" alt=\"\" width=\"225\" height=\"300\" srcset=\"https:\/\/rwinevietnam.com\/home\/wp-content\/uploads\/2023\/10\/Stefan-Cel-Mare-Cabernet-Sauvignon2-225x300.jpg 225w, https:\/\/rwinevietnam.com\/home\/wp-content\/uploads\/2023\/10\/Stefan-Cel-Mare-Cabernet-Sauvignon2-768x1024.jpg 768w, https:\/\/rwinevietnam.com\/home\/wp-content\/uploads\/2023\/10\/Stefan-Cel-Mare-Cabernet-Sauvignon2-300x400.jpg 300w, https:\/\/rwinevietnam.com\/home\/wp-content\/uploads\/2023\/10\/Stefan-Cel-Mare-Cabernet-Sauvignon2-600x800.jpg 600w, https:\/\/rwinevietnam.com\/home\/wp-content\/uploads\/2023\/10\/Stefan-Cel-Mare-Cabernet-Sauvignon2.jpg 1080w\" sizes=\"auto, (max-width: 225px) 100vw, 225px\" \/><\/p>\n<p>&nbsp;<\/p>\n<p><strong>H\u01b0\u01a1ng V\u1ecb V\u00e0 Th\u01b0\u1edfng Th\u1ee9c R\u01b0\u1ee3u Vang Stefan Cel Mare Cabernet Sauvignon<\/strong><\/p>\n<p>&nbsp;<\/p>\n<p><strong><em>R\u01b0\u1ee3u Vang Stefan Cel Mare Cabernet Sauvignon<\/em><\/strong>\u00a0\u0111\u01b0\u1ee3c l\u00e0m 100% t\u1eeb nho Cabernet Sauvignon &#8211; \u00f4ng ho\u00e0ng c\u1ee7a c\u00e1c gi\u1ed1ng nho l\u00e0m r\u01b0\u1ee3u vang \u0111\u1ecf. H\u01b0\u01a1ng v\u1ecb c\u1ee7a r\u01b0\u1ee3u vang l\u00e0m t\u1eeb gi\u1ed1ng nho Cabernet Sauvignon r\u1ea5t d\u1ec5 u\u1ed1ng v\u1edbi nhi\u1ec1u m\u00f9i v\u1ecb tr\u00e1i c\u00e2y \u0111\u1eadm \u0111\u00e0 nh\u01b0 \u1edbt chu\u00f4ng xanh, b\u1ea1c h\u00e0 v\u00e0 tuy\u1ebft t\u00f9ng c\u00f9ng v\u1edbi h\u01b0\u01a1ng anh \u0111\u00e0o \u0111en v\u00e0 \u00f4 liu \u0111en.<\/p>\n<p>\u0110\u1ec3 th\u01b0\u1edfng th\u1ee9c vang \u0111\u01b0\u1ee3c ngon nh\u1ea5t th\u00ec khi d\u00f9ng r\u01b0\u1ee3u b\u1ea1n n\u00ean bi\u1ebft l\u1ef1a ch\u1ecdn ch\u00fang k\u00e8m theo m\u1ed9t s\u1ed1 m\u00f3n \u0103n sao cho ph\u00f9 h\u1ee3p. Vang s\u1ebd ho\u00e0n h\u1ea3o h\u01a1n khi b\u1ea1n n\u1ebfm c\u00f9ng v\u1edbi m\u1ed9t s\u1ed1 m\u00f3n \u0103n \u0111\u01b0\u01a1c ch\u1ebf bi\u1ebfn t\u1eeb th\u1ecbt \u0111\u1ecf c\u00e1c lo\u1ea1i nh\u01b0 th\u1ecbt b\u00f2 h\u1ea5p, th\u1ecbt l\u1ee3n quay hay nh\u1eefng m\u00f3n \u0103n gi\u00e0u ch\u1ea5t b\u00e9o, x\u00fac x\u00edch, phomai b\u00e9o ng\u1eady v\u00e0 m\u1ed9t ch\u00fat hoa qu\u1ea3 tr\u00e1ng mi\u1ec7ng\u2026<\/p>\n<p>R\u01b0\u1ee3u \u0111\u01b0\u1ee3c ph\u1ee5c v\u1ee5 t\u1ed1t nh\u1ea5t \u1edf nhi\u1ec7t \u0111\u1ed9 t\u1eeb 16<sup>0<\/sup>C-18<sup>0<\/sup>C.<\/p>\n<p>&nbsp;<\/p>\n","protected":false},"excerpt":{"rendered":"<table style=\"border-collapse: collapse; width: 100%; height: 147px;\">\n<tbody>\n<tr style=\"height: 21px;\">\n<td style=\"width: 50%; height: 21px;\">Xu\u1ea5t x\u1ee9<\/td>\n<td style=\"width: 50%; height: 21px;\">Romania<\/td>\n<\/tr>\n<tr style=\"height: 21px;\">\n<td style=\"width: 50%; height: 21px;\">Lo\u1ea1i vang<\/td>\n<td style=\"width: 50%; height: 21px;\">Vang \u0111\u1ecf<\/td>\n<\/tr>\n<tr style=\"height: 21px;\">\n<td style=\"width: 50%; height: 21px;\">Gi\u1ed1ng nho<\/td>\n<td style=\"width: 50%; height: 21px;\">Cabernet Sauvignon<\/td>\n<\/tr>\n<tr style=\"height: 21px;\">\n<td style=\"width: 50%; height: 21px;\">N\u1ed3ng \u0111\u1ed9<\/td>\n<td style=\"width: 50%; height: 21px;\">15%<\/td>\n<\/tr>\n<tr style=\"height: 21px;\">\n<td style=\"width: 50%; height: 21px;\">Dung t\u00edch<\/td>\n<td style=\"width: 50%; height: 21px;\">750ML<\/td>\n<\/tr>\n<tr style=\"height: 21px;\">\n<td style=\"width: 50%; height: 21px;\">Ni\u00ean v\u1ee5<\/td>\n<td style=\"width: 50%; height: 21px;\">2020<\/td>\n<\/tr>\n<tr style=\"height: 21px;\">\n<td style=\"width: 50%; height: 21px;\"><\/td>\n<td style=\"width: 50%; height: 21px;\"><\/td>\n<\/tr>\n<\/tbody>\n<\/table>\n<p>&nbsp;<\/p>\n","protected":false},"featured_media":1065,"comment_status":"closed","ping_status":"closed","template":"","meta":{"_acf_changed":false},"product_brand":[],"product_cat":[77,27,62,218],"product_tag":[184,220,197,219],"class_list":{"0":"post-1062","1":"product","2":"type-product","3":"status-publish","4":"has-post-thumbnail","6":"product_cat-cabernet-sauvignon","7":"product_cat-ruou-vang","8":"product_cat-vang-do","9":"product_cat-vang-romania","10":"product_tag-ruou-vang-gia-re","11":"product_tag-stefan-cel-mare-cabernet-sauvignon","12":"product_tag-vang-do","13":"product_tag-vang-romania","15":"first","16":"instock","17":"shipping-taxable","18":"product-type-simple"},"acf":[],"yoast_head":"<!-- This site is optimized with the Yoast SEO plugin v26.8 - https:\/\/yoast.com\/product\/yoast-seo-wordpress\/ -->\n<title>R\u01b0\u1ee3u Vang Romania Stefan Cel Mare Cabernet Sauvignon - R.WINE<\/title>\n<meta name=\"robots\" content=\"noindex, follow\" \/>\n<meta property=\"og:locale\" content=\"vi_VN\" \/>\n<meta property=\"og:type\" content=\"article\" \/>\n<meta property=\"og:title\" content=\"R\u01b0\u1ee3u Vang Romania Stefan Cel Mare Cabernet Sauvignon - R.WINE\" \/>\n<meta property=\"og:description\" content=\"Xu\u1ea5t x\u1ee9 Romania   Lo\u1ea1i vang Vang \u0111\u1ecf   Gi\u1ed1ng nho Cabernet Sauvignon   N\u1ed3ng \u0111\u1ed9 15%   Dung t\u00edch 750ML   Ni\u00ean v\u1ee5 2020        &nbsp;\" \/>\n<meta property=\"og:url\" content=\"https:\/\/rwinevietnam.com\/home\/ruou-vang-romania-stefan-cel-mare-cabernet-sauvignon-2\/\" \/>\n<meta property=\"og:site_name\" content=\"R.WINE\" \/>\n<meta property=\"article:modified_time\" content=\"2023-10-17T11:54:59+00:00\" \/>\n<meta property=\"og:image\" content=\"https:\/\/rwinevietnam.com\/home\/wp-content\/uploads\/2023\/10\/IMG_5973.jpeg\" \/>\n\t<meta property=\"og:image:width\" content=\"1536\" \/>\n\t<meta property=\"og:image:height\" content=\"2048\" \/>\n\t<meta property=\"og:image:type\" content=\"image\/jpeg\" \/>\n<meta name=\"twitter:card\" content=\"summary_large_image\" \/>\n<script type=\"application\/ld+json\" class=\"yoast-schema-graph\">{\"@context\":\"https:\/\/schema.org\",\"@graph\":[{\"@type\":\"WebPage\",\"@id\":\"https:\/\/rwinevietnam.com\/home\/ruou-vang-romania-stefan-cel-mare-cabernet-sauvignon-2\/\",\"url\":\"https:\/\/rwinevietnam.com\/home\/ruou-vang-romania-stefan-cel-mare-cabernet-sauvignon-2\/\",\"name\":\"R\u01b0\u1ee3u Vang Romania Stefan Cel Mare Cabernet Sauvignon - R.WINE\",\"isPartOf\":{\"@id\":\"https:\/\/rwinevietnam.com\/home\/#website\"},\"primaryImageOfPage\":{\"@id\":\"https:\/\/rwinevietnam.com\/home\/ruou-vang-romania-stefan-cel-mare-cabernet-sauvignon-2\/#primaryimage\"},\"image\":{\"@id\":\"https:\/\/rwinevietnam.com\/home\/ruou-vang-romania-stefan-cel-mare-cabernet-sauvignon-2\/#primaryimage\"},\"thumbnailUrl\":\"https:\/\/rwinevietnam.com\/home\/wp-content\/uploads\/2023\/10\/IMG_5973.jpeg\",\"datePublished\":\"2023-10-11T13:21:04+00:00\",\"dateModified\":\"2023-10-17T11:54:59+00:00\",\"breadcrumb\":{\"@id\":\"https:\/\/rwinevietnam.com\/home\/ruou-vang-romania-stefan-cel-mare-cabernet-sauvignon-2\/#breadcrumb\"},\"inLanguage\":\"vi\",\"potentialAction\":[{\"@type\":\"ReadAction\",\"target\":[\"https:\/\/rwinevietnam.com\/home\/ruou-vang-romania-stefan-cel-mare-cabernet-sauvignon-2\/\"]}]},{\"@type\":\"ImageObject\",\"inLanguage\":\"vi\",\"@id\":\"https:\/\/rwinevietnam.com\/home\/ruou-vang-romania-stefan-cel-mare-cabernet-sauvignon-2\/#primaryimage\",\"url\":\"https:\/\/rwinevietnam.com\/home\/wp-content\/uploads\/2023\/10\/IMG_5973.jpeg\",\"contentUrl\":\"https:\/\/rwinevietnam.com\/home\/wp-content\/uploads\/2023\/10\/IMG_5973.jpeg\",\"width\":1536,\"height\":2048},{\"@type\":\"BreadcrumbList\",\"@id\":\"https:\/\/rwinevietnam.com\/home\/ruou-vang-romania-stefan-cel-mare-cabernet-sauvignon-2\/#breadcrumb\",\"itemListElement\":[{\"@type\":\"ListItem\",\"position\":1,\"name\":\"Trang ch\u1ee7\",\"item\":\"https:\/\/rwinevietnam.com\/home\/\"},{\"@type\":\"ListItem\",\"position\":2,\"name\":\"S\u1ea3n ph\u1ea9m\",\"item\":\"https:\/\/rwinevietnam.com\/home\/san-pham\/\"},{\"@type\":\"ListItem\",\"position\":3,\"name\":\"R\u01b0\u1ee3u Vang Romania Stefan Cel Mare Cabernet Sauvignon\"}]},{\"@type\":\"WebSite\",\"@id\":\"https:\/\/rwinevietnam.com\/home\/#website\",\"url\":\"https:\/\/rwinevietnam.com\/home\/\",\"name\":\"R.WINE\",\"description\":\"C\u00d4NG TY C\u1ed4 PH\u1ea6N XU\u1ea4T KH\u1ea8U NH\u1eacP KH\u1ea8U\",\"potentialAction\":[{\"@type\":\"SearchAction\",\"target\":{\"@type\":\"EntryPoint\",\"urlTemplate\":\"https:\/\/rwinevietnam.com\/home\/?s={search_term_string}\"},\"query-input\":{\"@type\":\"PropertyValueSpecification\",\"valueRequired\":true,\"valueName\":\"search_term_string\"}}],\"inLanguage\":\"vi\"}]}<\/script>\n<!-- \/ Yoast SEO plugin. -->","yoast_head_json":{"title":"R\u01b0\u1ee3u Vang Romania Stefan Cel Mare Cabernet Sauvignon - R.WINE","robots":{"index":"noindex","follow":"follow"},"og_locale":"vi_VN","og_type":"article","og_title":"R\u01b0\u1ee3u Vang Romania Stefan Cel Mare Cabernet Sauvignon - R.WINE","og_description":"Xu\u1ea5t x\u1ee9 Romania   Lo\u1ea1i vang Vang \u0111\u1ecf   Gi\u1ed1ng nho Cabernet Sauvignon   N\u1ed3ng \u0111\u1ed9 15%   Dung t\u00edch 750ML   Ni\u00ean v\u1ee5 2020        &nbsp;","og_url":"https:\/\/rwinevietnam.com\/home\/ruou-vang-romania-stefan-cel-mare-cabernet-sauvignon-2\/","og_site_name":"R.WINE","article_modified_time":"2023-10-17T11:54:59+00:00","og_image":[{"width":1536,"height":2048,"url":"https:\/\/rwinevietnam.com\/home\/wp-content\/uploads\/2023\/10\/IMG_5973.jpeg","type":"image\/jpeg"}],"twitter_card":"summary_large_image","schema":{"@context":"https:\/\/schema.org","@graph":[{"@type":"WebPage","@id":"https:\/\/rwinevietnam.com\/home\/ruou-vang-romania-stefan-cel-mare-cabernet-sauvignon-2\/","url":"https:\/\/rwinevietnam.com\/home\/ruou-vang-romania-stefan-cel-mare-cabernet-sauvignon-2\/","name":"R\u01b0\u1ee3u Vang Romania Stefan Cel Mare Cabernet Sauvignon - R.WINE","isPartOf":{"@id":"https:\/\/rwinevietnam.com\/home\/#website"},"primaryImageOfPage":{"@id":"https:\/\/rwinevietnam.com\/home\/ruou-vang-romania-stefan-cel-mare-cabernet-sauvignon-2\/#primaryimage"},"image":{"@id":"https:\/\/rwinevietnam.com\/home\/ruou-vang-romania-stefan-cel-mare-cabernet-sauvignon-2\/#primaryimage"},"thumbnailUrl":"https:\/\/rwinevietnam.com\/home\/wp-content\/uploads\/2023\/10\/IMG_5973.jpeg","datePublished":"2023-10-11T13:21:04+00:00","dateModified":"2023-10-17T11:54:59+00:00","breadcrumb":{"@id":"https:\/\/rwinevietnam.com\/home\/ruou-vang-romania-stefan-cel-mare-cabernet-sauvignon-2\/#breadcrumb"},"inLanguage":"vi","potentialAction":[{"@type":"ReadAction","target":["https:\/\/rwinevietnam.com\/home\/ruou-vang-romania-stefan-cel-mare-cabernet-sauvignon-2\/"]}]},{"@type":"ImageObject","inLanguage":"vi","@id":"https:\/\/rwinevietnam.com\/home\/ruou-vang-romania-stefan-cel-mare-cabernet-sauvignon-2\/#primaryimage","url":"https:\/\/rwinevietnam.com\/home\/wp-content\/uploads\/2023\/10\/IMG_5973.jpeg","contentUrl":"https:\/\/rwinevietnam.com\/home\/wp-content\/uploads\/2023\/10\/IMG_5973.jpeg","width":1536,"height":2048},{"@type":"BreadcrumbList","@id":"https:\/\/rwinevietnam.com\/home\/ruou-vang-romania-stefan-cel-mare-cabernet-sauvignon-2\/#breadcrumb","itemListElement":[{"@type":"ListItem","position":1,"name":"Trang ch\u1ee7","item":"https:\/\/rwinevietnam.com\/home\/"},{"@type":"ListItem","position":2,"name":"S\u1ea3n ph\u1ea9m","item":"https:\/\/rwinevietnam.com\/home\/san-pham\/"},{"@type":"ListItem","position":3,"name":"R\u01b0\u1ee3u Vang Romania Stefan Cel Mare Cabernet Sauvignon"}]},{"@type":"WebSite","@id":"https:\/\/rwinevietnam.com\/home\/#website","url":"https:\/\/rwinevietnam.com\/home\/","name":"R.WINE","description":"C\u00d4NG TY C\u1ed4 PH\u1ea6N XU\u1ea4T KH\u1ea8U NH\u1eacP KH\u1ea8U","potentialAction":[{"@type":"SearchAction","target":{"@type":"EntryPoint","urlTemplate":"https:\/\/rwinevietnam.com\/home\/?s={search_term_string}"},"query-input":{"@type":"PropertyValueSpecification","valueRequired":true,"valueName":"search_term_string"}}],"inLanguage":"vi"}]}},"_links":{"self":[{"href":"https:\/\/rwinevietnam.com\/home\/wp-json\/wp\/v2\/product\/1062","targetHints":{"allow":["GET"]}}],"collection":[{"href":"https:\/\/rwinevietnam.com\/home\/wp-json\/wp\/v2\/product"}],"about":[{"href":"https:\/\/rwinevietnam.com\/home\/wp-json\/wp\/v2\/types\/product"}],"replies":[{"embeddable":true,"href":"https:\/\/rwinevietnam.com\/home\/wp-json\/wp\/v2\/comments?post=1062"}],"wp:featuredmedia":[{"embeddable":true,"href":"https:\/\/rwinevietnam.com\/home\/wp-json\/wp\/v2\/media\/1065"}],"wp:attachment":[{"href":"https:\/\/rwinevietnam.com\/home\/wp-json\/wp\/v2\/media?parent=1062"}],"wp:term":[{"taxonomy":"product_brand","embeddable":true,"href":"https:\/\/rwinevietnam.com\/home\/wp-json\/wp\/v2\/product_brand?post=1062"},{"taxonomy":"product_cat","embeddable":true,"href":"https:\/\/rwinevietnam.com\/home\/wp-json\/wp\/v2\/product_cat?post=1062"},{"taxonomy":"product_tag","embeddable":true,"href":"https:\/\/rwinevietnam.com\/home\/wp-json\/wp\/v2\/product_tag?post=1062"}],"curies":[{"name":"wp","href":"https:\/\/api.w.org\/{rel}","templated":true}]}}