{"id":1059,"date":"2023-10-11T12:23:55","date_gmt":"2023-10-11T12:23:55","guid":{"rendered":"https:\/\/rwinevietnam.com\/home\/?post_type=product&#038;p=1059"},"modified":"2023-10-11T12:28:37","modified_gmt":"2023-10-11T12:28:37","slug":"ruou-vang-y-armonia-mottura-limited-edition-17-vol","status":"publish","type":"product","link":"https:\/\/rwinevietnam.com\/home\/ruou-vang-y-armonia-mottura-limited-edition-17-vol\/","title":{"rendered":"R\u01b0\u1ee3u Vang \u00dd Armonia Mottura Limited Edition 17% vol"},"content":{"rendered":"<p>R\u01b0\u1ee3u Vang \u00dd Armonia Mottura Limited Edition 17% vol<\/p>\n<p><img loading=\"lazy\" decoding=\"async\" class=\"size-medium wp-image-1061 aligncenter\" src=\"https:\/\/rwinevietnam.com\/home\/wp-content\/uploads\/2023\/10\/IMG_5869-169x300.jpeg\" alt=\"\" width=\"169\" height=\"300\" srcset=\"https:\/\/rwinevietnam.com\/home\/wp-content\/uploads\/2023\/10\/IMG_5869-169x300.jpeg 169w, https:\/\/rwinevietnam.com\/home\/wp-content\/uploads\/2023\/10\/IMG_5869-576x1024.jpeg 576w, https:\/\/rwinevietnam.com\/home\/wp-content\/uploads\/2023\/10\/IMG_5869-768x1366.jpeg 768w, https:\/\/rwinevietnam.com\/home\/wp-content\/uploads\/2023\/10\/IMG_5869-864x1536.jpeg 864w, https:\/\/rwinevietnam.com\/home\/wp-content\/uploads\/2023\/10\/IMG_5869-1152x2048.jpeg 1152w, https:\/\/rwinevietnam.com\/home\/wp-content\/uploads\/2023\/10\/IMG_5869-300x533.jpeg 300w, https:\/\/rwinevietnam.com\/home\/wp-content\/uploads\/2023\/10\/IMG_5869-600x1067.jpeg 600w, https:\/\/rwinevietnam.com\/home\/wp-content\/uploads\/2023\/10\/IMG_5869.jpeg 1330w\" sizes=\"auto, (max-width: 169px) 100vw, 169px\" \/><\/p>\n<p>&nbsp;<\/p>\n<p>Armonia Mottura Limited Edition 17% vol l\u00e0 m\u1ed9t lo\u1ea1i r\u01b0\u1ee3u vang \u0111\u1eb7c bi\u1ec7t v\u1edbi nhi\u1ec1u \u0111\u1eb7c \u0111i\u1ec3m n\u1ed5i b\u1eadt nh\u01b0:<\/p>\n<ol>\n<li>H\u01b0\u01a1ng v\u1ecb tinh t\u1ebf v\u00e0 \u0111\u1eadm \u0111\u00e0<\/li>\n<\/ol>\n<p>Armonia Mottura Limited Edition 17% vol c\u00f3 h\u01b0\u01a1ng v\u1ecb \u0111\u1eb7c tr\u01b0ng c\u1ee7a nh\u1eefng gi\u1ed1ng nho \u0111\u01b0\u1ee3c ch\u1ecdn l\u1ecdc k\u1ef9 c\u00e0ng. V\u1edbi m\u00f9i th\u01a1m c\u1ee7a tr\u00e1i c\u00e2y ch\u00edn v\u00e0 h\u01b0\u01a1ng v\u1ecb \u0111\u1ea7y m\u1ea1nh m\u1ebd, r\u01b0\u1ee3u vang n\u00e0y s\u1ebd khi\u1ebfn b\u1ea1n th\u01b0\u1edfng th\u1ee9c \u0111\u01b0\u1ee3c nh\u1eefng \u0111i\u1ec1u tuy\u1ec7t v\u1eddi nh\u1ea5t t\u1eeb nh\u1eefng c\u01a1n say \u0111\u1eafm.<\/p>\n<ol start=\"2\">\n<li>N\u1ed3ng \u0111\u1ed9 c\u1ed3n cao<\/li>\n<\/ol>\n<p>V\u1edbi n\u1ed3ng \u0111\u1ed9 c\u1ed3n l\u00ean \u0111\u1ebfn 17%, Armonia Mottura Limited Edition 17% vol l\u00e0 m\u1ed9t trong nh\u1eefng lo\u1ea1i r\u01b0\u1ee3u vang c\u00f3 n\u1ed3ng \u0111\u1ed9 c\u1ed3n cao nh\u1ea5t. \u0110i\u1ec1u n\u00e0y khi\u1ebfn cho r\u01b0\u1ee3u vang n\u00e0y c\u00f3 h\u01b0\u01a1ng v\u1ecb \u0111\u1eb7c tr\u01b0ng, \u0111\u1eadm \u0111\u00e0 v\u00e0 m\u1ea1nh m\u1ebd.<\/p>\n<p>R\u01b0\u1ee3u Vang Armonia Limited Editon \u0111\u01b0\u1ee3c s\u1ea3n xu\u1ea5t t\u1eeb c\u00e1c gi\u1ed1ng nho \u0111\u1ecf truy\u1ec1n th\u1ed1ng tr\u1ed3ng tr\u00ean v\u00f9ng \u0111\u1ea5t Salento c\u1ee7a \u00dd. V\u1edbi th\u1eddi ti\u1ebft \u00f4n h\u00f2a v\u00e0o m\u00f9a \u0111\u00f4ng v\u00e0 n\u00f3ng kh\u00f4 v\u00e0o m\u00f9a h\u00e8, c\u00e1c lo\u1ea1i nho \u0111\u01b0\u1ee3c \u0111\u1ec3 ch\u00edn t\u1ef1 nhi\u00ean tr\u00ean c\u00e2y \u0111\u1ec3 thu \u0111\u01b0\u1ee3c l\u01b0\u1ee3ng \u0111\u01b0\u1eddng cao nh\u1ea5t ph\u1ee5c v\u1ee5 cho qu\u00e1 tr\u00ecnh s\u1ea3n xu\u1ea5t.<\/p>\n<p>Sau khi \u0111\u01b0\u1ee3c ch\u1ecdn l\u1ecdc, t\u00e1ch b\u1ecf v\u1ecf v\u00e0 \u00e9p l\u1ea5y n\u01b0\u1edbc c\u1ed1t, qu\u00e1 tr\u00ecnh l\u00ean men theo ph\u01b0\u01a1ng ph\u00e1p truy\u1ec1n th\u1ed1ng c\u00f9ng v\u1edbi v\u1ecf nho di\u1ec5n ra trong kho\u1ea3ng 10-12 ng\u00e0y \u1edf nhi\u1ec7t \u0111\u1ed9 \u0111\u01b0\u1ee3c ki\u1ec3m so\u00e1t t\u1ed1t. Qu\u00e1 tr\u00ecnh ng\u00e2m \u1ee7 \u0111\u01b0\u1ee3c th\u1ef1c hi\u1ec7n trong th\u00f9ng g\u1ed7 s\u1ed3i c\u1ee7a M\u1ef9 t\u1eeb 6-8 th\u00e1ng v\u1edbi k\u0129 n\u0103ng v\u00e0 kinh nghi\u1ec7m c\u1ee7a nh\u00e0 s\u1ea3n xu\u1ea5t \u0111\u1ec3 thu \u0111\u01b0\u1ee3c lo\u1ea1i r\u01b0\u1ee3u c\u00f3 n\u1ed3ng \u0111\u1ed9 c\u1ed3n l\u00e0 17%. Sau \u0111\u00f3, r\u01b0\u1ee3u \u0111\u01b0\u1ee3c l\u00ean men th\u00eam 1-2 th\u00e1ng trong chai tr\u01b0\u1edbc khi xu\u1ea5t x\u01b0\u1edfng.<\/p>\n<p>\u0110\u1ec3 th\u01b0\u1edfng th\u1ee9c\u00a0<strong>R\u01b0\u1ee3u Vang \u00dd Armonia<\/strong>\u00a0\u0111\u00fang c\u00e1ch, c\u1ea7n \u0111\u1ec3 \u00fd \u0111\u1ebfn nhi\u1ec7t \u0111\u1ed9. Kh\u00f4ng n\u00ean \u01b0\u1edbp r\u01b0\u1ee3u qu\u00e1 l\u1ea1nh ho\u1eb7c \u0111\u1ec3 r\u01b0\u1ee3u qu\u00e1 \u1ea5m. Nhi\u1ec7t \u0111\u1ed9 l\u00fd t\u01b0\u1edfng l\u00e0 15-18 \u0111\u1ed9 C. C\u00f3 th\u1ec3 \u01b0\u1edbp r\u01b0\u1ee3u trong x\u00f4 \u0111\u00e1 t\u1eeb 10-15 ph\u00fat ho\u1eb7c \u01b0\u1edbp l\u1ea1nh 30 ph\u00fat-1 ti\u1ebfng trong ng\u0103n m\u00e1t t\u1ee7 l\u1ea1nh. N\u00ean l\u1eafc \u0111\u1ec1u ly tr\u00ean tay khi th\u01b0\u1edfng th\u1ee9c v\u00e0 c\u00f3 th\u1ec3 k\u1ebft h\u1ee3p v\u1edbi th\u1ecbt n\u01b0\u1edbng, th\u1ecbt th\u00fa s\u0103n, khoai t\u00e2y, ph\u00f4 mai v\u00e0 nhi\u1ec1u m\u00f3n \u0103n kh\u00e1c.<\/p>\n<p>R\u01b0\u1ee3u Vang \u00dd Armonia 17 \u0110\u1ed9\u00a0l\u00e0 l\u1ef1a ch\u1ecdn tuy\u1ec7t v\u1eddi cho nh\u1eefng ai y\u00eau th\u00edch h\u01b0\u01a1ng v\u1ecb n\u1ed3ng n\u00e0n, \u0111\u1eadm \u0111\u00e0 v\u00e0 \u0111\u1ea7y s\u1ee9c s\u1ed1ng c\u1ee7a r\u01b0\u1ee3u vang \u00dd.<\/p>\n<p>&nbsp;<\/p>\n","protected":false},"excerpt":{"rendered":"<table style=\"border-collapse: collapse; width: 100%; height: 147px;\">\n<tbody>\n<tr style=\"height: 21px;\">\n<td style=\"width: 50%; height: 21px;\">Xu\u1ea5t x\u1ee9<\/td>\n<td style=\"width: 50%; height: 21px;\">\u00dd<\/td>\n<\/tr>\n<tr style=\"height: 21px;\">\n<td style=\"width: 50%; height: 21px;\">Lo\u1ea1i vang<\/td>\n<td style=\"width: 50%; height: 21px;\">Vang \u0111\u1ecf<\/td>\n<\/tr>\n<tr style=\"height: 21px;\">\n<td style=\"width: 50%; height: 21px;\">Gi\u1ed1ng nho<\/td>\n<td style=\"width: 50%; height: 21px;\">Blend<\/td>\n<\/tr>\n<tr style=\"height: 21px;\">\n<td style=\"width: 50%; height: 21px;\">N\u1ed3ng \u0111\u1ed9<\/td>\n<td style=\"width: 50%; height: 21px;\">17%<\/td>\n<\/tr>\n<tr style=\"height: 21px;\">\n<td style=\"width: 50%; height: 21px;\">Dung t\u00edch<\/td>\n<td style=\"width: 50%; height: 21px;\">750ML<\/td>\n<\/tr>\n<tr style=\"height: 21px;\">\n<td style=\"width: 50%; height: 21px;\">Ni\u00ean v\u1ee5<\/td>\n<td style=\"width: 50%; height: 21px;\">2021<\/td>\n<\/tr>\n<tr style=\"height: 21px;\">\n<td style=\"width: 50%; height: 21px;\"><\/td>\n<td style=\"width: 50%; height: 21px;\"><\/td>\n<\/tr>\n<\/tbody>\n<\/table>\n<p>&nbsp;<\/p>\n","protected":false},"featured_media":1060,"comment_status":"closed","ping_status":"closed","template":"","meta":{"_acf_changed":false},"product_brand":[],"product_cat":[80,27,213,62,29],"product_tag":[217,215,184,197,216,153],"class_list":{"0":"post-1059","1":"product","2":"type-product","3":"status-publish","4":"has-post-thumbnail","6":"product_cat-primitivo","7":"product_cat-ruou-vang","8":"product_cat-vang-angelo","9":"product_cat-vang-do","10":"product_cat-vang-y","11":"product_tag-17-do","12":"product_tag-armonia-limited-editon","13":"product_tag-ruou-vang-gia-re","14":"product_tag-vang-do","15":"product_tag-vang-do-cao","16":"product_tag-vang-y","18":"first","19":"instock","20":"shipping-taxable","21":"product-type-simple"},"acf":[],"yoast_head":"<!-- This site is optimized with the Yoast SEO plugin v26.8 - https:\/\/yoast.com\/product\/yoast-seo-wordpress\/ -->\n<title>R\u01b0\u1ee3u Vang \u00dd Armonia Mottura Limited Edition 17% vol - R.WINE<\/title>\n<meta name=\"robots\" content=\"noindex, follow\" \/>\n<meta property=\"og:locale\" content=\"vi_VN\" \/>\n<meta property=\"og:type\" content=\"article\" \/>\n<meta property=\"og:title\" content=\"R\u01b0\u1ee3u Vang \u00dd Armonia Mottura Limited Edition 17% vol - R.WINE\" \/>\n<meta property=\"og:description\" content=\"Xu\u1ea5t x\u1ee9 \u00dd   Lo\u1ea1i vang Vang \u0111\u1ecf   Gi\u1ed1ng nho Blend   N\u1ed3ng \u0111\u1ed9 17%   Dung t\u00edch 750ML   Ni\u00ean v\u1ee5 2021        &nbsp;\" \/>\n<meta property=\"og:url\" content=\"https:\/\/rwinevietnam.com\/home\/ruou-vang-y-armonia-mottura-limited-edition-17-vol\/\" \/>\n<meta property=\"og:site_name\" content=\"R.WINE\" \/>\n<meta property=\"article:modified_time\" content=\"2023-10-11T12:28:37+00:00\" \/>\n<meta property=\"og:image\" content=\"https:\/\/rwinevietnam.com\/home\/wp-content\/uploads\/2023\/10\/Armonia-Mottura-Limited-Edition-17-vol.jpg\" \/>\n\t<meta property=\"og:image:width\" content=\"519\" \/>\n\t<meta property=\"og:image:height\" content=\"837\" \/>\n\t<meta property=\"og:image:type\" content=\"image\/jpeg\" \/>\n<meta name=\"twitter:card\" content=\"summary_large_image\" \/>\n<script type=\"application\/ld+json\" class=\"yoast-schema-graph\">{\"@context\":\"https:\/\/schema.org\",\"@graph\":[{\"@type\":\"WebPage\",\"@id\":\"https:\/\/rwinevietnam.com\/home\/ruou-vang-y-armonia-mottura-limited-edition-17-vol\/\",\"url\":\"https:\/\/rwinevietnam.com\/home\/ruou-vang-y-armonia-mottura-limited-edition-17-vol\/\",\"name\":\"R\u01b0\u1ee3u Vang \u00dd Armonia Mottura Limited Edition 17% vol - R.WINE\",\"isPartOf\":{\"@id\":\"https:\/\/rwinevietnam.com\/home\/#website\"},\"primaryImageOfPage\":{\"@id\":\"https:\/\/rwinevietnam.com\/home\/ruou-vang-y-armonia-mottura-limited-edition-17-vol\/#primaryimage\"},\"image\":{\"@id\":\"https:\/\/rwinevietnam.com\/home\/ruou-vang-y-armonia-mottura-limited-edition-17-vol\/#primaryimage\"},\"thumbnailUrl\":\"https:\/\/rwinevietnam.com\/home\/wp-content\/uploads\/2023\/10\/Armonia-Mottura-Limited-Edition-17-vol.jpg\",\"datePublished\":\"2023-10-11T12:23:55+00:00\",\"dateModified\":\"2023-10-11T12:28:37+00:00\",\"breadcrumb\":{\"@id\":\"https:\/\/rwinevietnam.com\/home\/ruou-vang-y-armonia-mottura-limited-edition-17-vol\/#breadcrumb\"},\"inLanguage\":\"vi\",\"potentialAction\":[{\"@type\":\"ReadAction\",\"target\":[\"https:\/\/rwinevietnam.com\/home\/ruou-vang-y-armonia-mottura-limited-edition-17-vol\/\"]}]},{\"@type\":\"ImageObject\",\"inLanguage\":\"vi\",\"@id\":\"https:\/\/rwinevietnam.com\/home\/ruou-vang-y-armonia-mottura-limited-edition-17-vol\/#primaryimage\",\"url\":\"https:\/\/rwinevietnam.com\/home\/wp-content\/uploads\/2023\/10\/Armonia-Mottura-Limited-Edition-17-vol.jpg\",\"contentUrl\":\"https:\/\/rwinevietnam.com\/home\/wp-content\/uploads\/2023\/10\/Armonia-Mottura-Limited-Edition-17-vol.jpg\",\"width\":519,\"height\":837},{\"@type\":\"BreadcrumbList\",\"@id\":\"https:\/\/rwinevietnam.com\/home\/ruou-vang-y-armonia-mottura-limited-edition-17-vol\/#breadcrumb\",\"itemListElement\":[{\"@type\":\"ListItem\",\"position\":1,\"name\":\"Trang ch\u1ee7\",\"item\":\"https:\/\/rwinevietnam.com\/home\/\"},{\"@type\":\"ListItem\",\"position\":2,\"name\":\"S\u1ea3n ph\u1ea9m\",\"item\":\"https:\/\/rwinevietnam.com\/home\/san-pham\/\"},{\"@type\":\"ListItem\",\"position\":3,\"name\":\"R\u01b0\u1ee3u Vang \u00dd Armonia Mottura Limited Edition 17% vol\"}]},{\"@type\":\"WebSite\",\"@id\":\"https:\/\/rwinevietnam.com\/home\/#website\",\"url\":\"https:\/\/rwinevietnam.com\/home\/\",\"name\":\"R.WINE\",\"description\":\"C\u00d4NG TY C\u1ed4 PH\u1ea6N XU\u1ea4T KH\u1ea8U NH\u1eacP KH\u1ea8U\",\"potentialAction\":[{\"@type\":\"SearchAction\",\"target\":{\"@type\":\"EntryPoint\",\"urlTemplate\":\"https:\/\/rwinevietnam.com\/home\/?s={search_term_string}\"},\"query-input\":{\"@type\":\"PropertyValueSpecification\",\"valueRequired\":true,\"valueName\":\"search_term_string\"}}],\"inLanguage\":\"vi\"}]}<\/script>\n<!-- \/ Yoast SEO plugin. -->","yoast_head_json":{"title":"R\u01b0\u1ee3u Vang \u00dd Armonia Mottura Limited Edition 17% vol - R.WINE","robots":{"index":"noindex","follow":"follow"},"og_locale":"vi_VN","og_type":"article","og_title":"R\u01b0\u1ee3u Vang \u00dd Armonia Mottura Limited Edition 17% vol - R.WINE","og_description":"Xu\u1ea5t x\u1ee9 \u00dd   Lo\u1ea1i vang Vang \u0111\u1ecf   Gi\u1ed1ng nho Blend   N\u1ed3ng \u0111\u1ed9 17%   Dung t\u00edch 750ML   Ni\u00ean v\u1ee5 2021        &nbsp;","og_url":"https:\/\/rwinevietnam.com\/home\/ruou-vang-y-armonia-mottura-limited-edition-17-vol\/","og_site_name":"R.WINE","article_modified_time":"2023-10-11T12:28:37+00:00","og_image":[{"width":519,"height":837,"url":"https:\/\/rwinevietnam.com\/home\/wp-content\/uploads\/2023\/10\/Armonia-Mottura-Limited-Edition-17-vol.jpg","type":"image\/jpeg"}],"twitter_card":"summary_large_image","schema":{"@context":"https:\/\/schema.org","@graph":[{"@type":"WebPage","@id":"https:\/\/rwinevietnam.com\/home\/ruou-vang-y-armonia-mottura-limited-edition-17-vol\/","url":"https:\/\/rwinevietnam.com\/home\/ruou-vang-y-armonia-mottura-limited-edition-17-vol\/","name":"R\u01b0\u1ee3u Vang \u00dd Armonia Mottura Limited Edition 17% vol - R.WINE","isPartOf":{"@id":"https:\/\/rwinevietnam.com\/home\/#website"},"primaryImageOfPage":{"@id":"https:\/\/rwinevietnam.com\/home\/ruou-vang-y-armonia-mottura-limited-edition-17-vol\/#primaryimage"},"image":{"@id":"https:\/\/rwinevietnam.com\/home\/ruou-vang-y-armonia-mottura-limited-edition-17-vol\/#primaryimage"},"thumbnailUrl":"https:\/\/rwinevietnam.com\/home\/wp-content\/uploads\/2023\/10\/Armonia-Mottura-Limited-Edition-17-vol.jpg","datePublished":"2023-10-11T12:23:55+00:00","dateModified":"2023-10-11T12:28:37+00:00","breadcrumb":{"@id":"https:\/\/rwinevietnam.com\/home\/ruou-vang-y-armonia-mottura-limited-edition-17-vol\/#breadcrumb"},"inLanguage":"vi","potentialAction":[{"@type":"ReadAction","target":["https:\/\/rwinevietnam.com\/home\/ruou-vang-y-armonia-mottura-limited-edition-17-vol\/"]}]},{"@type":"ImageObject","inLanguage":"vi","@id":"https:\/\/rwinevietnam.com\/home\/ruou-vang-y-armonia-mottura-limited-edition-17-vol\/#primaryimage","url":"https:\/\/rwinevietnam.com\/home\/wp-content\/uploads\/2023\/10\/Armonia-Mottura-Limited-Edition-17-vol.jpg","contentUrl":"https:\/\/rwinevietnam.com\/home\/wp-content\/uploads\/2023\/10\/Armonia-Mottura-Limited-Edition-17-vol.jpg","width":519,"height":837},{"@type":"BreadcrumbList","@id":"https:\/\/rwinevietnam.com\/home\/ruou-vang-y-armonia-mottura-limited-edition-17-vol\/#breadcrumb","itemListElement":[{"@type":"ListItem","position":1,"name":"Trang ch\u1ee7","item":"https:\/\/rwinevietnam.com\/home\/"},{"@type":"ListItem","position":2,"name":"S\u1ea3n ph\u1ea9m","item":"https:\/\/rwinevietnam.com\/home\/san-pham\/"},{"@type":"ListItem","position":3,"name":"R\u01b0\u1ee3u Vang \u00dd Armonia Mottura Limited Edition 17% vol"}]},{"@type":"WebSite","@id":"https:\/\/rwinevietnam.com\/home\/#website","url":"https:\/\/rwinevietnam.com\/home\/","name":"R.WINE","description":"C\u00d4NG TY C\u1ed4 PH\u1ea6N XU\u1ea4T KH\u1ea8U NH\u1eacP KH\u1ea8U","potentialAction":[{"@type":"SearchAction","target":{"@type":"EntryPoint","urlTemplate":"https:\/\/rwinevietnam.com\/home\/?s={search_term_string}"},"query-input":{"@type":"PropertyValueSpecification","valueRequired":true,"valueName":"search_term_string"}}],"inLanguage":"vi"}]}},"_links":{"self":[{"href":"https:\/\/rwinevietnam.com\/home\/wp-json\/wp\/v2\/product\/1059","targetHints":{"allow":["GET"]}}],"collection":[{"href":"https:\/\/rwinevietnam.com\/home\/wp-json\/wp\/v2\/product"}],"about":[{"href":"https:\/\/rwinevietnam.com\/home\/wp-json\/wp\/v2\/types\/product"}],"replies":[{"embeddable":true,"href":"https:\/\/rwinevietnam.com\/home\/wp-json\/wp\/v2\/comments?post=1059"}],"wp:featuredmedia":[{"embeddable":true,"href":"https:\/\/rwinevietnam.com\/home\/wp-json\/wp\/v2\/media\/1060"}],"wp:attachment":[{"href":"https:\/\/rwinevietnam.com\/home\/wp-json\/wp\/v2\/media?parent=1059"}],"wp:term":[{"taxonomy":"product_brand","embeddable":true,"href":"https:\/\/rwinevietnam.com\/home\/wp-json\/wp\/v2\/product_brand?post=1059"},{"taxonomy":"product_cat","embeddable":true,"href":"https:\/\/rwinevietnam.com\/home\/wp-json\/wp\/v2\/product_cat?post=1059"},{"taxonomy":"product_tag","embeddable":true,"href":"https:\/\/rwinevietnam.com\/home\/wp-json\/wp\/v2\/product_tag?post=1059"}],"curies":[{"name":"wp","href":"https:\/\/api.w.org\/{rel}","templated":true}]}}