{"id":1056,"date":"2023-10-11T11:48:11","date_gmt":"2023-10-11T11:48:11","guid":{"rendered":"https:\/\/rwinevietnam.com\/home\/?post_type=product&#038;p=1056"},"modified":"2023-10-11T11:53:12","modified_gmt":"2023-10-11T11:53:12","slug":"ruou-vang-y-angelo-primitivo-montedidio","status":"publish","type":"product","link":"https:\/\/rwinevietnam.com\/home\/ruou-vang-y-angelo-primitivo-montedidio\/","title":{"rendered":"R\u01b0\u1ee3u vang \u00dd Angelo Primitivo Montedidio"},"content":{"rendered":"<p><img loading=\"lazy\" decoding=\"async\" class=\"size-medium wp-image-1058 aligncenter\" src=\"https:\/\/rwinevietnam.com\/home\/wp-content\/uploads\/2023\/10\/Angelo-2-300x300.jpg\" alt=\"\" width=\"300\" height=\"300\" srcset=\"https:\/\/rwinevietnam.com\/home\/wp-content\/uploads\/2023\/10\/Angelo-2-300x300.jpg 300w, https:\/\/rwinevietnam.com\/home\/wp-content\/uploads\/2023\/10\/Angelo-2-150x150.jpg 150w, https:\/\/rwinevietnam.com\/home\/wp-content\/uploads\/2023\/10\/Angelo-2-768x768.jpg 768w, https:\/\/rwinevietnam.com\/home\/wp-content\/uploads\/2023\/10\/Angelo-2-600x600.jpg 600w, https:\/\/rwinevietnam.com\/home\/wp-content\/uploads\/2023\/10\/Angelo-2-100x100.jpg 100w, https:\/\/rwinevietnam.com\/home\/wp-content\/uploads\/2023\/10\/Angelo-2.jpg 800w\" sizes=\"auto, (max-width: 300px) 100vw, 300px\" \/><\/p>\n<p><strong>Gi\u1edbi thi\u1ec7u r\u01b0\u1ee3u vang Angelo Primitivo Montedidio:<\/strong><\/p>\n<ul>\n<li><strong>Chai vang \u0111\u1ecf \u00dd ANGELO Primitivo\u00a0<\/strong>\u0111\u01b0\u1ee3c \u0111\u00e1nh gi\u00e1 r\u1ea5t cao b\u1edfi h\u01b0\u01a1ng v\u1ecb m\u1ea1nh m\u1ebd, n\u1ed3ng n\u00e0n \u0111\u1ea7y th\u00fa v\u1ecb. Nguy\u00ean li\u1ec7u l\u00e0m r\u01b0\u1ee3u ch\u00ednh l\u00e0 gi\u1ed1ng nho Primitivo \u0111\u01b0\u1ee3c l\u1ef1a ch\u1ecdn nh\u1eefng tr\u00e1i nho cao c\u1ea5p \u0111\u01b0\u1ee3c tr\u1ed3ng nghi\u00eam ng\u1eb7t theo c\u00e1c nguy\u00ean t\u1eafc l\u00e2u \u0111\u1eddi. Nh\u1eefng ng\u01b0\u1eddi th\u1ee3 d\u00e0y d\u1ea1n kinh nghi\u1ec7m \u0111\u00e3 t\u1ef1 tay l\u1ef1a ch\u1ecdn nh\u1eefng tr\u00e1i nho c\u00f3 ch\u1ea5t l\u01b0\u1ee3ng t\u1ed1t nh\u1ea5t \u0111\u1ec3 l\u00e0m r\u01b0\u1ee3u. Sau khi \u0111\u01b0\u1ee3c \u0111\u01b0\u1ee3c nghi\u1ec1n \u00e9p l\u00ean men trong th\u00f9ng th\u00e9p kh\u00f4ng g\u1ec9, r\u01b0\u1ee3u \u0111\u01b0\u1ee3c \u1ee7 trong th\u00f9ng g\u1ed7 s\u1ed3i 8-12 th\u00e1ng.<\/li>\n<li><strong>R\u01b0\u1ee3u vang ANGELO\u00a0<\/strong>t\u1ea1o n\u00ean s\u1ef1 k\u1ebft h\u1ee3p xu\u1ea5t s\u1eafc khi d\u00f9ng c\u00f9ng c\u00e1c m\u00f3n \u0103n T\u00e2y nh\u01b0: B\u00edt t\u1ebft, ph\u00f4 mai, c\u00e1c m\u00f3n b\u1ecf l\u00f2. H\u01b0\u01a1ng v\u1ecb n\u1ed3ng n\u00e0n nh\u01b0 th\u00e1ch th\u1ee9c v\u1ecb gi\u00e1c c\u1ee7a th\u1ef1c kh\u00e1ch, l\u00f4i k\u00e9o, m\u1eddi g\u1ecdi h\u1ecd ti\u1ebfp t\u1ee5c th\u01b0\u1edfng th\u1ee9c, \u0111\u1eebng b\u1ecf l\u1ee1 nh\u1eefng gi\u1ecdt r\u01b0\u1ee3u th\u01a1m ngon. C\u00f3 th\u1ec3 n\u00f3i, m\u1ed9t khi \u0111\u00e3 th\u01b0\u1edfng th\u1ee9c R\u01b0\u1ee3u vang \u00dd\u00a0<strong>ANGELO<\/strong>\u00a0vi\u1ec7c d\u1eebng l\u1ea1i l\u00e0 kh\u00f4ng th\u1ec3. Th\u1ef1c kh\u00e1ch ph\u1ea3i d\u00f9ng \u0111\u1ebfn t\u1eebng gi\u1ecdt cu\u1ed1i c\u00f9ng m\u1edbi \u0111\u1ee7 tho\u1ea3 m\u00e3n cho s\u1ef1 kh\u00e1t khao nh\u1eefng gi\u1ecdt r\u01b0\u1ee3u th\u01a1m ngon.<\/li>\n<li><strong>R\u01b0\u1ee3u vang \u00dd ANGELO\u00a0<\/strong>\u0111\u01b0\u1ee3c \u0111\u00e1nh gi\u00e1 r\u1ea5t cao b\u1edfi h\u01b0\u01a1ng v\u1ecb m\u1ea1nh m\u1ebd, n\u1ed3ng n\u00e0n \u0111\u1ea7y th\u00fa v\u1ecb. Nguy\u00ean li\u1ec7u l\u00e0m r\u01b0\u1ee3u ch\u00ednh l\u00e0 nh\u1eefng tr\u00e1i nho cao c\u1ea5p \u0111\u01b0\u1ee3c tr\u1ed3ng nghi\u00eam ng\u1eb7t theo c\u00e1c nguy\u00ean t\u1eafc l\u00e2u \u0111\u1eddi, nh\u1eefng ng\u01b0\u1eddi th\u1ee3 d\u00e0y d\u1ea1n kinh nghi\u1ec7m \u0111\u00e3 t\u1ef1 tay l\u1ef1a ch\u1ecdn nh\u1eefng tr\u00e1i nho c\u00f3 ch\u1ea5t l\u01b0\u1ee3ng t\u1ed1t nh\u1ea5t \u0111\u1ec3 l\u00e0m r\u01b0\u1ee3u. Nh\u01b0ng c\u00f4ng \u0111o\u1ea1n kh\u00f4ng ch\u1ec9 d\u1eebng \u1edf v\u1eady, nh\u1eefng tr\u00e1i nho \u0111\u01b0\u1ee3c \u1ee7 trong nh\u1eefng th\u00f9ng g\u1ed7 s\u1ed3i cao c\u1ea5p \u0111\u1ec3 t\u1ea1o n\u00ean h\u01b0\u01a1ng v\u1ecb ho\u00e0n h\u1ea3o nh\u1ea5t.<\/li>\n<\/ul>\n<p><strong>H\u01b0\u01a1ng v\u1ecb, th\u01b0\u1edfng th\u1ee9c R\u01b0\u1ee3u vang ANGELO Primitivo Montedidio:<\/strong><\/p>\n<ul>\n<li>R\u01b0\u1ee3u vang Angelo \u00a0t\u1ea1o n\u00ean s\u1ef1 k\u1ebft h\u1ee3p xu\u1ea5t s\u1eafc khi d\u00f9ng c\u00f9ng c\u00e1c m\u00f3n \u0103n T\u00e2y nh\u01b0: B\u00edt t\u1ebft, ph\u00f4 mai, c\u00e1c m\u00f3n b\u1ecf l\u00f2. H\u01b0\u01a1ng v\u1ecb n\u1ed3ng n\u00e0n nh\u01b0 th\u00e1ch th\u1ee9c v\u1ecb gi\u00e1c c\u1ee7a th\u1ef1c kh\u00e1ch, l\u00f4i k\u00e9o, m\u1eddi g\u1ecdi h\u1ecd ti\u1ebfp t\u1ee5c th\u01b0\u1edfng th\u1ee9c, \u0111\u1eebng b\u1ecf l\u1ee1 nh\u1eefng gi\u1ecdt r\u01b0\u1ee3u th\u01a1m ngon. C\u00f3 th\u1ec3 n\u00f3i, m\u1ed9t khi \u0111\u00e3 th\u01b0\u1edfng th\u1ee9c R\u01b0\u1ee3u vang \u00dd\u00a0<strong>Angelo\u00a0<\/strong>vi\u1ec7c d\u1eebng l\u1ea1i l\u00e0 kh\u00f4ng th\u1ec3. Th\u1ef1c kh\u00e1ch ph\u1ea3i d\u00f9ng \u0111\u1ebfn t\u1eebng gi\u1ecdt cu\u1ed1i c\u00f9ng m\u1edbi \u0111\u1ee7 tho\u1ea3 m\u00e3n cho s\u1ef1 kh\u00e1t khao nh\u1eefng gi\u1ecdt r\u01b0\u1ee3u th\u01a1m ngon.<\/li>\n<li>Th\u1ef1c ph\u1ea9m k\u1ebft h\u1ee3p: Ph\u00f9 h\u1ee3p v\u1edbi c\u00e1c m\u00f3n th\u1ecbt \u0111\u1ecf nh\u01b0: Th\u1ecbt b\u00f2, th\u1ecbt c\u1eebu, \u0111\u1ed3 n\u01b0\u1edbng\u2026<\/li>\n<\/ul>\n<p><strong>H\u01b0\u1edbng d\u1eabn b\u1ea3o qu\u1ea3n v\u00e0 s\u1eed d\u1ee5ng r\u01b0\u1ee3u vang \u00dd Angelo:<\/strong><\/p>\n<ul>\n<li>B\u1ea3o qu\u1ea3n r\u01b0\u1ee3u vang\u00a0<strong>Angelo Primitivo Montedidio<\/strong>\u00a0\u1edf n\u01a1i tho\u00e1ng m\u00e1t, tr\u00e1nh ti\u1ebfp x\u00fac tr\u1ef1c ti\u1ebfp \u00e1nh n\u1eafng m\u1eb7t tr\u1eddi.<\/li>\n<li>Nhi\u1ec7t \u0111\u1ed9 s\u1eed d\u1ee5ng \u00a0t\u1ed1t nh\u1ea5t l\u00e0 \u1edf nhi\u1ec7t \u0111\u1ed9 16 -18\u00b0C<\/li>\n<\/ul>\n<p>&nbsp;<\/p>\n","protected":false},"excerpt":{"rendered":"<table style=\"border-collapse: collapse; width: 100%; height: 147px;\">\n<tbody>\n<tr style=\"height: 21px;\">\n<td style=\"width: 50%; height: 21px;\">Xu\u1ea5t x\u1ee9<\/td>\n<td style=\"width: 50%; height: 21px;\">\u00dd<\/td>\n<\/tr>\n<tr style=\"height: 21px;\">\n<td style=\"width: 50%; height: 21px;\">Lo\u1ea1i vang<\/td>\n<td style=\"width: 50%; height: 21px;\">Vang \u0111\u1ecf<\/td>\n<\/tr>\n<tr style=\"height: 21px;\">\n<td style=\"width: 50%; height: 21px;\">Gi\u1ed1ng nho<\/td>\n<td style=\"width: 50%; height: 21px;\">Primitivo<\/td>\n<\/tr>\n<tr style=\"height: 21px;\">\n<td style=\"width: 50%; height: 21px;\">N\u1ed3ng \u0111\u1ed9<\/td>\n<td style=\"width: 50%; height: 21px;\">14%<\/td>\n<\/tr>\n<tr style=\"height: 21px;\">\n<td style=\"width: 50%; height: 21px;\">Dung t\u00edch<\/td>\n<td style=\"width: 50%; height: 21px;\">750ML<\/td>\n<\/tr>\n<tr style=\"height: 21px;\">\n<td style=\"width: 50%; height: 21px;\">Ni\u00ean v\u1ee5<\/td>\n<td style=\"width: 50%; height: 21px;\">2020<\/td>\n<\/tr>\n<tr style=\"height: 21px;\">\n<td style=\"width: 50%; height: 21px;\"><\/td>\n<td style=\"width: 50%; height: 21px;\"><\/td>\n<\/tr>\n<\/tbody>\n<\/table>\n<p>&nbsp;<\/p>\n","protected":false},"featured_media":1057,"comment_status":"closed","ping_status":"closed","template":"","meta":{"_acf_changed":false},"product_brand":[],"product_cat":[80,27,213,62,29],"product_tag":[214,184,197,153],"class_list":{"0":"post-1056","1":"product","2":"type-product","3":"status-publish","4":"has-post-thumbnail","6":"product_cat-primitivo","7":"product_cat-ruou-vang","8":"product_cat-vang-angelo","9":"product_cat-vang-do","10":"product_cat-vang-y","11":"product_tag-angelo-primitivo-montedidio","12":"product_tag-ruou-vang-gia-re","13":"product_tag-vang-do","14":"product_tag-vang-y","16":"first","17":"instock","18":"shipping-taxable","19":"product-type-simple"},"acf":[],"yoast_head":"<!-- This site is optimized with the Yoast SEO plugin v26.8 - https:\/\/yoast.com\/product\/yoast-seo-wordpress\/ -->\n<title>R\u01b0\u1ee3u vang \u00dd Angelo Primitivo Montedidio - R.WINE<\/title>\n<meta name=\"robots\" content=\"noindex, follow\" \/>\n<meta property=\"og:locale\" content=\"vi_VN\" \/>\n<meta property=\"og:type\" content=\"article\" \/>\n<meta property=\"og:title\" content=\"R\u01b0\u1ee3u vang \u00dd Angelo Primitivo Montedidio - R.WINE\" \/>\n<meta property=\"og:description\" content=\"Xu\u1ea5t x\u1ee9 \u00dd   Lo\u1ea1i vang Vang \u0111\u1ecf   Gi\u1ed1ng nho Primitivo   N\u1ed3ng \u0111\u1ed9 14%   Dung t\u00edch 750ML   Ni\u00ean v\u1ee5 2020        &nbsp;\" \/>\n<meta property=\"og:url\" content=\"https:\/\/rwinevietnam.com\/home\/ruou-vang-y-angelo-primitivo-montedidio\/\" \/>\n<meta property=\"og:site_name\" content=\"R.WINE\" \/>\n<meta property=\"article:modified_time\" content=\"2023-10-11T11:53:12+00:00\" \/>\n<meta property=\"og:image\" content=\"https:\/\/rwinevietnam.com\/home\/wp-content\/uploads\/2023\/10\/Angelo.jpg\" \/>\n\t<meta property=\"og:image:width\" content=\"800\" \/>\n\t<meta property=\"og:image:height\" content=\"800\" \/>\n\t<meta property=\"og:image:type\" content=\"image\/jpeg\" \/>\n<meta name=\"twitter:card\" content=\"summary_large_image\" \/>\n<script type=\"application\/ld+json\" class=\"yoast-schema-graph\">{\"@context\":\"https:\/\/schema.org\",\"@graph\":[{\"@type\":\"WebPage\",\"@id\":\"https:\/\/rwinevietnam.com\/home\/ruou-vang-y-angelo-primitivo-montedidio\/\",\"url\":\"https:\/\/rwinevietnam.com\/home\/ruou-vang-y-angelo-primitivo-montedidio\/\",\"name\":\"R\u01b0\u1ee3u vang \u00dd Angelo Primitivo Montedidio - R.WINE\",\"isPartOf\":{\"@id\":\"https:\/\/rwinevietnam.com\/home\/#website\"},\"primaryImageOfPage\":{\"@id\":\"https:\/\/rwinevietnam.com\/home\/ruou-vang-y-angelo-primitivo-montedidio\/#primaryimage\"},\"image\":{\"@id\":\"https:\/\/rwinevietnam.com\/home\/ruou-vang-y-angelo-primitivo-montedidio\/#primaryimage\"},\"thumbnailUrl\":\"https:\/\/rwinevietnam.com\/home\/wp-content\/uploads\/2023\/10\/Angelo.jpg\",\"datePublished\":\"2023-10-11T11:48:11+00:00\",\"dateModified\":\"2023-10-11T11:53:12+00:00\",\"breadcrumb\":{\"@id\":\"https:\/\/rwinevietnam.com\/home\/ruou-vang-y-angelo-primitivo-montedidio\/#breadcrumb\"},\"inLanguage\":\"vi\",\"potentialAction\":[{\"@type\":\"ReadAction\",\"target\":[\"https:\/\/rwinevietnam.com\/home\/ruou-vang-y-angelo-primitivo-montedidio\/\"]}]},{\"@type\":\"ImageObject\",\"inLanguage\":\"vi\",\"@id\":\"https:\/\/rwinevietnam.com\/home\/ruou-vang-y-angelo-primitivo-montedidio\/#primaryimage\",\"url\":\"https:\/\/rwinevietnam.com\/home\/wp-content\/uploads\/2023\/10\/Angelo.jpg\",\"contentUrl\":\"https:\/\/rwinevietnam.com\/home\/wp-content\/uploads\/2023\/10\/Angelo.jpg\",\"width\":800,\"height\":800},{\"@type\":\"BreadcrumbList\",\"@id\":\"https:\/\/rwinevietnam.com\/home\/ruou-vang-y-angelo-primitivo-montedidio\/#breadcrumb\",\"itemListElement\":[{\"@type\":\"ListItem\",\"position\":1,\"name\":\"Trang ch\u1ee7\",\"item\":\"https:\/\/rwinevietnam.com\/home\/\"},{\"@type\":\"ListItem\",\"position\":2,\"name\":\"S\u1ea3n ph\u1ea9m\",\"item\":\"https:\/\/rwinevietnam.com\/home\/san-pham\/\"},{\"@type\":\"ListItem\",\"position\":3,\"name\":\"R\u01b0\u1ee3u vang \u00dd Angelo Primitivo Montedidio\"}]},{\"@type\":\"WebSite\",\"@id\":\"https:\/\/rwinevietnam.com\/home\/#website\",\"url\":\"https:\/\/rwinevietnam.com\/home\/\",\"name\":\"R.WINE\",\"description\":\"C\u00d4NG TY C\u1ed4 PH\u1ea6N XU\u1ea4T KH\u1ea8U NH\u1eacP KH\u1ea8U\",\"potentialAction\":[{\"@type\":\"SearchAction\",\"target\":{\"@type\":\"EntryPoint\",\"urlTemplate\":\"https:\/\/rwinevietnam.com\/home\/?s={search_term_string}\"},\"query-input\":{\"@type\":\"PropertyValueSpecification\",\"valueRequired\":true,\"valueName\":\"search_term_string\"}}],\"inLanguage\":\"vi\"}]}<\/script>\n<!-- \/ Yoast SEO plugin. -->","yoast_head_json":{"title":"R\u01b0\u1ee3u vang \u00dd Angelo Primitivo Montedidio - R.WINE","robots":{"index":"noindex","follow":"follow"},"og_locale":"vi_VN","og_type":"article","og_title":"R\u01b0\u1ee3u vang \u00dd Angelo Primitivo Montedidio - R.WINE","og_description":"Xu\u1ea5t x\u1ee9 \u00dd   Lo\u1ea1i vang Vang \u0111\u1ecf   Gi\u1ed1ng nho Primitivo   N\u1ed3ng \u0111\u1ed9 14%   Dung t\u00edch 750ML   Ni\u00ean v\u1ee5 2020        &nbsp;","og_url":"https:\/\/rwinevietnam.com\/home\/ruou-vang-y-angelo-primitivo-montedidio\/","og_site_name":"R.WINE","article_modified_time":"2023-10-11T11:53:12+00:00","og_image":[{"width":800,"height":800,"url":"https:\/\/rwinevietnam.com\/home\/wp-content\/uploads\/2023\/10\/Angelo.jpg","type":"image\/jpeg"}],"twitter_card":"summary_large_image","schema":{"@context":"https:\/\/schema.org","@graph":[{"@type":"WebPage","@id":"https:\/\/rwinevietnam.com\/home\/ruou-vang-y-angelo-primitivo-montedidio\/","url":"https:\/\/rwinevietnam.com\/home\/ruou-vang-y-angelo-primitivo-montedidio\/","name":"R\u01b0\u1ee3u vang \u00dd Angelo Primitivo Montedidio - R.WINE","isPartOf":{"@id":"https:\/\/rwinevietnam.com\/home\/#website"},"primaryImageOfPage":{"@id":"https:\/\/rwinevietnam.com\/home\/ruou-vang-y-angelo-primitivo-montedidio\/#primaryimage"},"image":{"@id":"https:\/\/rwinevietnam.com\/home\/ruou-vang-y-angelo-primitivo-montedidio\/#primaryimage"},"thumbnailUrl":"https:\/\/rwinevietnam.com\/home\/wp-content\/uploads\/2023\/10\/Angelo.jpg","datePublished":"2023-10-11T11:48:11+00:00","dateModified":"2023-10-11T11:53:12+00:00","breadcrumb":{"@id":"https:\/\/rwinevietnam.com\/home\/ruou-vang-y-angelo-primitivo-montedidio\/#breadcrumb"},"inLanguage":"vi","potentialAction":[{"@type":"ReadAction","target":["https:\/\/rwinevietnam.com\/home\/ruou-vang-y-angelo-primitivo-montedidio\/"]}]},{"@type":"ImageObject","inLanguage":"vi","@id":"https:\/\/rwinevietnam.com\/home\/ruou-vang-y-angelo-primitivo-montedidio\/#primaryimage","url":"https:\/\/rwinevietnam.com\/home\/wp-content\/uploads\/2023\/10\/Angelo.jpg","contentUrl":"https:\/\/rwinevietnam.com\/home\/wp-content\/uploads\/2023\/10\/Angelo.jpg","width":800,"height":800},{"@type":"BreadcrumbList","@id":"https:\/\/rwinevietnam.com\/home\/ruou-vang-y-angelo-primitivo-montedidio\/#breadcrumb","itemListElement":[{"@type":"ListItem","position":1,"name":"Trang ch\u1ee7","item":"https:\/\/rwinevietnam.com\/home\/"},{"@type":"ListItem","position":2,"name":"S\u1ea3n ph\u1ea9m","item":"https:\/\/rwinevietnam.com\/home\/san-pham\/"},{"@type":"ListItem","position":3,"name":"R\u01b0\u1ee3u vang \u00dd Angelo Primitivo Montedidio"}]},{"@type":"WebSite","@id":"https:\/\/rwinevietnam.com\/home\/#website","url":"https:\/\/rwinevietnam.com\/home\/","name":"R.WINE","description":"C\u00d4NG TY C\u1ed4 PH\u1ea6N XU\u1ea4T KH\u1ea8U NH\u1eacP KH\u1ea8U","potentialAction":[{"@type":"SearchAction","target":{"@type":"EntryPoint","urlTemplate":"https:\/\/rwinevietnam.com\/home\/?s={search_term_string}"},"query-input":{"@type":"PropertyValueSpecification","valueRequired":true,"valueName":"search_term_string"}}],"inLanguage":"vi"}]}},"_links":{"self":[{"href":"https:\/\/rwinevietnam.com\/home\/wp-json\/wp\/v2\/product\/1056","targetHints":{"allow":["GET"]}}],"collection":[{"href":"https:\/\/rwinevietnam.com\/home\/wp-json\/wp\/v2\/product"}],"about":[{"href":"https:\/\/rwinevietnam.com\/home\/wp-json\/wp\/v2\/types\/product"}],"replies":[{"embeddable":true,"href":"https:\/\/rwinevietnam.com\/home\/wp-json\/wp\/v2\/comments?post=1056"}],"wp:featuredmedia":[{"embeddable":true,"href":"https:\/\/rwinevietnam.com\/home\/wp-json\/wp\/v2\/media\/1057"}],"wp:attachment":[{"href":"https:\/\/rwinevietnam.com\/home\/wp-json\/wp\/v2\/media?parent=1056"}],"wp:term":[{"taxonomy":"product_brand","embeddable":true,"href":"https:\/\/rwinevietnam.com\/home\/wp-json\/wp\/v2\/product_brand?post=1056"},{"taxonomy":"product_cat","embeddable":true,"href":"https:\/\/rwinevietnam.com\/home\/wp-json\/wp\/v2\/product_cat?post=1056"},{"taxonomy":"product_tag","embeddable":true,"href":"https:\/\/rwinevietnam.com\/home\/wp-json\/wp\/v2\/product_tag?post=1056"}],"curies":[{"name":"wp","href":"https:\/\/api.w.org\/{rel}","templated":true}]}}