{"id":1053,"date":"2023-10-11T11:36:06","date_gmt":"2023-10-11T11:36:06","guid":{"rendered":"https:\/\/rwinevietnam.com\/home\/?post_type=product&#038;p=1053"},"modified":"2023-10-11T11:41:00","modified_gmt":"2023-10-11T11:41:00","slug":"ruou-vang-phap-bonechance-merlot","status":"publish","type":"product","link":"https:\/\/rwinevietnam.com\/home\/ruou-vang-phap-bonechance-merlot\/","title":{"rendered":"R\u01b0\u1ee3u vang Ph\u00e1p Bonechance Merlot"},"content":{"rendered":"<p><strong>R\u01b0\u1ee3u vang Ph\u00e1p Bonechance Merlot VDP d&#8217;Oc<\/strong>\u00a0lo\u1ea1i\u00a0<strong>vang \u0111\u1ecf<\/strong>\u00a0c\u1ee7a Ph\u00e1p. \u0110\u01b0\u1ee3c l\u00e0m t\u1eeb gi\u1ed1ng\u00a0<strong>nho Merlot\u00a0<\/strong>c\u00f9ng v\u1edbi s\u1ef1 ch\u1ecdn l\u1ecdc k\u00ec c\u00e0ng t\u1eeb nh\u1eefng tr\u00e1i nho t\u01b0\u01a1i ngon nh\u1ea5t \u0111\u1ec3 cho ra m\u1ed9t chai r\u01b0\u1ee3u vang th\u01a1m ngon.<\/p>\n<p><img loading=\"lazy\" decoding=\"async\" class=\" wp-image-1054 aligncenter\" src=\"https:\/\/rwinevietnam.com\/home\/wp-content\/uploads\/2023\/10\/IMG_5868-169x300.jpeg\" alt=\"\" width=\"195\" height=\"346\" srcset=\"https:\/\/rwinevietnam.com\/home\/wp-content\/uploads\/2023\/10\/IMG_5868-169x300.jpeg 169w, https:\/\/rwinevietnam.com\/home\/wp-content\/uploads\/2023\/10\/IMG_5868-576x1024.jpeg 576w, https:\/\/rwinevietnam.com\/home\/wp-content\/uploads\/2023\/10\/IMG_5868-768x1366.jpeg 768w, https:\/\/rwinevietnam.com\/home\/wp-content\/uploads\/2023\/10\/IMG_5868-864x1536.jpeg 864w, https:\/\/rwinevietnam.com\/home\/wp-content\/uploads\/2023\/10\/IMG_5868-1152x2048.jpeg 1152w, https:\/\/rwinevietnam.com\/home\/wp-content\/uploads\/2023\/10\/IMG_5868-300x533.jpeg 300w, https:\/\/rwinevietnam.com\/home\/wp-content\/uploads\/2023\/10\/IMG_5868-600x1067.jpeg 600w, https:\/\/rwinevietnam.com\/home\/wp-content\/uploads\/2023\/10\/IMG_5868.jpeg 1330w\" sizes=\"auto, (max-width: 195px) 100vw, 195px\" \/><\/p>\n<p>&nbsp;<\/p>\n<p><strong><u>GI\u1edaI THI\u1ec6U V\u1ec0 R\u01af\u1ee2U VANG \u0110\u1ece BONECHANCE MERLOT:<\/u><\/strong><\/p>\n<p>&nbsp;<\/p>\n<ul>\n<li><strong>R\u01b0\u1ee3u vang ph\u00e1p Bonechance Merlot<\/strong>\u00a0\u0111\u01b0\u1ee3c bi\u1ebft \u0111\u1ebfn v\u1edbi h\u01b0\u01a1ng v\u1ecb t\u01b0\u01a1i m\u1edbi v\u00e0 ch\u1ea5t l\u01b0\u1ee3ng ho\u00e0n h\u1ea3o, ch\u00ednh v\u00ec v\u1eady m\u00e0 ngay t\u1eeb khi xu\u1ea5t hi\u1ec7n n\u00f3 \u0111\u00e3 \u0111\u1ec3 l\u1ea1i r\u1ea5t nhi\u1ec1u \u1ea5n t\u01b0\u1ee3ng s\u00e2u s\u1eafc trong l\u00f2ng ng\u01b0\u1eddi th\u01b0\u1edfng th\u1ee9c.<\/li>\n<li>R\u01b0\u1ee3u c\u00f3 h\u01b0\u01a1ng v\u1ecb m\u1ea1nh m\u1ebd v\u00e0 tr\u00f2n \u0111\u1ea7y, ch\u00ednh v\u00ec v\u1eady m\u00e0 n\u00f3 \u0111\u00e3 \u0111\u1ec3 l\u1ea1i \u1ea5n t\u01b0\u1ee3ng s\u00e2u s\u1eafc \u0111\u1eb7c bi\u1ec7t nh\u1ea5t \u0111\u1ed1i v\u1edbi ng\u01b0\u1eddi th\u01b0\u1edfng th\u1ee9c vang. \u0110\u00f3 l\u00e0 m\u1ed9t trong nh\u1eefng s\u1ef1 k\u1ebft h\u1ee3p kh\u00e1 h\u00e0i h\u00f2a \u0111\u1ec3 t\u1ea1o n\u00ean m\u1ed9t d\u00f2ng vang theo phong c\u00e1ch ri\u00eang c\u1ee7a n\u00f3. R\u01b0\u1ee3u c\u00f3 n\u1ed3ng \u0111\u1ed9 \u0111\u1ea1t\u00a014%\u00a0v\u1edbi dung l\u01b0\u1ee3ng 750ml \u0111\u1ea3m b\u1ea3o \u0111\u01b0\u1ee3c c\u00e1 t\u00ednh kh\u00e1 m\u1ea1nh m\u1ebd v\u00e0 \u0111\u1ea7y n\u0103ng \u0111\u1ed9ng mang \u0111\u1ebfn cho ng\u01b0\u1eddi s\u1eed d\u1ee5ng nh\u1eefng c\u1ea3m gi\u00e1c m\u00e3nh li\u1ec7t nh\u1ea5t.<\/li>\n<\/ul>\n<p>&nbsp;<\/p>\n<p><strong><u>\u0110\u1eb6C \u0110I\u1ec2M C\u1ee6A R\u01af\u1ee2U VANG BONECHANE MERLOT:<\/u><\/strong><\/p>\n<p>&nbsp;<\/p>\n<ul>\n<li><strong>R\u01b0\u1ee3u vang Bonechance Merlot\u00a0<\/strong>c\u00f3 m\u00e0u \u0111\u1ecf \u0111\u1eadm gi\u1ed1ng nh\u01b0 m\u00e0u c\u1ee7a m\u1eadn ch\u00edn, \u0111\u00e2y l\u00e0 m\u00e0u t\u01b0\u1ee3ng tr\u01b0ng cho nh\u1eefng \u1ea5n t\u01b0\u1ee3ng \u0111\u1eb7c bi\u1ec7t nh\u1ea5t c\u1ee7a lo\u1ea1i r\u01b0\u1ee3u vang n\u00e0y, v\u1eeba c\u00f3 t\u00ednh \u0111\u1eadm \u0111\u00e0 m\u00e3nh li\u1ec7t l\u1ea1i v\u1eeba th\u00eam ph\u1ea7n quy\u1ebfn r\u0169 cu\u1ed1n h\u00fat ng\u01b0\u1eddi th\u01b0\u1edfng th\u1ee9c vang.<\/li>\n<li><strong>Vang Bonechance Merlot<\/strong>\u00a0mang \u0111\u1eadm h\u01b0\u01a1ng th\u01a1m c\u1ee7a nh\u1eefng lo\u1ea1i tr\u00e1i c\u00e2y ch\u00edn m\u1ecdng. \u0110\u00f3 l\u00e0 m\u1ed9t s\u1ef1 k\u1ebft h\u1ee3p h\u00e0i h\u00f2a nh\u1ea5t trong h\u01b0\u01a1ng th\u01a1m c\u1ee7a qu\u1ea3 m\u00e2m x\u00f4i, qu\u1ea3 l\u00fd chua \u0111en v\u00e0 th\u00eam v\u00e0o \u0111\u00f3 l\u00e0 m\u00f9i h\u01b0\u01a1ng c\u1ee7a h\u1ea1t ti\u00eau v\u00e0 qu\u1ebf c\u00f3 ch\u00fat thoang tho\u1ea3ng. T\u1ea5t c\u1ea3 \u0111\u00e3 t\u1ea1o n\u00ean m\u1ed9t h\u01b0\u01a1ng v\u1ecb tr\u00f2n tr\u1ecba nh\u1ea5t cho R\u01b0\u1ee3u, \u0111\u1ec3 l\u1ea1i \u1ea5n t\u01b0\u1ee3ng s\u00e2u s\u1eafc \u0111\u1ed1i v\u1edbi ng\u01b0\u1eddi d\u00f9ng. C\u00e1c m\u00f3n \u0103n c\u00f3 th\u1ec3 k\u1ebft h\u1ee3p: C\u00e1c lo\u1ea1i ph\u00f4 mai m\u1eb7n, th\u1ecbt \u0111\u1ecf n\u01b0\u1edbng hay th\u1ecbt c\u1eebu, th\u1ecbt l\u1ee3n, pizza\u2026 B\u1ea1n n\u00ean s\u1eed d\u1ee5ng r\u01b0\u1ee3u trong \u0111i\u1ec1u ki\u1ec7n nhi\u1ec7t \u0111\u1ed9 \u1edf 16 \u0111\u1ebfn 18 \u0111\u1ed9 C \u0111\u1ec3 \u0111\u1ea3m b\u1ea3o h\u01b0\u01a1ng v\u1ecb tuy\u1ec7t v\u1eddi nh\u1ea5t.<\/li>\n<\/ul>\n<p>&nbsp;<\/p>\n<p><strong><u>QUY TR\u00ccNH S\u1ea2N XU\u1ea4T R\u01af\u1ee2U VANG BONECHANCE MERLOT<\/u><\/strong><\/p>\n<p>&nbsp;<\/p>\n<ul>\n<li>\u0110\u1ec3 c\u00f3 th\u1ec3 t\u1ea1o n\u00ean \u0111\u01b0\u1ee3c m\u1ed9t lo\u1ea1i<strong>\u00a0r\u01b0\u1ee3u vang<\/strong>\u00a0n\u00e0y th\u00ec r\u01b0\u1ee3u s\u1ebd ph\u1ea3i \u0111\u01b0\u1ee3c \u1ee7 trong m\u1ed9t th\u1eddi gian nh\u1ea5t \u0111\u1ecbnh \u0111\u1ec3 nh\u1eb1m l\u00e0m h\u1ea1n ch\u1ebf s\u1ef1 oxi h\u00f3a t\u00e1c \u0111\u1ed9ng. R\u01b0\u1ee3u \u0111\u01b0\u1ee3c ti\u1ebfn h\u00e0nh \u1ee7 trong th\u1eddi gian kho\u1ea3ng t\u1eeb 3 cho \u0111\u1ebfn 6 th\u00e1ng. Sau \u0111\u00f3 ch\u00fang m\u1edbi \u0111\u01b0\u1ee3c mang ra \u0111\u00f3ng chai \u0111\u1ea3m b\u1ea3o \u0111\u00fang ti\u00eau chu\u1ea9n ch\u1ea5t l\u01b0\u1ee3ng r\u1ed3i m\u1edbi mang ra cung c\u1ea5p b\u00ean ngo\u00e0i th\u1ecb tr\u01b0\u1eddng ti\u00eau th\u1ee5.<\/li>\n<li><strong>Vang Bonechance Merlot<\/strong>\u00a0s\u1ebd l\u00e0 s\u1ef1 l\u1ef1a ch\u1ecdn tuy\u1ec7t v\u1eddi nh\u1ea5t d\u00e0nh cho t\u1ea5t c\u1ea3 c\u00e1c b\u1ea1n b\u1edfi \u0111\u00e2y l\u00e0 m\u1ed9t trong nh\u1eefng d\u00f2ng vang ph\u1ed5 th\u00f4ng v\u1edbi m\u1ee9c gi\u00e1 b\u00ecnh d\u00e2n nh\u1ea5t m\u00e0 v\u1eabn \u0111\u1ea3m b\u1ea3o \u0111\u01b0\u1ee3c h\u01b0\u01a1ng v\u1ecb c\u0169ng nh\u01b0 ch\u1ea5t l\u01b0\u1ee3ng c\u1ee7a r\u01b0\u1ee3u \u0111\u1ec3 l\u1ea1i \u1ea5n t\u01b0\u1ee3ng s\u00e2u s\u1eafc \u0111\u1ed1i v\u1edbi nh\u1eefng ng\u01b0\u1eddi \u0111\u00e3 t\u1eebng th\u01b0\u1edfng th\u1ee9c d\u00f2ng vang n\u00e0y.<\/li>\n<\/ul>\n<p>&nbsp;<\/p>\n","protected":false},"excerpt":{"rendered":"<table style=\"border-collapse: collapse; width: 100%; height: 147px;\">\n<tbody>\n<tr style=\"height: 21px;\">\n<td style=\"width: 50%; height: 21px;\">Xu\u1ea5t x\u1ee9<\/td>\n<td style=\"width: 50%; height: 21px;\">Ph\u00e1p<\/td>\n<\/tr>\n<tr style=\"height: 21px;\">\n<td style=\"width: 50%; height: 21px;\">Lo\u1ea1i vang<\/td>\n<td style=\"width: 50%; height: 21px;\">Vang \u0111\u1ecf<\/td>\n<\/tr>\n<tr style=\"height: 21px;\">\n<td style=\"width: 50%; height: 21px;\">Gi\u1ed1ng nho<\/td>\n<td style=\"width: 50%; height: 21px;\">Merlot<\/td>\n<\/tr>\n<tr style=\"height: 21px;\">\n<td style=\"width: 50%; height: 21px;\">N\u1ed3ng \u0111\u1ed9<\/td>\n<td style=\"width: 50%; height: 21px;\">14%<\/td>\n<\/tr>\n<tr style=\"height: 21px;\">\n<td style=\"width: 50%; height: 21px;\">Dung t\u00edch<\/td>\n<td style=\"width: 50%; height: 21px;\">750ML<\/td>\n<\/tr>\n<tr style=\"height: 21px;\">\n<td style=\"width: 50%; height: 21px;\">Ni\u00ean v\u1ee5<\/td>\n<td style=\"width: 50%; height: 21px;\">2020<\/td>\n<\/tr>\n<tr style=\"height: 21px;\">\n<td style=\"width: 50%; height: 21px;\"><\/td>\n<td style=\"width: 50%; height: 21px;\"><\/td>\n<\/tr>\n<\/tbody>\n<\/table>\n<p>&nbsp;<\/p>\n","protected":false},"featured_media":1055,"comment_status":"closed","ping_status":"closed","template":"","meta":{"_acf_changed":false},"product_brand":[],"product_cat":[78,27,85,62,28],"product_tag":[212,184,197,200],"class_list":{"0":"post-1053","1":"product","2":"type-product","3":"status-publish","4":"has-post-thumbnail","6":"product_cat-merlot","7":"product_cat-ruou-vang","8":"product_cat-ruou-vang-bordeaux","9":"product_cat-vang-do","10":"product_cat-vang-phap","11":"product_tag-bonechance-merlot","12":"product_tag-ruou-vang-gia-re","13":"product_tag-vang-do","14":"product_tag-vang-phap","16":"first","17":"instock","18":"shipping-taxable","19":"product-type-simple"},"acf":[],"yoast_head":"<!-- This site is optimized with the Yoast SEO plugin v26.8 - https:\/\/yoast.com\/product\/yoast-seo-wordpress\/ -->\n<title>R\u01b0\u1ee3u vang Ph\u00e1p Bonechance Merlot - R.WINE<\/title>\n<meta name=\"robots\" content=\"noindex, follow\" \/>\n<meta property=\"og:locale\" content=\"vi_VN\" \/>\n<meta property=\"og:type\" content=\"article\" \/>\n<meta property=\"og:title\" content=\"R\u01b0\u1ee3u vang Ph\u00e1p Bonechance Merlot - R.WINE\" \/>\n<meta property=\"og:description\" content=\"Xu\u1ea5t x\u1ee9 Ph\u00e1p   Lo\u1ea1i vang Vang \u0111\u1ecf   Gi\u1ed1ng nho Merlot   N\u1ed3ng \u0111\u1ed9 14%   Dung t\u00edch 750ML   Ni\u00ean v\u1ee5 2020        &nbsp;\" \/>\n<meta property=\"og:url\" content=\"https:\/\/rwinevietnam.com\/home\/ruou-vang-phap-bonechance-merlot\/\" \/>\n<meta property=\"og:site_name\" content=\"R.WINE\" \/>\n<meta property=\"article:modified_time\" content=\"2023-10-11T11:41:00+00:00\" \/>\n<meta property=\"og:image\" content=\"https:\/\/rwinevietnam.com\/home\/wp-content\/uploads\/2023\/10\/Bonechance-Merlot-VDP.jpg\" \/>\n\t<meta property=\"og:image:width\" content=\"800\" \/>\n\t<meta property=\"og:image:height\" content=\"800\" \/>\n\t<meta property=\"og:image:type\" content=\"image\/jpeg\" \/>\n<meta name=\"twitter:card\" content=\"summary_large_image\" \/>\n<script type=\"application\/ld+json\" class=\"yoast-schema-graph\">{\"@context\":\"https:\/\/schema.org\",\"@graph\":[{\"@type\":\"WebPage\",\"@id\":\"https:\/\/rwinevietnam.com\/home\/ruou-vang-phap-bonechance-merlot\/\",\"url\":\"https:\/\/rwinevietnam.com\/home\/ruou-vang-phap-bonechance-merlot\/\",\"name\":\"R\u01b0\u1ee3u vang Ph\u00e1p Bonechance Merlot - R.WINE\",\"isPartOf\":{\"@id\":\"https:\/\/rwinevietnam.com\/home\/#website\"},\"primaryImageOfPage\":{\"@id\":\"https:\/\/rwinevietnam.com\/home\/ruou-vang-phap-bonechance-merlot\/#primaryimage\"},\"image\":{\"@id\":\"https:\/\/rwinevietnam.com\/home\/ruou-vang-phap-bonechance-merlot\/#primaryimage\"},\"thumbnailUrl\":\"https:\/\/rwinevietnam.com\/home\/wp-content\/uploads\/2023\/10\/Bonechance-Merlot-VDP.jpg\",\"datePublished\":\"2023-10-11T11:36:06+00:00\",\"dateModified\":\"2023-10-11T11:41:00+00:00\",\"breadcrumb\":{\"@id\":\"https:\/\/rwinevietnam.com\/home\/ruou-vang-phap-bonechance-merlot\/#breadcrumb\"},\"inLanguage\":\"vi\",\"potentialAction\":[{\"@type\":\"ReadAction\",\"target\":[\"https:\/\/rwinevietnam.com\/home\/ruou-vang-phap-bonechance-merlot\/\"]}]},{\"@type\":\"ImageObject\",\"inLanguage\":\"vi\",\"@id\":\"https:\/\/rwinevietnam.com\/home\/ruou-vang-phap-bonechance-merlot\/#primaryimage\",\"url\":\"https:\/\/rwinevietnam.com\/home\/wp-content\/uploads\/2023\/10\/Bonechance-Merlot-VDP.jpg\",\"contentUrl\":\"https:\/\/rwinevietnam.com\/home\/wp-content\/uploads\/2023\/10\/Bonechance-Merlot-VDP.jpg\",\"width\":800,\"height\":800},{\"@type\":\"BreadcrumbList\",\"@id\":\"https:\/\/rwinevietnam.com\/home\/ruou-vang-phap-bonechance-merlot\/#breadcrumb\",\"itemListElement\":[{\"@type\":\"ListItem\",\"position\":1,\"name\":\"Trang ch\u1ee7\",\"item\":\"https:\/\/rwinevietnam.com\/home\/\"},{\"@type\":\"ListItem\",\"position\":2,\"name\":\"S\u1ea3n ph\u1ea9m\",\"item\":\"https:\/\/rwinevietnam.com\/home\/san-pham\/\"},{\"@type\":\"ListItem\",\"position\":3,\"name\":\"R\u01b0\u1ee3u vang Ph\u00e1p Bonechance Merlot\"}]},{\"@type\":\"WebSite\",\"@id\":\"https:\/\/rwinevietnam.com\/home\/#website\",\"url\":\"https:\/\/rwinevietnam.com\/home\/\",\"name\":\"R.WINE\",\"description\":\"C\u00d4NG TY C\u1ed4 PH\u1ea6N XU\u1ea4T KH\u1ea8U NH\u1eacP KH\u1ea8U\",\"potentialAction\":[{\"@type\":\"SearchAction\",\"target\":{\"@type\":\"EntryPoint\",\"urlTemplate\":\"https:\/\/rwinevietnam.com\/home\/?s={search_term_string}\"},\"query-input\":{\"@type\":\"PropertyValueSpecification\",\"valueRequired\":true,\"valueName\":\"search_term_string\"}}],\"inLanguage\":\"vi\"}]}<\/script>\n<!-- \/ Yoast SEO plugin. -->","yoast_head_json":{"title":"R\u01b0\u1ee3u vang Ph\u00e1p Bonechance Merlot - R.WINE","robots":{"index":"noindex","follow":"follow"},"og_locale":"vi_VN","og_type":"article","og_title":"R\u01b0\u1ee3u vang Ph\u00e1p Bonechance Merlot - R.WINE","og_description":"Xu\u1ea5t x\u1ee9 Ph\u00e1p   Lo\u1ea1i vang Vang \u0111\u1ecf   Gi\u1ed1ng nho Merlot   N\u1ed3ng \u0111\u1ed9 14%   Dung t\u00edch 750ML   Ni\u00ean v\u1ee5 2020        &nbsp;","og_url":"https:\/\/rwinevietnam.com\/home\/ruou-vang-phap-bonechance-merlot\/","og_site_name":"R.WINE","article_modified_time":"2023-10-11T11:41:00+00:00","og_image":[{"width":800,"height":800,"url":"https:\/\/rwinevietnam.com\/home\/wp-content\/uploads\/2023\/10\/Bonechance-Merlot-VDP.jpg","type":"image\/jpeg"}],"twitter_card":"summary_large_image","schema":{"@context":"https:\/\/schema.org","@graph":[{"@type":"WebPage","@id":"https:\/\/rwinevietnam.com\/home\/ruou-vang-phap-bonechance-merlot\/","url":"https:\/\/rwinevietnam.com\/home\/ruou-vang-phap-bonechance-merlot\/","name":"R\u01b0\u1ee3u vang Ph\u00e1p Bonechance Merlot - R.WINE","isPartOf":{"@id":"https:\/\/rwinevietnam.com\/home\/#website"},"primaryImageOfPage":{"@id":"https:\/\/rwinevietnam.com\/home\/ruou-vang-phap-bonechance-merlot\/#primaryimage"},"image":{"@id":"https:\/\/rwinevietnam.com\/home\/ruou-vang-phap-bonechance-merlot\/#primaryimage"},"thumbnailUrl":"https:\/\/rwinevietnam.com\/home\/wp-content\/uploads\/2023\/10\/Bonechance-Merlot-VDP.jpg","datePublished":"2023-10-11T11:36:06+00:00","dateModified":"2023-10-11T11:41:00+00:00","breadcrumb":{"@id":"https:\/\/rwinevietnam.com\/home\/ruou-vang-phap-bonechance-merlot\/#breadcrumb"},"inLanguage":"vi","potentialAction":[{"@type":"ReadAction","target":["https:\/\/rwinevietnam.com\/home\/ruou-vang-phap-bonechance-merlot\/"]}]},{"@type":"ImageObject","inLanguage":"vi","@id":"https:\/\/rwinevietnam.com\/home\/ruou-vang-phap-bonechance-merlot\/#primaryimage","url":"https:\/\/rwinevietnam.com\/home\/wp-content\/uploads\/2023\/10\/Bonechance-Merlot-VDP.jpg","contentUrl":"https:\/\/rwinevietnam.com\/home\/wp-content\/uploads\/2023\/10\/Bonechance-Merlot-VDP.jpg","width":800,"height":800},{"@type":"BreadcrumbList","@id":"https:\/\/rwinevietnam.com\/home\/ruou-vang-phap-bonechance-merlot\/#breadcrumb","itemListElement":[{"@type":"ListItem","position":1,"name":"Trang ch\u1ee7","item":"https:\/\/rwinevietnam.com\/home\/"},{"@type":"ListItem","position":2,"name":"S\u1ea3n ph\u1ea9m","item":"https:\/\/rwinevietnam.com\/home\/san-pham\/"},{"@type":"ListItem","position":3,"name":"R\u01b0\u1ee3u vang Ph\u00e1p Bonechance Merlot"}]},{"@type":"WebSite","@id":"https:\/\/rwinevietnam.com\/home\/#website","url":"https:\/\/rwinevietnam.com\/home\/","name":"R.WINE","description":"C\u00d4NG TY C\u1ed4 PH\u1ea6N XU\u1ea4T KH\u1ea8U NH\u1eacP KH\u1ea8U","potentialAction":[{"@type":"SearchAction","target":{"@type":"EntryPoint","urlTemplate":"https:\/\/rwinevietnam.com\/home\/?s={search_term_string}"},"query-input":{"@type":"PropertyValueSpecification","valueRequired":true,"valueName":"search_term_string"}}],"inLanguage":"vi"}]}},"_links":{"self":[{"href":"https:\/\/rwinevietnam.com\/home\/wp-json\/wp\/v2\/product\/1053","targetHints":{"allow":["GET"]}}],"collection":[{"href":"https:\/\/rwinevietnam.com\/home\/wp-json\/wp\/v2\/product"}],"about":[{"href":"https:\/\/rwinevietnam.com\/home\/wp-json\/wp\/v2\/types\/product"}],"replies":[{"embeddable":true,"href":"https:\/\/rwinevietnam.com\/home\/wp-json\/wp\/v2\/comments?post=1053"}],"wp:featuredmedia":[{"embeddable":true,"href":"https:\/\/rwinevietnam.com\/home\/wp-json\/wp\/v2\/media\/1055"}],"wp:attachment":[{"href":"https:\/\/rwinevietnam.com\/home\/wp-json\/wp\/v2\/media?parent=1053"}],"wp:term":[{"taxonomy":"product_brand","embeddable":true,"href":"https:\/\/rwinevietnam.com\/home\/wp-json\/wp\/v2\/product_brand?post=1053"},{"taxonomy":"product_cat","embeddable":true,"href":"https:\/\/rwinevietnam.com\/home\/wp-json\/wp\/v2\/product_cat?post=1053"},{"taxonomy":"product_tag","embeddable":true,"href":"https:\/\/rwinevietnam.com\/home\/wp-json\/wp\/v2\/product_tag?post=1053"}],"curies":[{"name":"wp","href":"https:\/\/api.w.org\/{rel}","templated":true}]}}