{"id":1046,"date":"2023-10-07T14:38:07","date_gmt":"2023-10-07T14:38:07","guid":{"rendered":"https:\/\/rwinevietnam.com\/home\/?post_type=product&#038;p=1046"},"modified":"2023-10-07T14:48:19","modified_gmt":"2023-10-07T14:48:19","slug":"ruou-vang-talca-cabernet-sauvigno","status":"publish","type":"product","link":"https:\/\/rwinevietnam.com\/home\/ruou-vang-talca-cabernet-sauvigno\/","title":{"rendered":"R\u01b0\u1ee3u vang TALCA CABERNET SAUVIGNO"},"content":{"rendered":"<div dir=\"auto\">\u0110\u01b0\u1ee3c bi\u1ebft t\u1edbi nh\u01b0 thi\u00ean \u0111\u01b0\u1eddng c\u1ee7a nh\u1eefng ng\u01b0\u1eddi y\u00eau r\u01b0\u1ee3u, Chile c\u00f2n l\u00e0 c\u00e1i n\u00f4i s\u1ea3n xu\u1ea5t r\u01b0\u1ee3u vang l\u00e2u \u0111\u1eddi. C\u00e1c s\u1ea3n ph\u1ea9m t\u1eeb n\u01a1i \u0111\u00e2y lu\u00f4n chi\u1ebfm tr\u1ecdn ni\u1ec1m tin, s\u1ef1 y\u00eau th\u00edch c\u0169ng nh\u01b0 l\u00e0 s\u1ef1 l\u1ef1a ch\u1ecdn kh\u00f4ng th\u1ec3 b\u1ecf qua.<\/div>\n<div dir=\"auto\"><\/div>\n<div dir=\"auto\"><img loading=\"lazy\" decoding=\"async\" class=\"size-medium wp-image-1050 aligncenter\" src=\"https:\/\/rwinevietnam.com\/home\/wp-content\/uploads\/2023\/10\/IMG_5568-1-300x169.jpeg\" alt=\"\" width=\"300\" height=\"169\" srcset=\"https:\/\/rwinevietnam.com\/home\/wp-content\/uploads\/2023\/10\/IMG_5568-1-300x169.jpeg 300w, https:\/\/rwinevietnam.com\/home\/wp-content\/uploads\/2023\/10\/IMG_5568-1-1024x576.jpeg 1024w, https:\/\/rwinevietnam.com\/home\/wp-content\/uploads\/2023\/10\/IMG_5568-1-768x432.jpeg 768w, https:\/\/rwinevietnam.com\/home\/wp-content\/uploads\/2023\/10\/IMG_5568-1-1536x864.jpeg 1536w, https:\/\/rwinevietnam.com\/home\/wp-content\/uploads\/2023\/10\/IMG_5568-1-2048x1152.jpeg 2048w, https:\/\/rwinevietnam.com\/home\/wp-content\/uploads\/2023\/10\/IMG_5568-1-600x337.jpeg 600w\" sizes=\"auto, (max-width: 300px) 100vw, 300px\" \/><\/div>\n<div dir=\"auto\"><\/div>\n<div dir=\"auto\"><\/div>\n<div dir=\"auto\"><span class=\"x3nfvp2 x1j61x8r x1fcty0u xdj266r xhhsvwb xat24cr xgzva0m xxymvpz xlup9mm x1kky2od\"><img loading=\"lazy\" decoding=\"async\" src=\"https:\/\/static.xx.fbcdn.net\/images\/emoji.php\/v9\/tf0\/2\/16\/1f449.png\" alt=\"\ud83d\udc49\" width=\"16\" height=\"16\" \/><\/span>Xu\u1ea5t x\u1ee9 t\u1eeb n\u01a1i thung l\u0169ng Central Valley, Nh\u00e0 s\u1ea3n xu\u1ea5t \u0111\u00e3 ch\u1ecdn ra nh\u1eefng tr\u00e1i nho ngon nh\u1ea5t, \u0111\u1ee7 ti\u00eau chu\u1ea9n nh\u1ea5t, v\u1eeba \u0111\u1ee7 l\u01b0\u1ee3ng \u0111\u01b0\u1eddng v\u00e0 \u0111\u1ed9 axit t\u1ef1 nhi\u00ean \u0111\u1ec3 l\u00e0m n\u00ean r\u01b0\u1ee3u Talca.<\/div>\n<div dir=\"auto\">R\u01b0\u1ee3u sau khi l\u00ean men, l\u00e3o h\u00f3a s\u1ebd \u0111\u01b0\u1ee3c \u1ee7 trong th\u00f9ng th\u00e9p kh\u00f4ng g\u1ec9 s\u1ea1ch s\u1ebd nh\u01b0ng k\u00edn \u0111\u00e1o \u0111\u1ec3 g\u00ecn gi\u1eef, ph\u00e1t huy h\u01b0\u01a1ng v\u1ecb tuy\u1ec7t v\u1eddi nh\u1ea5t c\u1ee7a ch\u00fang tr\u01b0\u1edbc khi \u0111\u1ea1t \u0111\u1ee7 ti\u00eau chu\u1ea9n mang ra \u0111\u00f3ng chai v\u00e0 ti\u00eau th\u1ee5 tr\u00ean th\u1ecb tr\u01b0\u1eddng.<\/div>\n<div dir=\"auto\"><span class=\"x3nfvp2 x1j61x8r x1fcty0u xdj266r xhhsvwb xat24cr xgzva0m xxymvpz xlup9mm x1kky2od\"><img loading=\"lazy\" decoding=\"async\" src=\"https:\/\/static.xx.fbcdn.net\/images\/emoji.php\/v9\/tf0\/2\/16\/1f449.png\" alt=\"\ud83d\udc49\" width=\"16\" height=\"16\" \/><\/span> H\u01b0\u01a1ng v\u1ecb: S\u1edf h\u1eefu m\u00e0u \u0111\u1ecf t\u01b0\u01a1i v\u1edbi gam m\u00e0u s\u00e1ng cu\u1ed1n h\u00fat v\u00e0 trang tr\u1ecdng, r\u01b0\u1ee3u \u0111em t\u1edbi c\u1ea3m nh\u1eadn tinh t\u1ebf v\u1ec1 m\u1eb7t th\u1ecb gi\u00e1c cho ng\u01b0\u1eddi th\u01b0\u1edfng th\u1ee9c.<\/div>\n<div dir=\"auto\">\u1ea8n trong l\u1edbp v\u1ecf th\u1ee7y tinh l\u00e0 m\u00f9i th\u01a1m nh\u1eb9 nh\u00e0ng c\u1ee7a nh\u1eefng lo\u1ea1i tr\u00e1i c\u00e2y nhi\u1ec7t \u0111\u1edbi nh\u01b0: D\u00e2u t\u00e2y, M\u00e2m x\u00f4i, M\u1eadn \u0111en, Blackberry v\u00e0 Vi\u1ec7t qu\u1ea5t.<\/div>\n<div dir=\"auto\">B\u00ean c\u1ea1nh \u0111\u00f3 l\u00e0 thoang tho\u1ea3ng h\u01b0\u01a1ng th\u01a1m ph\u1ee9c h\u1ee3p t\u1eeb gia v\u1ecb, th\u1ea3o m\u1ed9c nh\u1eb9 nh\u00e0ng s\u1ebd khi\u1ebfn cho h\u01b0\u01a1ng v\u1ecb c\u1ee7a vang c\u00f3 th\u00eam ph\u1ea7n phong ph\u00fa.<\/div>\n<div dir=\"auto\">\u0110an xen l\u00e0 m\u00f9i h\u01b0\u01a1ng g\u1ed7 s\u1ed3i thoang tho\u1ea3ng c\u00f9ng ch\u00fat ch\u00e1t nh\u1eb9 t\u1ea1i \u0111i\u1ec3m cu\u1ed1i v\u00f2ng h\u1ecdng c\u00e0ng b\u1ed9c l\u1ed9 s\u1ef1 \u01b0u t\u00fa c\u1ee7a chai r\u01b0\u1ee3u.<\/div>\n<div dir=\"auto\"><span class=\"x3nfvp2 x1j61x8r x1fcty0u xdj266r xhhsvwb xat24cr xgzva0m xxymvpz xlup9mm x1kky2od\"><img loading=\"lazy\" decoding=\"async\" src=\"https:\/\/static.xx.fbcdn.net\/images\/emoji.php\/v9\/tf0\/2\/16\/1f449.png\" alt=\"\ud83d\udc49\" width=\"16\" height=\"16\" \/><\/span> D\u00f9ng k\u00e8m: s\u1ef1 ho\u00e0n h\u1ea3o c\u1ee7a nh\u1eefng chai r\u01b0\u1ee3u vang lu\u00f4n t\u1edbi t\u1eeb h\u01b0\u01a1ng v\u1ecb ri\u00eang bi\u1ec7t c\u1ee7a ch\u00fang, v\u00e0 th\u1eadt \u0111\u00e1ng ti\u1ebfc n\u1ebfu kh\u00f4ng \u0111\u01b0\u1ee3c th\u01b0\u1edfng th\u1ee9c k\u00e8m c\u00e1c m\u00f3n \u0103n nh\u1eb1m t\u0103ng h\u01b0\u01a1ng v\u1ecb nh\u01b0 c\u00e1c lo\u1ea1i th\u1ecbt \u0111\u1ecf, th\u1ecbt v\u1ecbt, th\u1ecbt b\u00f2 cay, pate, th\u1ecbt th\u1ecf, th\u1ecbt quay, pho m\u00e1t c\u1ee9ng, pho m\u00e1t xanh,&#8230;<\/div>\n<div dir=\"auto\">C\u0169ng gi\u1ed1ng nh\u01b0 c\u00e1c chai vang \u0111\u1ecf Chile kh\u00e1c, Talca Cabernet Sauvignon ph\u00f9 h\u1ee3p \u0111\u1ec3 s\u1eed d\u1ee5ng h\u01a1n n\u1ebfu \u0111\u01b0\u1ee3c \u01b0\u1edbp l\u1ea1nh trong nhi\u1ec7t \u0111\u1ed9 t\u1eeb 15 \u2013 18 \u0111\u1ed9 C nh\u1eb1m m\u1ee5c \u0111\u00edch gi\u00fap th\u1ef1c kh\u00e1ch c\u1ea3m nh\u1eadn v\u1ecb r\u01b0\u1ee3u t\u1ed1t h\u01a1n, ngon h\u01a1n.<\/div>\n","protected":false},"excerpt":{"rendered":"<table style=\"border-collapse: collapse; width: 100%; height: 126px;\">\n<tbody>\n<tr style=\"height: 21px;\">\n<td style=\"width: 50%; height: 21px;\">Xu\u1ea5t x\u1ee9<\/td>\n<td style=\"width: 50%; height: 21px;\">Chile<\/td>\n<\/tr>\n<tr style=\"height: 21px;\">\n<td style=\"width: 50%; height: 21px;\">Lo\u1ea1i vang<\/td>\n<td style=\"width: 50%; height: 21px;\">Vang \u0111\u1ecf<\/td>\n<\/tr>\n<tr style=\"height: 21px;\">\n<td style=\"width: 50%; height: 21px;\">Gi\u1ed1ng nho<\/td>\n<td style=\"width: 50%; height: 21px;\">Carbernet Sauvignon<\/td>\n<\/tr>\n<tr style=\"height: 21px;\">\n<td style=\"width: 50%; height: 21px;\">N\u1ed3ng \u0111\u1ed9<\/td>\n<td style=\"width: 50%; height: 21px;\">13,5%<\/td>\n<\/tr>\n<tr style=\"height: 21px;\">\n<td style=\"width: 50%; height: 21px;\">Dung t\u00edch<\/td>\n<td style=\"width: 50%; height: 21px;\">750ML<\/td>\n<\/tr>\n<tr style=\"height: 21px;\">\n<td style=\"width: 50%; height: 21px;\">Ni\u00ean v\u1ee5<\/td>\n<td style=\"width: 50%; height: 21px;\">2021<\/td>\n<\/tr>\n<tr>\n<td style=\"width: 50%;\"><\/td>\n<td style=\"width: 50%;\"><\/td>\n<\/tr>\n<\/tbody>\n<\/table>\n<p>&nbsp;<\/p>\n","protected":false},"featured_media":1049,"comment_status":"closed","ping_status":"closed","template":"","meta":{"_acf_changed":false},"product_brand":[],"product_cat":[77,27,32,62],"product_tag":[184,211,209,210,197],"class_list":{"0":"post-1046","1":"product","2":"type-product","3":"status-publish","4":"has-post-thumbnail","6":"product_cat-cabernet-sauvignon","7":"product_cat-ruou-vang","8":"product_cat-vang-chile","9":"product_cat-vang-do","10":"product_tag-ruou-vang-gia-re","11":"product_tag-talca","12":"product_tag-talca-cabernet-sauvigno","13":"product_tag-vang-chile","14":"product_tag-vang-do","16":"first","17":"instock","18":"shipping-taxable","19":"product-type-simple"},"acf":[],"yoast_head":"<!-- This site is optimized with the Yoast SEO plugin v26.8 - https:\/\/yoast.com\/product\/yoast-seo-wordpress\/ -->\n<title>R\u01b0\u1ee3u vang TALCA CABERNET SAUVIGNO - R.WINE<\/title>\n<meta name=\"robots\" content=\"noindex, follow\" \/>\n<meta property=\"og:locale\" content=\"vi_VN\" \/>\n<meta property=\"og:type\" content=\"article\" \/>\n<meta property=\"og:title\" content=\"R\u01b0\u1ee3u vang TALCA CABERNET SAUVIGNO - R.WINE\" \/>\n<meta property=\"og:description\" content=\"Xu\u1ea5t x\u1ee9 Chile   Lo\u1ea1i vang Vang \u0111\u1ecf   Gi\u1ed1ng nho Carbernet Sauvignon   N\u1ed3ng \u0111\u1ed9 13,5%   Dung t\u00edch 750ML   Ni\u00ean v\u1ee5 2021        &nbsp;\" \/>\n<meta property=\"og:url\" content=\"https:\/\/rwinevietnam.com\/home\/ruou-vang-talca-cabernet-sauvigno\/\" \/>\n<meta property=\"og:site_name\" content=\"R.WINE\" \/>\n<meta property=\"article:modified_time\" content=\"2023-10-07T14:48:19+00:00\" \/>\n<meta property=\"og:image\" content=\"https:\/\/rwinevietnam.com\/home\/wp-content\/uploads\/2023\/10\/IMG_5567.jpeg\" \/>\n\t<meta property=\"og:image:width\" content=\"1330\" \/>\n\t<meta property=\"og:image:height\" content=\"2365\" \/>\n\t<meta property=\"og:image:type\" content=\"image\/jpeg\" \/>\n<meta name=\"twitter:card\" content=\"summary_large_image\" \/>\n<script type=\"application\/ld+json\" class=\"yoast-schema-graph\">{\"@context\":\"https:\/\/schema.org\",\"@graph\":[{\"@type\":\"WebPage\",\"@id\":\"https:\/\/rwinevietnam.com\/home\/ruou-vang-talca-cabernet-sauvigno\/\",\"url\":\"https:\/\/rwinevietnam.com\/home\/ruou-vang-talca-cabernet-sauvigno\/\",\"name\":\"R\u01b0\u1ee3u vang TALCA CABERNET SAUVIGNO - R.WINE\",\"isPartOf\":{\"@id\":\"https:\/\/rwinevietnam.com\/home\/#website\"},\"primaryImageOfPage\":{\"@id\":\"https:\/\/rwinevietnam.com\/home\/ruou-vang-talca-cabernet-sauvigno\/#primaryimage\"},\"image\":{\"@id\":\"https:\/\/rwinevietnam.com\/home\/ruou-vang-talca-cabernet-sauvigno\/#primaryimage\"},\"thumbnailUrl\":\"https:\/\/rwinevietnam.com\/home\/wp-content\/uploads\/2023\/10\/IMG_5567.jpeg\",\"datePublished\":\"2023-10-07T14:38:07+00:00\",\"dateModified\":\"2023-10-07T14:48:19+00:00\",\"breadcrumb\":{\"@id\":\"https:\/\/rwinevietnam.com\/home\/ruou-vang-talca-cabernet-sauvigno\/#breadcrumb\"},\"inLanguage\":\"vi\",\"potentialAction\":[{\"@type\":\"ReadAction\",\"target\":[\"https:\/\/rwinevietnam.com\/home\/ruou-vang-talca-cabernet-sauvigno\/\"]}]},{\"@type\":\"ImageObject\",\"inLanguage\":\"vi\",\"@id\":\"https:\/\/rwinevietnam.com\/home\/ruou-vang-talca-cabernet-sauvigno\/#primaryimage\",\"url\":\"https:\/\/rwinevietnam.com\/home\/wp-content\/uploads\/2023\/10\/IMG_5567.jpeg\",\"contentUrl\":\"https:\/\/rwinevietnam.com\/home\/wp-content\/uploads\/2023\/10\/IMG_5567.jpeg\",\"width\":1330,\"height\":2365},{\"@type\":\"BreadcrumbList\",\"@id\":\"https:\/\/rwinevietnam.com\/home\/ruou-vang-talca-cabernet-sauvigno\/#breadcrumb\",\"itemListElement\":[{\"@type\":\"ListItem\",\"position\":1,\"name\":\"Trang ch\u1ee7\",\"item\":\"https:\/\/rwinevietnam.com\/home\/\"},{\"@type\":\"ListItem\",\"position\":2,\"name\":\"S\u1ea3n ph\u1ea9m\",\"item\":\"https:\/\/rwinevietnam.com\/home\/san-pham\/\"},{\"@type\":\"ListItem\",\"position\":3,\"name\":\"R\u01b0\u1ee3u vang TALCA CABERNET SAUVIGNO\"}]},{\"@type\":\"WebSite\",\"@id\":\"https:\/\/rwinevietnam.com\/home\/#website\",\"url\":\"https:\/\/rwinevietnam.com\/home\/\",\"name\":\"R.WINE\",\"description\":\"C\u00d4NG TY C\u1ed4 PH\u1ea6N XU\u1ea4T KH\u1ea8U NH\u1eacP KH\u1ea8U\",\"potentialAction\":[{\"@type\":\"SearchAction\",\"target\":{\"@type\":\"EntryPoint\",\"urlTemplate\":\"https:\/\/rwinevietnam.com\/home\/?s={search_term_string}\"},\"query-input\":{\"@type\":\"PropertyValueSpecification\",\"valueRequired\":true,\"valueName\":\"search_term_string\"}}],\"inLanguage\":\"vi\"}]}<\/script>\n<!-- \/ Yoast SEO plugin. -->","yoast_head_json":{"title":"R\u01b0\u1ee3u vang TALCA CABERNET SAUVIGNO - R.WINE","robots":{"index":"noindex","follow":"follow"},"og_locale":"vi_VN","og_type":"article","og_title":"R\u01b0\u1ee3u vang TALCA CABERNET SAUVIGNO - R.WINE","og_description":"Xu\u1ea5t x\u1ee9 Chile   Lo\u1ea1i vang Vang \u0111\u1ecf   Gi\u1ed1ng nho Carbernet Sauvignon   N\u1ed3ng \u0111\u1ed9 13,5%   Dung t\u00edch 750ML   Ni\u00ean v\u1ee5 2021        &nbsp;","og_url":"https:\/\/rwinevietnam.com\/home\/ruou-vang-talca-cabernet-sauvigno\/","og_site_name":"R.WINE","article_modified_time":"2023-10-07T14:48:19+00:00","og_image":[{"width":1330,"height":2365,"url":"https:\/\/rwinevietnam.com\/home\/wp-content\/uploads\/2023\/10\/IMG_5567.jpeg","type":"image\/jpeg"}],"twitter_card":"summary_large_image","schema":{"@context":"https:\/\/schema.org","@graph":[{"@type":"WebPage","@id":"https:\/\/rwinevietnam.com\/home\/ruou-vang-talca-cabernet-sauvigno\/","url":"https:\/\/rwinevietnam.com\/home\/ruou-vang-talca-cabernet-sauvigno\/","name":"R\u01b0\u1ee3u vang TALCA CABERNET SAUVIGNO - R.WINE","isPartOf":{"@id":"https:\/\/rwinevietnam.com\/home\/#website"},"primaryImageOfPage":{"@id":"https:\/\/rwinevietnam.com\/home\/ruou-vang-talca-cabernet-sauvigno\/#primaryimage"},"image":{"@id":"https:\/\/rwinevietnam.com\/home\/ruou-vang-talca-cabernet-sauvigno\/#primaryimage"},"thumbnailUrl":"https:\/\/rwinevietnam.com\/home\/wp-content\/uploads\/2023\/10\/IMG_5567.jpeg","datePublished":"2023-10-07T14:38:07+00:00","dateModified":"2023-10-07T14:48:19+00:00","breadcrumb":{"@id":"https:\/\/rwinevietnam.com\/home\/ruou-vang-talca-cabernet-sauvigno\/#breadcrumb"},"inLanguage":"vi","potentialAction":[{"@type":"ReadAction","target":["https:\/\/rwinevietnam.com\/home\/ruou-vang-talca-cabernet-sauvigno\/"]}]},{"@type":"ImageObject","inLanguage":"vi","@id":"https:\/\/rwinevietnam.com\/home\/ruou-vang-talca-cabernet-sauvigno\/#primaryimage","url":"https:\/\/rwinevietnam.com\/home\/wp-content\/uploads\/2023\/10\/IMG_5567.jpeg","contentUrl":"https:\/\/rwinevietnam.com\/home\/wp-content\/uploads\/2023\/10\/IMG_5567.jpeg","width":1330,"height":2365},{"@type":"BreadcrumbList","@id":"https:\/\/rwinevietnam.com\/home\/ruou-vang-talca-cabernet-sauvigno\/#breadcrumb","itemListElement":[{"@type":"ListItem","position":1,"name":"Trang ch\u1ee7","item":"https:\/\/rwinevietnam.com\/home\/"},{"@type":"ListItem","position":2,"name":"S\u1ea3n ph\u1ea9m","item":"https:\/\/rwinevietnam.com\/home\/san-pham\/"},{"@type":"ListItem","position":3,"name":"R\u01b0\u1ee3u vang TALCA CABERNET SAUVIGNO"}]},{"@type":"WebSite","@id":"https:\/\/rwinevietnam.com\/home\/#website","url":"https:\/\/rwinevietnam.com\/home\/","name":"R.WINE","description":"C\u00d4NG TY C\u1ed4 PH\u1ea6N XU\u1ea4T KH\u1ea8U NH\u1eacP KH\u1ea8U","potentialAction":[{"@type":"SearchAction","target":{"@type":"EntryPoint","urlTemplate":"https:\/\/rwinevietnam.com\/home\/?s={search_term_string}"},"query-input":{"@type":"PropertyValueSpecification","valueRequired":true,"valueName":"search_term_string"}}],"inLanguage":"vi"}]}},"_links":{"self":[{"href":"https:\/\/rwinevietnam.com\/home\/wp-json\/wp\/v2\/product\/1046","targetHints":{"allow":["GET"]}}],"collection":[{"href":"https:\/\/rwinevietnam.com\/home\/wp-json\/wp\/v2\/product"}],"about":[{"href":"https:\/\/rwinevietnam.com\/home\/wp-json\/wp\/v2\/types\/product"}],"replies":[{"embeddable":true,"href":"https:\/\/rwinevietnam.com\/home\/wp-json\/wp\/v2\/comments?post=1046"}],"wp:featuredmedia":[{"embeddable":true,"href":"https:\/\/rwinevietnam.com\/home\/wp-json\/wp\/v2\/media\/1049"}],"wp:attachment":[{"href":"https:\/\/rwinevietnam.com\/home\/wp-json\/wp\/v2\/media?parent=1046"}],"wp:term":[{"taxonomy":"product_brand","embeddable":true,"href":"https:\/\/rwinevietnam.com\/home\/wp-json\/wp\/v2\/product_brand?post=1046"},{"taxonomy":"product_cat","embeddable":true,"href":"https:\/\/rwinevietnam.com\/home\/wp-json\/wp\/v2\/product_cat?post=1046"},{"taxonomy":"product_tag","embeddable":true,"href":"https:\/\/rwinevietnam.com\/home\/wp-json\/wp\/v2\/product_tag?post=1046"}],"curies":[{"name":"wp","href":"https:\/\/api.w.org\/{rel}","templated":true}]}}