{"id":1043,"date":"2023-10-06T13:19:17","date_gmt":"2023-10-06T13:19:17","guid":{"rendered":"https:\/\/rwinevietnam.com\/home\/?post_type=product&#038;p=1043"},"modified":"2023-10-06T13:29:18","modified_gmt":"2023-10-06T13:29:18","slug":"ruou-vang-y-1975-ambretto-primitivo","status":"publish","type":"product","link":"https:\/\/rwinevietnam.com\/home\/ruou-vang-y-1975-ambretto-primitivo\/","title":{"rendered":"R\u01b0\u1ee3u vang \u00dd 1975 Ambretto Primitivo"},"content":{"rendered":"<p><img loading=\"lazy\" decoding=\"async\" class=\"size-medium wp-image-1045 aligncenter\" src=\"https:\/\/rwinevietnam.com\/home\/wp-content\/uploads\/2023\/10\/367468744_229576830064047_7345666927861197547_n-225x300.jpg\" alt=\"\" width=\"225\" height=\"300\" srcset=\"https:\/\/rwinevietnam.com\/home\/wp-content\/uploads\/2023\/10\/367468744_229576830064047_7345666927861197547_n-225x300.jpg 225w, https:\/\/rwinevietnam.com\/home\/wp-content\/uploads\/2023\/10\/367468744_229576830064047_7345666927861197547_n-768x1024.jpg 768w, https:\/\/rwinevietnam.com\/home\/wp-content\/uploads\/2023\/10\/367468744_229576830064047_7345666927861197547_n-1152x1536.jpg 1152w, https:\/\/rwinevietnam.com\/home\/wp-content\/uploads\/2023\/10\/367468744_229576830064047_7345666927861197547_n-300x400.jpg 300w, https:\/\/rwinevietnam.com\/home\/wp-content\/uploads\/2023\/10\/367468744_229576830064047_7345666927861197547_n-600x800.jpg 600w, https:\/\/rwinevietnam.com\/home\/wp-content\/uploads\/2023\/10\/367468744_229576830064047_7345666927861197547_n.jpg 1536w\" sizes=\"auto, (max-width: 225px) 100vw, 225px\" \/><\/p>\n<p><strong>R\u01b0\u1ee3u vang \u00dd 1975 Ambretto Primitivo<\/strong>\u00a0l\u00e0 s\u1ea3n ph\u1ea9m c\u1ee7a h\u00e3ng r\u01b0\u1ee3u\u00a0<strong>Terre Cevico<\/strong>, l\u00e0m gi\u1ed1ng nho truy\u1ec1n th\u1ed1ng\u00a0<em>Primitivo<\/em>\u00a0\u2013 m\u1ed9t trong nh\u1eefng gi\u1ed1ng nho c\u00f3 h\u01b0\u01a1ng v\u1ecb \u0111\u1eb7c s\u1eafc v\u00e0 t\u1ea1o ra h\u01b0\u01a1ng v\u1ecb ri\u00eang.<\/p>\n<p><strong>R\u01b0\u1ee3u vang \u0111\u1ecf 1975 Ambretto Primitivo<\/strong>\u00a0\u0111\u01b0\u1ee3c s\u1ea3n xu\u1ea5t t\u1ea1i v\u00f9ng Puglia xinh \u0111\u1eb9p \u1edf mi\u1ec1n Nam\u00a0<a href=\"https:\/\/thebestwine.net\/danh-muc\/ruou-vang\/quoc-gia\/ruou-vang-y\/\">\u00dd<\/a>. N\u1eb1m tr\u00ean \u0111\u1ed9 cao l\u00ean t\u1edbi 100m so v\u1edbi m\u1ef1c n\u01b0\u1edbc bi\u1ec3n, c\u00f3 s\u1ef1 ch\u00eanh l\u1ec7ch nhi\u1ec7t \u0111\u1ed9 t\u01b0\u01a1ng \u0111\u1ed1i l\u1edbn gi\u1eefa ng\u00e0y v\u00e0 \u0111\u00eam, n\u01a1i \u0111\u00e2y cung c\u1ea5p nh\u1eefng \u0111i\u1ec1u ki\u1ec7n c\u1ef1c k\u00ec th\u00edch h\u1ee3p cho vi\u1ec7c tr\u1ed3ng nh\u1eefng gi\u1ed1ng nho s\u1ea3n xu\u1ea5t r\u01b0\u1ee3u vang.<\/p>\n<p><strong>\u0110\u1eb7c \u0111i\u1ec3m:<\/strong><\/p>\n<p>M\u00e0u: \u0110\u1ecf t\u00edm \u0111\u1eadm.<\/p>\n<p>H\u01b0\u01a1ng: M\u00f9i c\u1ee7a c\u00e1c lo\u1ea1i tr\u00e1i c\u00e2y ch\u00edn \u0111\u1ecf c\u00f9ng v\u1edbi m\u00f9i c\u1ee7a \u0111inh h\u01b0\u01a1ng, qu\u1ebf, h\u1ea1t ti\u00eau. Th\u1ea5p tho\u00e1ng trong \u0111\u00f3 c\u00f2n c\u00f3 c\u1ea3 h\u01b0\u01a1ng g\u1ed7 s\u1ed3i c\u00f2n \u0111\u1ecdng l\u1ea1i sau qu\u00e1 tr\u00ecnh \u1ee7 r\u01b0\u1ee3u.<\/p>\n<p>V\u1ecb: R\u01b0\u1ee3u c\u00f3 l\u1edbp tannin kh\u00e1 d\u00e0y, \u0111\u1eadm \u0111\u00e0 v\u00e0 th\u00eam x\u00edu ng\u1ecdt t\u1ef1 nhi\u00ean. Nh\u00e2m nhi ch\u1eadm r\u00e3i t\u1eebng ch\u00fat r\u01b0\u1ee3u vang s\u1ebd gi\u00fap th\u1ef1c kh\u00e1ch c\u1ea3m nh\u1eadn v\u00e0 \u0111\u00e1nh gi\u00e1 h\u01b0\u01a1ng v\u1ecb chu\u1ea9n x\u00e1c h\u01a1n. C\u00f3 th\u1ec3 ban \u0111\u1ea7u n\u00f3 kh\u00e1 nh\u1eb9 nh\u00e0ng, \u00f4n nhu nh\u01b0ng c\u00e0ng \u0111i s\u00e2u v\u00e0o trong n\u00f3 l\u1ea1i c\u00e0ng m\u00e3nh li\u1ec7t v\u00e0 dai d\u1eb3ng.<\/p>\n<ul>\n<li>K\u1ebft h\u1ee3p \u1ea9m th\u1ef1c: Ph\u00f9 h\u1ee3p v\u1edbi th\u1ef1c \u0111\u01a1n nh\u01b0 Steak, BBQ, th\u1ecbt n\u01b0\u1edbng, ph\u00f4 mai c\u1ee9ng, c\u1eebu n\u01b0\u1edbng, g\u00e0 t\u00e2y quay\u2026 .<\/li>\n<li>Ph\u1ee5c v\u1ee5: Th\u01b0\u1edfng th\u1ee9c ngon h\u01a1n khi \u01b0\u1edbp l\u1ea1nh \u1edf nhi\u1ec7t \u0111\u1ed9 16 \u2013 18 \u0111\u1ed9 C.<\/li>\n<li>Khui ra b\u00ecnh Decanter tr\u01b0\u1edbc 30 ph\u00fat tr\u01b0\u1edbc khi u\u1ed1ng s\u1ebd ngon h\u01a1n.<\/li>\n<\/ul>\n<p>&nbsp;<\/p>\n","protected":false},"excerpt":{"rendered":"<table style=\"border-collapse: collapse; width: 100%; height: 126px;\">\n<tbody>\n<tr style=\"height: 21px;\">\n<td style=\"width: 50%; height: 21px;\">Xu\u1ea5t x\u1ee9<\/td>\n<td style=\"width: 50%; height: 21px;\">\u00dd<\/td>\n<\/tr>\n<tr style=\"height: 21px;\">\n<td style=\"width: 50%; height: 21px;\">Lo\u1ea1i vang<\/td>\n<td style=\"width: 50%; height: 21px;\">Vang \u0111\u1ecf<\/td>\n<\/tr>\n<tr style=\"height: 21px;\">\n<td style=\"width: 50%; height: 21px;\">Gi\u1ed1ng nho<\/td>\n<td style=\"width: 50%; height: 21px;\">Primitivo<\/td>\n<\/tr>\n<tr style=\"height: 21px;\">\n<td style=\"width: 50%; height: 21px;\">N\u1ed3ng \u0111\u1ed9<\/td>\n<td style=\"width: 50%; height: 21px;\">15%<\/td>\n<\/tr>\n<tr style=\"height: 21px;\">\n<td style=\"width: 50%; height: 21px;\">Dung t\u00edch<\/td>\n<td style=\"width: 50%; height: 21px;\">750ML<\/td>\n<\/tr>\n<tr style=\"height: 21px;\">\n<td style=\"width: 50%; height: 21px;\">Ni\u00ean v\u1ee5<\/td>\n<td style=\"width: 50%; height: 21px;\">2021<\/td>\n<\/tr>\n<tr>\n<td style=\"width: 50%;\"><\/td>\n<td style=\"width: 50%;\"><\/td>\n<\/tr>\n<\/tbody>\n<\/table>\n<p>&nbsp;<\/p>\n","protected":false},"featured_media":1044,"comment_status":"closed","ping_status":"closed","template":"","meta":{"_acf_changed":false},"product_brand":[],"product_cat":[80,27,86,62,29],"product_tag":[208,184,155,197,153],"class_list":{"0":"post-1043","1":"product","2":"type-product","3":"status-publish","4":"has-post-thumbnail","6":"product_cat-primitivo","7":"product_cat-ruou-vang","8":"product_cat-ruou-vang-puglia","9":"product_cat-vang-do","10":"product_cat-vang-y","11":"product_tag-1975-ambretto-primitivo","12":"product_tag-ruou-vang-gia-re","13":"product_tag-ruou-vang-y","14":"product_tag-vang-do","15":"product_tag-vang-y","17":"first","18":"instock","19":"shipping-taxable","20":"product-type-simple"},"acf":[],"yoast_head":"<!-- This site is optimized with the Yoast SEO plugin v26.8 - https:\/\/yoast.com\/product\/yoast-seo-wordpress\/ -->\n<title>R\u01b0\u1ee3u vang \u00dd 1975 Ambretto Primitivo - R.WINE<\/title>\n<meta name=\"robots\" content=\"noindex, follow\" \/>\n<meta property=\"og:locale\" content=\"vi_VN\" \/>\n<meta property=\"og:type\" content=\"article\" \/>\n<meta property=\"og:title\" content=\"R\u01b0\u1ee3u vang \u00dd 1975 Ambretto Primitivo - R.WINE\" \/>\n<meta property=\"og:description\" content=\"Xu\u1ea5t x\u1ee9 \u00dd   Lo\u1ea1i vang Vang \u0111\u1ecf   Gi\u1ed1ng nho Primitivo   N\u1ed3ng \u0111\u1ed9 15%   Dung t\u00edch 750ML   Ni\u00ean v\u1ee5 2021        &nbsp;\" \/>\n<meta property=\"og:url\" content=\"https:\/\/rwinevietnam.com\/home\/ruou-vang-y-1975-ambretto-primitivo\/\" \/>\n<meta property=\"og:site_name\" content=\"R.WINE\" \/>\n<meta property=\"article:modified_time\" content=\"2023-10-06T13:29:18+00:00\" \/>\n<meta property=\"og:image\" content=\"https:\/\/rwinevietnam.com\/home\/wp-content\/uploads\/2023\/10\/367493219_229576840064046_2282030672575710881_n.jpg\" \/>\n\t<meta property=\"og:image:width\" content=\"1536\" \/>\n\t<meta property=\"og:image:height\" content=\"2048\" \/>\n\t<meta property=\"og:image:type\" content=\"image\/jpeg\" \/>\n<meta name=\"twitter:card\" content=\"summary_large_image\" \/>\n<script type=\"application\/ld+json\" class=\"yoast-schema-graph\">{\"@context\":\"https:\/\/schema.org\",\"@graph\":[{\"@type\":\"WebPage\",\"@id\":\"https:\/\/rwinevietnam.com\/home\/ruou-vang-y-1975-ambretto-primitivo\/\",\"url\":\"https:\/\/rwinevietnam.com\/home\/ruou-vang-y-1975-ambretto-primitivo\/\",\"name\":\"R\u01b0\u1ee3u vang \u00dd 1975 Ambretto Primitivo - R.WINE\",\"isPartOf\":{\"@id\":\"https:\/\/rwinevietnam.com\/home\/#website\"},\"primaryImageOfPage\":{\"@id\":\"https:\/\/rwinevietnam.com\/home\/ruou-vang-y-1975-ambretto-primitivo\/#primaryimage\"},\"image\":{\"@id\":\"https:\/\/rwinevietnam.com\/home\/ruou-vang-y-1975-ambretto-primitivo\/#primaryimage\"},\"thumbnailUrl\":\"https:\/\/rwinevietnam.com\/home\/wp-content\/uploads\/2023\/10\/367493219_229576840064046_2282030672575710881_n.jpg\",\"datePublished\":\"2023-10-06T13:19:17+00:00\",\"dateModified\":\"2023-10-06T13:29:18+00:00\",\"breadcrumb\":{\"@id\":\"https:\/\/rwinevietnam.com\/home\/ruou-vang-y-1975-ambretto-primitivo\/#breadcrumb\"},\"inLanguage\":\"vi\",\"potentialAction\":[{\"@type\":\"ReadAction\",\"target\":[\"https:\/\/rwinevietnam.com\/home\/ruou-vang-y-1975-ambretto-primitivo\/\"]}]},{\"@type\":\"ImageObject\",\"inLanguage\":\"vi\",\"@id\":\"https:\/\/rwinevietnam.com\/home\/ruou-vang-y-1975-ambretto-primitivo\/#primaryimage\",\"url\":\"https:\/\/rwinevietnam.com\/home\/wp-content\/uploads\/2023\/10\/367493219_229576840064046_2282030672575710881_n.jpg\",\"contentUrl\":\"https:\/\/rwinevietnam.com\/home\/wp-content\/uploads\/2023\/10\/367493219_229576840064046_2282030672575710881_n.jpg\",\"width\":1536,\"height\":2048},{\"@type\":\"BreadcrumbList\",\"@id\":\"https:\/\/rwinevietnam.com\/home\/ruou-vang-y-1975-ambretto-primitivo\/#breadcrumb\",\"itemListElement\":[{\"@type\":\"ListItem\",\"position\":1,\"name\":\"Trang ch\u1ee7\",\"item\":\"https:\/\/rwinevietnam.com\/home\/\"},{\"@type\":\"ListItem\",\"position\":2,\"name\":\"S\u1ea3n ph\u1ea9m\",\"item\":\"https:\/\/rwinevietnam.com\/home\/san-pham\/\"},{\"@type\":\"ListItem\",\"position\":3,\"name\":\"R\u01b0\u1ee3u vang \u00dd 1975 Ambretto Primitivo\"}]},{\"@type\":\"WebSite\",\"@id\":\"https:\/\/rwinevietnam.com\/home\/#website\",\"url\":\"https:\/\/rwinevietnam.com\/home\/\",\"name\":\"R.WINE\",\"description\":\"C\u00d4NG TY C\u1ed4 PH\u1ea6N XU\u1ea4T KH\u1ea8U NH\u1eacP KH\u1ea8U\",\"potentialAction\":[{\"@type\":\"SearchAction\",\"target\":{\"@type\":\"EntryPoint\",\"urlTemplate\":\"https:\/\/rwinevietnam.com\/home\/?s={search_term_string}\"},\"query-input\":{\"@type\":\"PropertyValueSpecification\",\"valueRequired\":true,\"valueName\":\"search_term_string\"}}],\"inLanguage\":\"vi\"}]}<\/script>\n<!-- \/ Yoast SEO plugin. -->","yoast_head_json":{"title":"R\u01b0\u1ee3u vang \u00dd 1975 Ambretto Primitivo - R.WINE","robots":{"index":"noindex","follow":"follow"},"og_locale":"vi_VN","og_type":"article","og_title":"R\u01b0\u1ee3u vang \u00dd 1975 Ambretto Primitivo - R.WINE","og_description":"Xu\u1ea5t x\u1ee9 \u00dd   Lo\u1ea1i vang Vang \u0111\u1ecf   Gi\u1ed1ng nho Primitivo   N\u1ed3ng \u0111\u1ed9 15%   Dung t\u00edch 750ML   Ni\u00ean v\u1ee5 2021        &nbsp;","og_url":"https:\/\/rwinevietnam.com\/home\/ruou-vang-y-1975-ambretto-primitivo\/","og_site_name":"R.WINE","article_modified_time":"2023-10-06T13:29:18+00:00","og_image":[{"width":1536,"height":2048,"url":"https:\/\/rwinevietnam.com\/home\/wp-content\/uploads\/2023\/10\/367493219_229576840064046_2282030672575710881_n.jpg","type":"image\/jpeg"}],"twitter_card":"summary_large_image","schema":{"@context":"https:\/\/schema.org","@graph":[{"@type":"WebPage","@id":"https:\/\/rwinevietnam.com\/home\/ruou-vang-y-1975-ambretto-primitivo\/","url":"https:\/\/rwinevietnam.com\/home\/ruou-vang-y-1975-ambretto-primitivo\/","name":"R\u01b0\u1ee3u vang \u00dd 1975 Ambretto Primitivo - R.WINE","isPartOf":{"@id":"https:\/\/rwinevietnam.com\/home\/#website"},"primaryImageOfPage":{"@id":"https:\/\/rwinevietnam.com\/home\/ruou-vang-y-1975-ambretto-primitivo\/#primaryimage"},"image":{"@id":"https:\/\/rwinevietnam.com\/home\/ruou-vang-y-1975-ambretto-primitivo\/#primaryimage"},"thumbnailUrl":"https:\/\/rwinevietnam.com\/home\/wp-content\/uploads\/2023\/10\/367493219_229576840064046_2282030672575710881_n.jpg","datePublished":"2023-10-06T13:19:17+00:00","dateModified":"2023-10-06T13:29:18+00:00","breadcrumb":{"@id":"https:\/\/rwinevietnam.com\/home\/ruou-vang-y-1975-ambretto-primitivo\/#breadcrumb"},"inLanguage":"vi","potentialAction":[{"@type":"ReadAction","target":["https:\/\/rwinevietnam.com\/home\/ruou-vang-y-1975-ambretto-primitivo\/"]}]},{"@type":"ImageObject","inLanguage":"vi","@id":"https:\/\/rwinevietnam.com\/home\/ruou-vang-y-1975-ambretto-primitivo\/#primaryimage","url":"https:\/\/rwinevietnam.com\/home\/wp-content\/uploads\/2023\/10\/367493219_229576840064046_2282030672575710881_n.jpg","contentUrl":"https:\/\/rwinevietnam.com\/home\/wp-content\/uploads\/2023\/10\/367493219_229576840064046_2282030672575710881_n.jpg","width":1536,"height":2048},{"@type":"BreadcrumbList","@id":"https:\/\/rwinevietnam.com\/home\/ruou-vang-y-1975-ambretto-primitivo\/#breadcrumb","itemListElement":[{"@type":"ListItem","position":1,"name":"Trang ch\u1ee7","item":"https:\/\/rwinevietnam.com\/home\/"},{"@type":"ListItem","position":2,"name":"S\u1ea3n ph\u1ea9m","item":"https:\/\/rwinevietnam.com\/home\/san-pham\/"},{"@type":"ListItem","position":3,"name":"R\u01b0\u1ee3u vang \u00dd 1975 Ambretto Primitivo"}]},{"@type":"WebSite","@id":"https:\/\/rwinevietnam.com\/home\/#website","url":"https:\/\/rwinevietnam.com\/home\/","name":"R.WINE","description":"C\u00d4NG TY C\u1ed4 PH\u1ea6N XU\u1ea4T KH\u1ea8U NH\u1eacP KH\u1ea8U","potentialAction":[{"@type":"SearchAction","target":{"@type":"EntryPoint","urlTemplate":"https:\/\/rwinevietnam.com\/home\/?s={search_term_string}"},"query-input":{"@type":"PropertyValueSpecification","valueRequired":true,"valueName":"search_term_string"}}],"inLanguage":"vi"}]}},"_links":{"self":[{"href":"https:\/\/rwinevietnam.com\/home\/wp-json\/wp\/v2\/product\/1043","targetHints":{"allow":["GET"]}}],"collection":[{"href":"https:\/\/rwinevietnam.com\/home\/wp-json\/wp\/v2\/product"}],"about":[{"href":"https:\/\/rwinevietnam.com\/home\/wp-json\/wp\/v2\/types\/product"}],"replies":[{"embeddable":true,"href":"https:\/\/rwinevietnam.com\/home\/wp-json\/wp\/v2\/comments?post=1043"}],"wp:featuredmedia":[{"embeddable":true,"href":"https:\/\/rwinevietnam.com\/home\/wp-json\/wp\/v2\/media\/1044"}],"wp:attachment":[{"href":"https:\/\/rwinevietnam.com\/home\/wp-json\/wp\/v2\/media?parent=1043"}],"wp:term":[{"taxonomy":"product_brand","embeddable":true,"href":"https:\/\/rwinevietnam.com\/home\/wp-json\/wp\/v2\/product_brand?post=1043"},{"taxonomy":"product_cat","embeddable":true,"href":"https:\/\/rwinevietnam.com\/home\/wp-json\/wp\/v2\/product_cat?post=1043"},{"taxonomy":"product_tag","embeddable":true,"href":"https:\/\/rwinevietnam.com\/home\/wp-json\/wp\/v2\/product_tag?post=1043"}],"curies":[{"name":"wp","href":"https:\/\/api.w.org\/{rel}","templated":true}]}}