{"id":1040,"date":"2023-10-06T12:33:22","date_gmt":"2023-10-06T12:33:22","guid":{"rendered":"https:\/\/rwinevietnam.com\/home\/?post_type=product&#038;p=1040"},"modified":"2023-10-06T12:54:38","modified_gmt":"2023-10-06T12:54:38","slug":"ruou-vang-y-ala-rosso-ditalia-puglia","status":"publish","type":"product","link":"https:\/\/rwinevietnam.com\/home\/ruou-vang-y-ala-rosso-ditalia-puglia\/","title":{"rendered":"R\u01af\u1ee2U VANG \u00dd ALA ROSSO DITALIA PUGLIA"},"content":{"rendered":"<p><span style=\"font-size: 120%;\"><strong><a href=\"https:\/\/khoruou68.com\/ruou-vang-ala-rossa-d-italia-premium-limited-edition\/\">R\u01b0\u1ee3u vang Ala Rossa D Italia Premium Limited Edition<\/a>\u00a0<\/strong>l\u00e0 m\u1ed9t lo\u1ea1i r\u01b0\u1ee3u vang \u0111\u1ebfn t\u1eeb \u0111\u1ea5t n\u01b0\u1edbc \u00dd n\u1ed5i ti\u1ebfng v\u1edbi n\u1ec1n v\u0103n h\u00f3a \u1ea9m th\u1ef1c phong ph\u00fa v\u00e0 \u0111a d\u1ea1ng. \u0110\u00e2y l\u00e0 m\u1ed9t s\u1ea3n ph\u1ea9m\u00a0<a href=\"https:\/\/khoruou68.com\/ruou-vang-y\/\">r\u01b0\u1ee3u vang \u00dd<\/a>\u00a0cao c\u1ea5p \u0111\u01b0\u1ee3c l\u00e0m t\u1eeb nh\u1eefng tr\u00e1i nho tuy\u1ec7t v\u1eddi nh\u1ea5t c\u1ee7a c\u00e1c v\u01b0\u1eddn nho t\u1ea1i v\u00f9ng \u0111\u1ea5t Toscana, \u00dd.\u00a0R.WINE\u00a0l\u00e0 m\u1ed9t trong nh\u1eefng \u0111\u1ecba ch\u1ec9 b\u00e1n r\u01b0\u1ee3u vang Ala Rossa D Italia Premium Limited Edition uy t\u00edn v\u00e0 ch\u1ea5t l\u01b0\u1ee3ng nh\u1ea5t. Ch\u00fang t\u00f4i t\u1ef1 h\u00e0o l\u00e0 nh\u00e0 ph\u00e2n ph\u1ed1i s\u1ea3n ph\u1ea9m n\u00e0y v\u1edbi gi\u00e1 c\u1ea3 ph\u00f9 h\u1ee3p v\u00e0 ch\u1ea5t l\u01b0\u1ee3ng tuy\u1ec7t v\u1eddi.<\/span><\/p>\n<p><img loading=\"lazy\" decoding=\"async\" class=\"size-medium wp-image-1041 aligncenter\" src=\"https:\/\/rwinevietnam.com\/home\/wp-content\/uploads\/2023\/10\/365294148_227663976921999_8358618564623894383_n-225x300.jpg\" alt=\"\" width=\"225\" height=\"300\" srcset=\"https:\/\/rwinevietnam.com\/home\/wp-content\/uploads\/2023\/10\/365294148_227663976921999_8358618564623894383_n-225x300.jpg 225w, https:\/\/rwinevietnam.com\/home\/wp-content\/uploads\/2023\/10\/365294148_227663976921999_8358618564623894383_n-768x1024.jpg 768w, https:\/\/rwinevietnam.com\/home\/wp-content\/uploads\/2023\/10\/365294148_227663976921999_8358618564623894383_n-1152x1536.jpg 1152w, https:\/\/rwinevietnam.com\/home\/wp-content\/uploads\/2023\/10\/365294148_227663976921999_8358618564623894383_n-300x400.jpg 300w, https:\/\/rwinevietnam.com\/home\/wp-content\/uploads\/2023\/10\/365294148_227663976921999_8358618564623894383_n-600x800.jpg 600w, https:\/\/rwinevietnam.com\/home\/wp-content\/uploads\/2023\/10\/365294148_227663976921999_8358618564623894383_n.jpg 1536w\" sizes=\"auto, (max-width: 225px) 100vw, 225px\" \/><\/p>\n<p>&nbsp;<\/p>\n<p><span style=\"font-size: 120%;\">R\u01b0\u1ee3u vang Ala Rossa D Italia Premium Limited Edition<\/span><\/p>\n<p><span style=\"font-size: 120%;\"><strong>R\u01b0\u1ee3u vang Ala Rossa D\u2019Italia Premium Limited Edition<\/strong>\u00a0\u0111\u01b0\u1ee3c t\u1ea1o ra t\u1eeb c\u1ea3m h\u1ee9ng c\u1ee7a c\u00e2u chuy\u1ec7n t\u00ecnh c\u1ee7a Romeo v\u00e0 Juliet \u1edf ch\u00ednh n\u01a1i \u0111\u00e3 l\u00e0m n\u00ean chai r\u01b0\u1ee3u \u0111\u1eb7c bi\u1ec7t n\u00e0y l\u00e0 th\u00e0nh ph\u1ed1 Verona v\u00f4 c\u00f9ng l\u00e3ng m\u1ea1n. Nh\u1eefng gi\u1ecdt r\u01b0\u1ee3u nh\u01b0 nh\u1eefng gi\u1ecdt n\u01b0\u1edbc m\u1eaft c\u1ee7a ch\u00e0ng Romeo v\u00e0 n\u00e0ng Juliet trong c\u00e2u chuy\u1ec7n t\u00ecnh \u0111\u1eb9p m\u00e0 \u0111\u1ea7y cay \u0111\u1eafng, v\u00ec th\u1ebf h\u1eadu v\u1ecb c\u1ee7a chai Alarossa c\u00f3 ch\u00fat v\u1ecb m\u1eb7n k\u00e9o d\u00e0i m\u00e3i kh\u00f4ng gi\u1ed1ng v\u1edbi b\u1ea5t k\u1ef3 m\u1ed9t chai r\u01b0\u1ee3u n\u00e0o kh\u00e1c. Alarossa trong ti\u1ebfng \u00dd c\u00f3 ngh\u0129a l\u00e0 \u0111\u00f4i c\u00e1nh \u0111\u1ea1i b\u00e0ng, chai r\u01b0\u1ee3u v\u1edbi bi\u1ec3u t\u01b0\u1ee3ng \u0111\u00f4i c\u00e1nh \u0111\u1ea1i b\u00e0ng s\u1ebd m\u00e3i bay cao v\u00e0 b\u1ea5t di\u1ec7t nh\u01b0 t\u00ecnh y\u00eau v\u0129nh c\u1eedu c\u1ee7a Romeo v\u00e0 Juliet.<\/span><\/p>\n<p><span style=\"font-size: 120%;\">R\u01b0\u1ee3u vang Ala Rossa D Italia Premium Limited Edition l\u00e0 m\u1ed9t d\u00f2ng s\u1ea3n ph\u1ea9m r\u01b0\u1ee3u vang cao c\u1ea5p \u0111\u01b0\u1ee3c s\u1ea3n xu\u1ea5t t\u1ea1i Italia. \u0110\u01b0\u1ee3c s\u1ea3n xu\u1ea5t t\u1eeb nh\u1eefng tr\u00e1i nho ngon nh\u1ea5t \u0111\u01b0\u1ee3c tr\u1ed3ng tr\u00ean c\u00e1c c\u00e1nh \u0111\u1ed3ng n\u1ed5i ti\u1ebfng c\u1ee7a n\u01b0\u1edbc \u00dd, r\u01b0\u1ee3u vang Ala Rossa D Italia Premium Limited Edition mang \u0111\u1ebfn cho ng\u01b0\u1eddi d\u00f9ng m\u1ed9t tr\u1ea3i nghi\u1ec7m th\u01b0\u1edfng th\u1ee9c r\u01b0\u1ee3u vang \u0111\u00edch th\u1ef1c.<\/span><\/p>\n<p><span style=\"font-size: 120%;\">V\u1edbi ch\u1ea5t l\u01b0\u1ee3ng cao c\u1ea5p v\u00e0 h\u01b0\u01a1ng v\u1ecb tuy\u1ec7t v\u1eddi, r\u01b0\u1ee3u vang Ala Rossa D Italia Premium Limited Edition \u0111\u00e3 tr\u1edf th\u00e0nh m\u1ed9t s\u1ea3n ph\u1ea9m \u0111\u01b0\u1ee3c nhi\u1ec1u ng\u01b0\u1eddi ti\u00eau d\u00f9ng \u01b0a chu\u1ed9ng. V\u00ec v\u1eady, ch\u00fang t\u00f4i mu\u1ed1n chia s\u1ebb v\u1edbi b\u1ea1n \u0111\u1ecdc v\u1ec1 nh\u1eefng \u0111\u1eb7c \u0111i\u1ec3m n\u1ed5i b\u1eadt c\u1ee7a s\u1ea3n ph\u1ea9m n\u00e0y.<\/span><\/p>\n<ol>\n<li><span style=\"font-size: 120%;\">Quy tr\u00ecnh s\u1ea3n xu\u1ea5t r\u01b0\u1ee3u vang Ala Rossa D Italia Premium Limited Edition<\/span><\/li>\n<\/ol>\n<p><span style=\"font-size: 120%;\">R\u01b0\u1ee3u vang Ala Rossa D Italia Premium Limited Edition \u0111\u01b0\u1ee3c s\u1ea3n xu\u1ea5t t\u1eeb c\u00e1c tr\u00e1i nho ngon nh\u1ea5t \u0111\u01b0\u1ee3c h\u00e1i b\u1eb1ng tay tr\u00ean c\u00e1c c\u00e1nh \u0111\u1ed3ng \u1edf v\u00f9ng Veneto c\u1ee7a n\u01b0\u1edbc \u00dd. Sau \u0111\u00f3, c\u00e1c tr\u00e1i nho \u0111\u01b0\u1ee3c ch\u1ebf bi\u1ebfn v\u00e0 l\u00ean men \u0111\u1ec3 s\u1ea3n xu\u1ea5t th\u00e0nh r\u01b0\u1ee3u vang. Qu\u00e1 tr\u00ecnh l\u00ean men r\u01b0\u1ee3u vang di\u1ec5n ra trong c\u00e1c th\u00f9ng g\u1ed7 s\u1ed3i \u0111\u1ec3 t\u1ea1o ra h\u01b0\u01a1ng v\u1ecb v\u00e0 m\u00e0u s\u1eafc tuy\u1ec7t v\u1eddi.<\/span><\/p>\n<ol start=\"2\">\n<li><span style=\"font-size: 120%;\">H\u01b0\u01a1ng v\u1ecb c\u1ee7a r\u01b0\u1ee3u vang Ala Rossa D Italia Premium Limited Edition<\/span><\/li>\n<\/ol>\n<p><span style=\"font-size: 120%;\">R\u01b0\u1ee3u vang Ala Rossa D Italia Premium Limited Edition c\u00f3 h\u01b0\u01a1ng v\u1ecb \u0111\u1eadm \u0111\u00e0, tinh t\u1ebf v\u00e0 th\u01a1m ngon. V\u1ecb r\u01b0\u1ee3u \u0111\u01b0\u1ee3c c\u00e2n b\u1eb1ng tuy\u1ec7t v\u1eddi v\u1edbi h\u01b0\u01a1ng th\u01a1m c\u1ee7a tr\u00e1i c\u00e2y ch\u00edn v\u00e0 h\u01b0\u01a1ng g\u1ed7 s\u1ed3i t\u1eeb th\u00f9ng ch\u1ee9a.<\/span><\/p>\n<ol start=\"3\">\n<li><span style=\"font-size: 120%;\">\u0110\u1ed9 tu\u1ed5i c\u1ee7a r\u01b0\u1ee3u vang Ala Rossa D Italia Premium Limited Edition<\/span><\/li>\n<\/ol>\n<p><span style=\"font-size: 120%;\">R\u01b0\u1ee3u vang Ala Rossa D Italia Premium Limited Edition \u0111\u01b0\u1ee3c l\u01b0u tr\u1eef trong c\u00e1c th\u00f9ng g\u1ed7 s\u1ed3i trong v\u00f2ng 18 th\u00e1ng tr\u01b0\u1edbc khi \u0111\u01b0\u1ee3c \u0111\u00f3ng chai v\u00e0 ph\u00e2n ph\u1ed1i. \u0110\u1ed9 tu\u1ed5i n\u00e0y cho ph\u00e9p r\u01b0\u1ee3u vang tr\u01b0\u1edfng th\u00e0nh v\u00e0 tr\u1edf n\u00ean tinh t\u1ebf h\u01a1n.<\/span><\/p>\n<ol start=\"4\">\n<li><span style=\"font-size: 120%;\">C\u00e1ch th\u01b0\u1edfng th\u1ee9c r\u01b0\u1ee3u vang Ala Rossa D Italia Premium Limited Edition<\/span><\/li>\n<\/ol>\n<p><span style=\"font-size: 120%;\">\u0110\u1ec3 th\u01b0\u1edfng th\u1ee9c r\u01b0\u1ee3u vang Ala Rossa D Italia Premium Limited Edition, b\u1ea1n n\u00ean s\u1eed d\u1ee5ng ly r\u01b0\u1ee3u vang th\u1ee7y tinh v\u00e0 cho r\u01b0\u1ee3u vang v\u00e0o ly \u0111\u1ec3 th\u1edf kho\u1ea3ng 15-20 ph\u00fat tr\u01b0\u1edbc khi u\u1ed1ng. R\u01b0\u1ee3u vang n\u00ean \u0111\u01b0\u1ee3c u\u1ed1ng \u1edf nhi\u1ec7t \u0111\u1ed9 ph\u00f2ng ho\u1eb7c m\u00e1t t\u00f9y theo s\u1edf th\u00edch c\u1ee7a b\u1ea1n.<\/span><\/p>\n","protected":false},"excerpt":{"rendered":"<table style=\"border-collapse: collapse; width: 100%; height: 126px;\">\n<tbody>\n<tr style=\"height: 21px;\">\n<td style=\"width: 50%; height: 21px;\">Xu\u1ea5t x\u1ee9<\/td>\n<td style=\"width: 50%; height: 21px;\">\u00dd<\/td>\n<\/tr>\n<tr style=\"height: 21px;\">\n<td style=\"width: 50%; height: 21px;\">Lo\u1ea1i vang<\/td>\n<td style=\"width: 50%; height: 21px;\">Vang \u0111\u1ecf<\/td>\n<\/tr>\n<tr style=\"height: 21px;\">\n<td style=\"width: 50%; height: 21px;\">Gi\u1ed1ng nho<\/td>\n<td style=\"width: 50%; height: 21px;\">Blend<\/td>\n<\/tr>\n<tr style=\"height: 21px;\">\n<td style=\"width: 50%; height: 21px;\">N\u1ed3ng \u0111\u1ed9<\/td>\n<td style=\"width: 50%; height: 21px;\">16%<\/td>\n<\/tr>\n<tr style=\"height: 21px;\">\n<td style=\"width: 50%; height: 21px;\">Dung t\u00edch<\/td>\n<td style=\"width: 50%; height: 21px;\">750ML<\/td>\n<\/tr>\n<tr style=\"height: 21px;\">\n<td style=\"width: 50%; height: 21px;\">Ni\u00ean v\u1ee5<\/td>\n<td style=\"width: 50%; height: 21px;\">2020<\/td>\n<\/tr>\n<tr>\n<td style=\"width: 50%;\">Th\u1eddi gian \u1ee7 s\u1ed3i<\/td>\n<td style=\"width: 50%;\">8 th\u00e1ng<\/td>\n<\/tr>\n<\/tbody>\n<\/table>\n<p>&nbsp;<\/p>\n","protected":false},"featured_media":1042,"comment_status":"closed","ping_status":"closed","template":"","meta":{"_acf_changed":false},"product_brand":[],"product_cat":[205,27,86,62,29],"product_tag":[207,206,184,155,197,153],"class_list":{"0":"post-1040","1":"product","2":"type-product","3":"status-publish","4":"has-post-thumbnail","6":"product_cat-blend","7":"product_cat-ruou-vang","8":"product_cat-ruou-vang-puglia","9":"product_cat-vang-do","10":"product_cat-vang-y","11":"product_tag-ala-rossa-d-italia-premium-limited-edition","12":"product_tag-canh-cong","13":"product_tag-ruou-vang-gia-re","14":"product_tag-ruou-vang-y","15":"product_tag-vang-do","16":"product_tag-vang-y","18":"first","19":"instock","20":"shipping-taxable","21":"product-type-simple"},"acf":[],"yoast_head":"<!-- This site is optimized with the Yoast SEO plugin v26.8 - https:\/\/yoast.com\/product\/yoast-seo-wordpress\/ -->\n<title>R\u01af\u1ee2U VANG \u00dd ALA ROSSO DITALIA PUGLIA - R.WINE<\/title>\n<meta name=\"robots\" content=\"noindex, follow\" \/>\n<meta property=\"og:locale\" content=\"vi_VN\" \/>\n<meta property=\"og:type\" content=\"article\" \/>\n<meta property=\"og:title\" content=\"R\u01af\u1ee2U VANG \u00dd ALA ROSSO DITALIA PUGLIA - R.WINE\" \/>\n<meta property=\"og:description\" content=\"Xu\u1ea5t x\u1ee9 \u00dd   Lo\u1ea1i vang Vang \u0111\u1ecf   Gi\u1ed1ng nho Blend   N\u1ed3ng \u0111\u1ed9 16%   Dung t\u00edch 750ML   Ni\u00ean v\u1ee5 2020   Th\u1eddi gian \u1ee7 s\u1ed3i 8 th\u00e1ng    &nbsp;\" \/>\n<meta property=\"og:url\" content=\"https:\/\/rwinevietnam.com\/home\/ruou-vang-y-ala-rosso-ditalia-puglia\/\" \/>\n<meta property=\"og:site_name\" content=\"R.WINE\" \/>\n<meta property=\"article:modified_time\" content=\"2023-10-06T12:54:38+00:00\" \/>\n<meta property=\"og:image\" content=\"https:\/\/rwinevietnam.com\/home\/wp-content\/uploads\/2023\/10\/365252593_227668260254904_8496030721684089999_n.jpg\" \/>\n\t<meta property=\"og:image:width\" content=\"1536\" \/>\n\t<meta property=\"og:image:height\" content=\"2048\" \/>\n\t<meta property=\"og:image:type\" content=\"image\/jpeg\" \/>\n<meta name=\"twitter:card\" content=\"summary_large_image\" \/>\n<script type=\"application\/ld+json\" class=\"yoast-schema-graph\">{\"@context\":\"https:\/\/schema.org\",\"@graph\":[{\"@type\":\"WebPage\",\"@id\":\"https:\/\/rwinevietnam.com\/home\/ruou-vang-y-ala-rosso-ditalia-puglia\/\",\"url\":\"https:\/\/rwinevietnam.com\/home\/ruou-vang-y-ala-rosso-ditalia-puglia\/\",\"name\":\"R\u01af\u1ee2U VANG \u00dd ALA ROSSO DITALIA PUGLIA - R.WINE\",\"isPartOf\":{\"@id\":\"https:\/\/rwinevietnam.com\/home\/#website\"},\"primaryImageOfPage\":{\"@id\":\"https:\/\/rwinevietnam.com\/home\/ruou-vang-y-ala-rosso-ditalia-puglia\/#primaryimage\"},\"image\":{\"@id\":\"https:\/\/rwinevietnam.com\/home\/ruou-vang-y-ala-rosso-ditalia-puglia\/#primaryimage\"},\"thumbnailUrl\":\"https:\/\/rwinevietnam.com\/home\/wp-content\/uploads\/2023\/10\/365252593_227668260254904_8496030721684089999_n.jpg\",\"datePublished\":\"2023-10-06T12:33:22+00:00\",\"dateModified\":\"2023-10-06T12:54:38+00:00\",\"breadcrumb\":{\"@id\":\"https:\/\/rwinevietnam.com\/home\/ruou-vang-y-ala-rosso-ditalia-puglia\/#breadcrumb\"},\"inLanguage\":\"vi\",\"potentialAction\":[{\"@type\":\"ReadAction\",\"target\":[\"https:\/\/rwinevietnam.com\/home\/ruou-vang-y-ala-rosso-ditalia-puglia\/\"]}]},{\"@type\":\"ImageObject\",\"inLanguage\":\"vi\",\"@id\":\"https:\/\/rwinevietnam.com\/home\/ruou-vang-y-ala-rosso-ditalia-puglia\/#primaryimage\",\"url\":\"https:\/\/rwinevietnam.com\/home\/wp-content\/uploads\/2023\/10\/365252593_227668260254904_8496030721684089999_n.jpg\",\"contentUrl\":\"https:\/\/rwinevietnam.com\/home\/wp-content\/uploads\/2023\/10\/365252593_227668260254904_8496030721684089999_n.jpg\",\"width\":1536,\"height\":2048},{\"@type\":\"BreadcrumbList\",\"@id\":\"https:\/\/rwinevietnam.com\/home\/ruou-vang-y-ala-rosso-ditalia-puglia\/#breadcrumb\",\"itemListElement\":[{\"@type\":\"ListItem\",\"position\":1,\"name\":\"Trang ch\u1ee7\",\"item\":\"https:\/\/rwinevietnam.com\/home\/\"},{\"@type\":\"ListItem\",\"position\":2,\"name\":\"S\u1ea3n ph\u1ea9m\",\"item\":\"https:\/\/rwinevietnam.com\/home\/san-pham\/\"},{\"@type\":\"ListItem\",\"position\":3,\"name\":\"R\u01af\u1ee2U VANG \u00dd ALA ROSSO DITALIA PUGLIA\"}]},{\"@type\":\"WebSite\",\"@id\":\"https:\/\/rwinevietnam.com\/home\/#website\",\"url\":\"https:\/\/rwinevietnam.com\/home\/\",\"name\":\"R.WINE\",\"description\":\"C\u00d4NG TY C\u1ed4 PH\u1ea6N XU\u1ea4T KH\u1ea8U NH\u1eacP KH\u1ea8U\",\"potentialAction\":[{\"@type\":\"SearchAction\",\"target\":{\"@type\":\"EntryPoint\",\"urlTemplate\":\"https:\/\/rwinevietnam.com\/home\/?s={search_term_string}\"},\"query-input\":{\"@type\":\"PropertyValueSpecification\",\"valueRequired\":true,\"valueName\":\"search_term_string\"}}],\"inLanguage\":\"vi\"}]}<\/script>\n<!-- \/ Yoast SEO plugin. -->","yoast_head_json":{"title":"R\u01af\u1ee2U VANG \u00dd ALA ROSSO DITALIA PUGLIA - R.WINE","robots":{"index":"noindex","follow":"follow"},"og_locale":"vi_VN","og_type":"article","og_title":"R\u01af\u1ee2U VANG \u00dd ALA ROSSO DITALIA PUGLIA - R.WINE","og_description":"Xu\u1ea5t x\u1ee9 \u00dd   Lo\u1ea1i vang Vang \u0111\u1ecf   Gi\u1ed1ng nho Blend   N\u1ed3ng \u0111\u1ed9 16%   Dung t\u00edch 750ML   Ni\u00ean v\u1ee5 2020   Th\u1eddi gian \u1ee7 s\u1ed3i 8 th\u00e1ng    &nbsp;","og_url":"https:\/\/rwinevietnam.com\/home\/ruou-vang-y-ala-rosso-ditalia-puglia\/","og_site_name":"R.WINE","article_modified_time":"2023-10-06T12:54:38+00:00","og_image":[{"width":1536,"height":2048,"url":"https:\/\/rwinevietnam.com\/home\/wp-content\/uploads\/2023\/10\/365252593_227668260254904_8496030721684089999_n.jpg","type":"image\/jpeg"}],"twitter_card":"summary_large_image","schema":{"@context":"https:\/\/schema.org","@graph":[{"@type":"WebPage","@id":"https:\/\/rwinevietnam.com\/home\/ruou-vang-y-ala-rosso-ditalia-puglia\/","url":"https:\/\/rwinevietnam.com\/home\/ruou-vang-y-ala-rosso-ditalia-puglia\/","name":"R\u01af\u1ee2U VANG \u00dd ALA ROSSO DITALIA PUGLIA - R.WINE","isPartOf":{"@id":"https:\/\/rwinevietnam.com\/home\/#website"},"primaryImageOfPage":{"@id":"https:\/\/rwinevietnam.com\/home\/ruou-vang-y-ala-rosso-ditalia-puglia\/#primaryimage"},"image":{"@id":"https:\/\/rwinevietnam.com\/home\/ruou-vang-y-ala-rosso-ditalia-puglia\/#primaryimage"},"thumbnailUrl":"https:\/\/rwinevietnam.com\/home\/wp-content\/uploads\/2023\/10\/365252593_227668260254904_8496030721684089999_n.jpg","datePublished":"2023-10-06T12:33:22+00:00","dateModified":"2023-10-06T12:54:38+00:00","breadcrumb":{"@id":"https:\/\/rwinevietnam.com\/home\/ruou-vang-y-ala-rosso-ditalia-puglia\/#breadcrumb"},"inLanguage":"vi","potentialAction":[{"@type":"ReadAction","target":["https:\/\/rwinevietnam.com\/home\/ruou-vang-y-ala-rosso-ditalia-puglia\/"]}]},{"@type":"ImageObject","inLanguage":"vi","@id":"https:\/\/rwinevietnam.com\/home\/ruou-vang-y-ala-rosso-ditalia-puglia\/#primaryimage","url":"https:\/\/rwinevietnam.com\/home\/wp-content\/uploads\/2023\/10\/365252593_227668260254904_8496030721684089999_n.jpg","contentUrl":"https:\/\/rwinevietnam.com\/home\/wp-content\/uploads\/2023\/10\/365252593_227668260254904_8496030721684089999_n.jpg","width":1536,"height":2048},{"@type":"BreadcrumbList","@id":"https:\/\/rwinevietnam.com\/home\/ruou-vang-y-ala-rosso-ditalia-puglia\/#breadcrumb","itemListElement":[{"@type":"ListItem","position":1,"name":"Trang ch\u1ee7","item":"https:\/\/rwinevietnam.com\/home\/"},{"@type":"ListItem","position":2,"name":"S\u1ea3n ph\u1ea9m","item":"https:\/\/rwinevietnam.com\/home\/san-pham\/"},{"@type":"ListItem","position":3,"name":"R\u01af\u1ee2U VANG \u00dd ALA ROSSO DITALIA PUGLIA"}]},{"@type":"WebSite","@id":"https:\/\/rwinevietnam.com\/home\/#website","url":"https:\/\/rwinevietnam.com\/home\/","name":"R.WINE","description":"C\u00d4NG TY C\u1ed4 PH\u1ea6N XU\u1ea4T KH\u1ea8U NH\u1eacP KH\u1ea8U","potentialAction":[{"@type":"SearchAction","target":{"@type":"EntryPoint","urlTemplate":"https:\/\/rwinevietnam.com\/home\/?s={search_term_string}"},"query-input":{"@type":"PropertyValueSpecification","valueRequired":true,"valueName":"search_term_string"}}],"inLanguage":"vi"}]}},"_links":{"self":[{"href":"https:\/\/rwinevietnam.com\/home\/wp-json\/wp\/v2\/product\/1040","targetHints":{"allow":["GET"]}}],"collection":[{"href":"https:\/\/rwinevietnam.com\/home\/wp-json\/wp\/v2\/product"}],"about":[{"href":"https:\/\/rwinevietnam.com\/home\/wp-json\/wp\/v2\/types\/product"}],"replies":[{"embeddable":true,"href":"https:\/\/rwinevietnam.com\/home\/wp-json\/wp\/v2\/comments?post=1040"}],"wp:featuredmedia":[{"embeddable":true,"href":"https:\/\/rwinevietnam.com\/home\/wp-json\/wp\/v2\/media\/1042"}],"wp:attachment":[{"href":"https:\/\/rwinevietnam.com\/home\/wp-json\/wp\/v2\/media?parent=1040"}],"wp:term":[{"taxonomy":"product_brand","embeddable":true,"href":"https:\/\/rwinevietnam.com\/home\/wp-json\/wp\/v2\/product_brand?post=1040"},{"taxonomy":"product_cat","embeddable":true,"href":"https:\/\/rwinevietnam.com\/home\/wp-json\/wp\/v2\/product_cat?post=1040"},{"taxonomy":"product_tag","embeddable":true,"href":"https:\/\/rwinevietnam.com\/home\/wp-json\/wp\/v2\/product_tag?post=1040"}],"curies":[{"name":"wp","href":"https:\/\/api.w.org\/{rel}","templated":true}]}}